{"id":18,"date":"2023-10-24T13:55:35","date_gmt":"2023-10-24T13:55:35","guid":{"rendered":"https:\/\/groupebrun.net\/?page_id=18"},"modified":"2024-04-16T21:07:15","modified_gmt":"2024-04-16T20:07:15","slug":"subsidiaries","status":"publish","type":"page","link":"https:\/\/groupebrun.net\/en\/subsidiaries\/","title":{"rendered":"Subsidiaries"},"content":{"rendered":"\t\t<div data-elementor-type=\"wp-page\" data-elementor-id=\"18\" class=\"elementor elementor-18\" data-elementor-settings=\"{&quot;ha_cmc_init_switcher&quot;:&quot;no&quot;}\" data-elementor-post-type=\"page\">\n\t\t\t\t<div data-particle_enable=\"false\" data-particle-mobile-disabled=\"false\" class=\"elementor-element elementor-element-883017d e-flex e-con-boxed e-con e-parent\" data-id=\"883017d\" data-element_type=\"container\" data-e-type=\"container\" data-settings=\"{&quot;background_background&quot;:&quot;classic&quot;,&quot;jet_parallax_layout_list&quot;:[],&quot;_ha_eqh_enable&quot;:false}\">\n\t\t\t\t\t<div class=\"e-con-inner\">\n\t\t<div data-particle_enable=\"false\" data-particle-mobile-disabled=\"false\" class=\"elementor-element elementor-element-669aacd e-con-full e-flex e-con e-child\" data-id=\"669aacd\" data-element_type=\"container\" data-e-type=\"container\" data-settings=\"{&quot;jet_parallax_layout_list&quot;:[],&quot;_ha_eqh_enable&quot;:false}\">\n\t\t\t\t<div class=\"elementor-element elementor-element-4732035 elementor-widget__width-initial elementor-widget elementor-widget-heading\" data-id=\"4732035\" data-element_type=\"widget\" data-e-type=\"widget\" data-widget_type=\"heading.default\">\n\t\t\t\t<div class=\"elementor-widget-container\">\n\t\t\t\t\t<h1 class=\"elementor-heading-title elementor-size-default\">Filiales<\/h1>\t\t\t\t<\/div>\n\t\t\t\t<\/div>\n\t\t\t\t<div class=\"elementor-element elementor-element-7f8b82b elementor-widget__width-initial elementor-widget elementor-widget-heading\" data-id=\"7f8b82b\" data-element_type=\"widget\" data-e-type=\"widget\" data-widget_type=\"heading.default\">\n\t\t\t\t<div class=\"elementor-widget-container\">\n\t\t\t\t\t<p class=\"elementor-heading-title elementor-size-default\">Autonomes mais \u00e9troitement li\u00e9es par leurs valeurs et leur savoir-faire, toutes nos filiales ont conserv\u00e9 leur nom d\u2019origine. Un choix assum\u00e9 suite \u00e0 leur rachat afin de conserver notori\u00e9t\u00e9 locale et identit\u00e9.<\/p>\t\t\t\t<\/div>\n\t\t\t\t<\/div>\n\t\t\t\t<\/div>\n\t\t\t\t\t<\/div>\n\t\t\t\t<\/div>\n\t\t<div data-particle_enable=\"false\" data-particle-mobile-disabled=\"false\" class=\"elementor-element elementor-element-9f55230 e-con-full e-flex e-con e-parent\" data-id=\"9f55230\" data-element_type=\"container\" data-e-type=\"container\" data-settings=\"{&quot;jet_parallax_layout_list&quot;:[],&quot;_ha_eqh_enable&quot;:false}\">\n\t\t\t\t<div class=\"elementor-element elementor-element-de0737b ha-advanced-tooltip-top eael_liquid_glass-effect1 eael_liquid_glass_shadow-effect1 ha-has-bg-overlay elementor-hidden-mobile elementor-widget elementor-widget-jet-engine-maps-listing\" data-id=\"de0737b\" data-element_type=\"widget\" data-e-type=\"widget\" data-widget_type=\"jet-engine-maps-listing.default\">\n\t\t\t\t<div class=\"elementor-widget-container\">\n\t\t\t\t\t<div class=\"jet-map-listing jet-listing-grid--3922 popup-has-pin google-provider\" data-init=\"{&quot;zoomControl&quot;:true,&quot;fullscreenControl&quot;:true,&quot;streetViewControl&quot;:true,&quot;mapTypeControl&quot;:true}\" data-markers=\"[{&quot;id&quot;:5485,&quot;latLang&quot;:{&quot;lat&quot;:&quot;48.5790002&quot;,&quot;lng&quot;:&quot;7.7972745&quot;},&quot;label&quot;:false,&quot;custom_marker&quot;:false,&quot;geo_query_distance&quot;:-1},{&quot;id&quot;:4848,&quot;latLang&quot;:{&quot;lat&quot;:&quot;49.0112&quot;,&quot;lng&quot;:&quot;1.6368&quot;},&quot;label&quot;:false,&quot;custom_marker&quot;:false,&quot;geo_query_distance&quot;:-1},{&quot;id&quot;:4842,&quot;latLang&quot;:{&quot;lat&quot;:&quot;49.4348505&quot;,&quot;lng&quot;:&quot;1.0479995&quot;},&quot;label&quot;:false,&quot;custom_marker&quot;:false,&quot;geo_query_distance&quot;:-1},{&quot;id&quot;:4840,&quot;latLang&quot;:{&quot;lat&quot;:&quot;47.80291748046875&quot;,&quot;lng&quot;:&quot;7.13255500793457&quot;},&quot;label&quot;:false,&quot;custom_marker&quot;:false,&quot;geo_query_distance&quot;:-1},{&quot;id&quot;:4168,&quot;latLang&quot;:{&quot;lat&quot;:&quot;47.80297563769551&quot;,&quot;lng&quot;:&quot;7.132276464188383&quot;},&quot;label&quot;:false,&quot;custom_marker&quot;:false,&quot;geo_query_distance&quot;:-1},{&quot;id&quot;:3882,&quot;latLang&quot;:{&quot;lat&quot;:&quot;45.6994514465332&quot;,&quot;lng&quot;:&quot;4.7666916847229&quot;},&quot;label&quot;:false,&quot;custom_marker&quot;:false,&quot;geo_query_distance&quot;:-1},{&quot;id&quot;:3881,&quot;latLang&quot;:{&quot;lat&quot;:&quot;49.505&quot;,&quot;lng&quot;:&quot;0.2357&quot;},&quot;label&quot;:false,&quot;custom_marker&quot;:false,&quot;geo_query_distance&quot;:-1},{&quot;id&quot;:3880,&quot;latLang&quot;:{&quot;lat&quot;:&quot;43.7932&quot;,&quot;lng&quot;:&quot;7.2329&quot;},&quot;label&quot;:false,&quot;custom_marker&quot;:false,&quot;geo_query_distance&quot;:-1},{&quot;id&quot;:3879,&quot;latLang&quot;:{&quot;lat&quot;:&quot;50.89628982543945&quot;,&quot;lng&quot;:&quot;4.441858768463135&quot;},&quot;label&quot;:false,&quot;custom_marker&quot;:false,&quot;geo_query_distance&quot;:-1},{&quot;id&quot;:3870,&quot;latLang&quot;:{&quot;lat&quot;:&quot;43.3992439&quot;,&quot;lng&quot;:&quot;5.0394993&quot;},&quot;label&quot;:false,&quot;custom_marker&quot;:false,&quot;geo_query_distance&quot;:-1},{&quot;id&quot;:3869,&quot;latLang&quot;:{&quot;lat&quot;:&quot;48.6364&quot;,&quot;lng&quot;:&quot;2.7681&quot;},&quot;label&quot;:false,&quot;custom_marker&quot;:false,&quot;geo_query_distance&quot;:-1},{&quot;id&quot;:3868,&quot;latLang&quot;:{&quot;lat&quot;:&quot;45.1575148&quot;,&quot;lng&quot;:&quot;5.7529498&quot;},&quot;label&quot;:false,&quot;custom_marker&quot;:false,&quot;geo_query_distance&quot;:-1},{&quot;id&quot;:3867,&quot;latLang&quot;:{&quot;lat&quot;:&quot;51.03788460461832&quot;,&quot;lng&quot;:&quot;2.3472334358971203&quot;},&quot;label&quot;:false,&quot;custom_marker&quot;:false,&quot;geo_query_distance&quot;:-1},{&quot;id&quot;:3865,&quot;latLang&quot;:{&quot;lat&quot;:&quot;47.1403179&quot;,&quot;lng&quot;:&quot;-1.5245577&quot;},&quot;label&quot;:false,&quot;custom_marker&quot;:false,&quot;geo_query_distance&quot;:-1},{&quot;id&quot;:3864,&quot;latLang&quot;:{&quot;lat&quot;:&quot;43.5329004&quot;,&quot;lng&quot;:&quot;1.3741627&quot;},&quot;label&quot;:false,&quot;custom_marker&quot;:false,&quot;geo_query_distance&quot;:-1},{&quot;id&quot;:3863,&quot;latLang&quot;:{&quot;lat&quot;:&quot;45.158796&quot;,&quot;lng&quot;:&quot;5.7537487&quot;},&quot;label&quot;:false,&quot;custom_marker&quot;:false,&quot;geo_query_distance&quot;:-1},{&quot;id&quot;:3862,&quot;latLang&quot;:{&quot;lat&quot;:&quot;47.8032038&quot;,&quot;lng&quot;:&quot;7.1398688&quot;},&quot;label&quot;:false,&quot;custom_marker&quot;:false,&quot;geo_query_distance&quot;:-1},{&quot;id&quot;:3861,&quot;latLang&quot;:{&quot;lat&quot;:&quot;47.80347&quot;,&quot;lng&quot;:&quot;7.12068&quot;},&quot;label&quot;:false,&quot;custom_marker&quot;:false,&quot;geo_query_distance&quot;:-1},{&quot;id&quot;:3847,&quot;latLang&quot;:{&quot;lat&quot;:&quot;49.52110290527344&quot;,&quot;lng&quot;:&quot;2.821341037750244&quot;},&quot;label&quot;:false,&quot;custom_marker&quot;:false,&quot;geo_query_distance&quot;:-1},{&quot;id&quot;:3848,&quot;latLang&quot;:{&quot;lat&quot;:&quot;49.204991&quot;,&quot;lng&quot;:&quot;6.1875908&quot;},&quot;label&quot;:false,&quot;custom_marker&quot;:false,&quot;geo_query_distance&quot;:-1},{&quot;id&quot;:3846,&quot;latLang&quot;:{&quot;lat&quot;:&quot;51.0377727&quot;,&quot;lng&quot;:&quot;2.3464698&quot;},&quot;label&quot;:false,&quot;custom_marker&quot;:false,&quot;geo_query_distance&quot;:-1},{&quot;id&quot;:3845,&quot;latLang&quot;:{&quot;lat&quot;:&quot;45.2726&quot;,&quot;lng&quot;:&quot;4.8879&quot;},&quot;label&quot;:false,&quot;custom_marker&quot;:false,&quot;geo_query_distance&quot;:-1},{&quot;id&quot;:3844,&quot;latLang&quot;:{&quot;lat&quot;:&quot;48.676&quot;,&quot;lng&quot;:&quot;7.8547&quot;},&quot;label&quot;:false,&quot;custom_marker&quot;:false,&quot;geo_query_distance&quot;:-1},{&quot;id&quot;:3841,&quot;latLang&quot;:{&quot;lat&quot;:&quot;43.4380714&quot;,&quot;lng&quot;:&quot;4.945595&quot;},&quot;label&quot;:false,&quot;custom_marker&quot;:false,&quot;geo_query_distance&quot;:-1},{&quot;id&quot;:3842,&quot;latLang&quot;:{&quot;lat&quot;:&quot;49.845319&quot;,&quot;lng&quot;:&quot;3.288942&quot;},&quot;label&quot;:false,&quot;custom_marker&quot;:false,&quot;geo_query_distance&quot;:-1},{&quot;id&quot;:3843,&quot;latLang&quot;:{&quot;lat&quot;:&quot;44.9237901&quot;,&quot;lng&quot;:&quot;-0.4608787&quot;},&quot;label&quot;:false,&quot;custom_marker&quot;:false,&quot;geo_query_distance&quot;:-1}]\" data-general=\"{&quot;api&quot;:&quot;https:\\\/\\\/groupebrun.net\\\/en\\\/wp-json\\\/jet-engine\\\/v2\\\/get-map-marker-info\\\/&quot;,&quot;restNonce&quot;:&quot;5c37f362e0&quot;,&quot;listingID&quot;:3922,&quot;source&quot;:&quot;posts&quot;,&quot;width&quot;:600,&quot;offset&quot;:50,&quot;clustererImg&quot;:&quot;https:\\\/\\\/groupebrun.net\\\/wp-content\\\/plugins\\\/jet-engine\\\/includes\\\/modules\\\/maps-listings\\\/assets\\\/lib\\\/markerclustererplus\\\/img\\\/m&quot;,&quot;marker&quot;:{&quot;type&quot;:&quot;icon&quot;,&quot;html&quot;:&quot;&lt;i class=\\&quot;jet-map-marker jet-map-marker-default apply-fill fas fa-map-marker-alt\\&quot; aria-hidden=\\&quot;true\\&quot;&gt;&lt;\\\/i&gt;&quot;},&quot;autoCenter&quot;:true,&quot;maxZoom&quot;:false,&quot;minZoom&quot;:false,&quot;customCenter&quot;:false,&quot;customZoom&quot;:11,&quot;popupPreloader&quot;:false,&quot;querySeparator&quot;:&quot;?&quot;,&quot;markerClustering&quot;:true,&quot;clusterMaxZoom&quot;:&quot;&quot;,&quot;clusterRadius&quot;:&quot;&quot;,&quot;popupOpenOn&quot;:&quot;click&quot;,&quot;centeringOnOpen&quot;:true,&quot;zoomOnOpen&quot;:false,&quot;advanced&quot;:{&quot;zoom_control&quot;:&quot;auto&quot;},&quot;user_location_enabled&quot;:false,&quot;user_location_marker&quot;:false,&quot;user_location_label&quot;:&quot;&quot;}\" data-listing-source=\"posts\" data-queried-id=\"18|WP_Post\"><\/div>\t\t\t\t<\/div>\n\t\t\t\t<\/div>\n\t\t\t\t<div class=\"elementor-element elementor-element-8cc7942 ha-advanced-tooltip-top eael_liquid_glass-effect1 eael_liquid_glass_shadow-effect1 ha-has-bg-overlay elementor-hidden-desktop elementor-hidden-tablet elementor-widget elementor-widget-jet-engine-maps-listing\" data-id=\"8cc7942\" data-element_type=\"widget\" data-e-type=\"widget\" data-widget_type=\"jet-engine-maps-listing.default\">\n\t\t\t\t<div class=\"elementor-widget-container\">\n\t\t\t\t\t<div class=\"jet-map-listing jet-listing-grid--4711 popup-has-pin google-provider\" data-init=\"{&quot;zoomControl&quot;:true,&quot;fullscreenControl&quot;:false,&quot;streetViewControl&quot;:false,&quot;mapTypeControl&quot;:false}\" data-markers=\"[{&quot;id&quot;:5485,&quot;latLang&quot;:{&quot;lat&quot;:&quot;48.583958&quot;,&quot;lng&quot;:&quot;7.7964231&quot;},&quot;label&quot;:false,&quot;custom_marker&quot;:false,&quot;geo_query_distance&quot;:-1},{&quot;id&quot;:4848,&quot;latLang&quot;:{&quot;lat&quot;:&quot;48.9959782&quot;,&quot;lng&quot;:&quot;1.7517817&quot;},&quot;label&quot;:false,&quot;custom_marker&quot;:false,&quot;geo_query_distance&quot;:-1},{&quot;id&quot;:4842,&quot;latLang&quot;:{&quot;lat&quot;:&quot;49.4334844&quot;,&quot;lng&quot;:&quot;1.0424525&quot;},&quot;label&quot;:false,&quot;custom_marker&quot;:false,&quot;geo_query_distance&quot;:-1},{&quot;id&quot;:4840,&quot;latLang&quot;:{&quot;lat&quot;:&quot;47.8048382&quot;,&quot;lng&quot;:&quot;7.1342916&quot;},&quot;label&quot;:false,&quot;custom_marker&quot;:false,&quot;geo_query_distance&quot;:-1},{&quot;id&quot;:4168,&quot;latLang&quot;:{&quot;lat&quot;:&quot;47.8048382&quot;,&quot;lng&quot;:&quot;7.1342916&quot;},&quot;label&quot;:false,&quot;custom_marker&quot;:false,&quot;geo_query_distance&quot;:-1},{&quot;id&quot;:3882,&quot;latLang&quot;:{&quot;lat&quot;:&quot;45.7080862&quot;,&quot;lng&quot;:&quot;4.7709518&quot;},&quot;label&quot;:false,&quot;custom_marker&quot;:false,&quot;geo_query_distance&quot;:-1},{&quot;id&quot;:3881,&quot;latLang&quot;:{&quot;lat&quot;:&quot;49.4843198&quot;,&quot;lng&quot;:&quot;0.2190306&quot;},&quot;label&quot;:false,&quot;custom_marker&quot;:false,&quot;geo_query_distance&quot;:-1},{&quot;id&quot;:3880,&quot;latLang&quot;:{&quot;lat&quot;:&quot;43.844114&quot;,&quot;lng&quot;:&quot;7.198554&quot;},&quot;label&quot;:false,&quot;custom_marker&quot;:false,&quot;geo_query_distance&quot;:-1},{&quot;id&quot;:3879,&quot;latLang&quot;:{&quot;lat&quot;:&quot;50.8966063&quot;,&quot;lng&quot;:&quot;4.4418425&quot;},&quot;label&quot;:false,&quot;custom_marker&quot;:false,&quot;geo_query_distance&quot;:-1},{&quot;id&quot;:3870,&quot;latLang&quot;:{&quot;lat&quot;:&quot;43.3981933&quot;,&quot;lng&quot;:&quot;5.0362515&quot;},&quot;label&quot;:false,&quot;custom_marker&quot;:false,&quot;geo_query_distance&quot;:-1},{&quot;id&quot;:3869,&quot;latLang&quot;:{&quot;lat&quot;:&quot;48.6556058&quot;,&quot;lng&quot;:&quot;2.7718059&quot;},&quot;label&quot;:false,&quot;custom_marker&quot;:false,&quot;geo_query_distance&quot;:-1},{&quot;id&quot;:3868,&quot;latLang&quot;:{&quot;lat&quot;:&quot;45.1556208&quot;,&quot;lng&quot;:&quot;5.7492376&quot;},&quot;label&quot;:false,&quot;custom_marker&quot;:false,&quot;geo_query_distance&quot;:-1},{&quot;id&quot;:3867,&quot;latLang&quot;:{&quot;lat&quot;:&quot;51.0377582&quot;,&quot;lng&quot;:&quot;2.3469512&quot;},&quot;label&quot;:false,&quot;custom_marker&quot;:false,&quot;geo_query_distance&quot;:-1},{&quot;id&quot;:3865,&quot;latLang&quot;:{&quot;lat&quot;:&quot;47.140332&quot;,&quot;lng&quot;:&quot;-1.5243469&quot;},&quot;label&quot;:false,&quot;custom_marker&quot;:false,&quot;geo_query_distance&quot;:-1},{&quot;id&quot;:3864,&quot;latLang&quot;:{&quot;lat&quot;:&quot;43.5307903&quot;,&quot;lng&quot;:&quot;1.3728912&quot;},&quot;label&quot;:false,&quot;custom_marker&quot;:false,&quot;geo_query_distance&quot;:-1},{&quot;id&quot;:3863,&quot;latLang&quot;:{&quot;lat&quot;:&quot;45.1556208&quot;,&quot;lng&quot;:&quot;5.7492376&quot;},&quot;label&quot;:false,&quot;custom_marker&quot;:false,&quot;geo_query_distance&quot;:-1},{&quot;id&quot;:3862,&quot;latLang&quot;:{&quot;lat&quot;:&quot;47.8007851&quot;,&quot;lng&quot;:&quot;7.1401884&quot;},&quot;label&quot;:false,&quot;custom_marker&quot;:false,&quot;geo_query_distance&quot;:-1},{&quot;id&quot;:3861,&quot;latLang&quot;:{&quot;lat&quot;:&quot;47.8048382&quot;,&quot;lng&quot;:&quot;7.1342916&quot;},&quot;label&quot;:false,&quot;custom_marker&quot;:false,&quot;geo_query_distance&quot;:-1},{&quot;id&quot;:3847,&quot;latLang&quot;:{&quot;lat&quot;:&quot;49.5236833&quot;,&quot;lng&quot;:&quot;2.818995&quot;},&quot;label&quot;:false,&quot;custom_marker&quot;:false,&quot;geo_query_distance&quot;:-1},{&quot;id&quot;:3848,&quot;latLang&quot;:{&quot;lat&quot;:&quot;49.2030966&quot;,&quot;lng&quot;:&quot;6.1905347&quot;},&quot;label&quot;:false,&quot;custom_marker&quot;:false,&quot;geo_query_distance&quot;:-1},{&quot;id&quot;:3846,&quot;latLang&quot;:{&quot;lat&quot;:&quot;51.0377582&quot;,&quot;lng&quot;:&quot;2.3469512&quot;},&quot;label&quot;:false,&quot;custom_marker&quot;:false,&quot;geo_query_distance&quot;:-1},{&quot;id&quot;:3845,&quot;latLang&quot;:{&quot;lat&quot;:&quot;45.2812348&quot;,&quot;lng&quot;:&quot;4.8269312&quot;},&quot;label&quot;:false,&quot;custom_marker&quot;:false,&quot;geo_query_distance&quot;:-1},{&quot;id&quot;:3844,&quot;latLang&quot;:{&quot;lat&quot;:&quot;48.680368&quot;,&quot;lng&quot;:&quot;7.8381141&quot;},&quot;label&quot;:false,&quot;custom_marker&quot;:false,&quot;geo_query_distance&quot;:-1},{&quot;id&quot;:3841,&quot;latLang&quot;:{&quot;lat&quot;:&quot;43.4809831&quot;,&quot;lng&quot;:&quot;4.9265786&quot;},&quot;label&quot;:false,&quot;custom_marker&quot;:false,&quot;geo_query_distance&quot;:-1},{&quot;id&quot;:3842,&quot;latLang&quot;:{&quot;lat&quot;:&quot;49.8301454&quot;,&quot;lng&quot;:&quot;3.3035097&quot;},&quot;label&quot;:false,&quot;custom_marker&quot;:false,&quot;geo_query_distance&quot;:-1},{&quot;id&quot;:3843,&quot;latLang&quot;:{&quot;lat&quot;:&quot;44.9230118&quot;,&quot;lng&quot;:&quot;-0.4634321&quot;},&quot;label&quot;:false,&quot;custom_marker&quot;:false,&quot;geo_query_distance&quot;:-1}]\" data-general=\"{&quot;api&quot;:&quot;https:\\\/\\\/groupebrun.net\\\/en\\\/wp-json\\\/jet-engine\\\/v2\\\/get-map-marker-info\\\/&quot;,&quot;restNonce&quot;:&quot;5c37f362e0&quot;,&quot;listingID&quot;:4711,&quot;source&quot;:&quot;posts&quot;,&quot;width&quot;:300,&quot;offset&quot;:50,&quot;clustererImg&quot;:&quot;https:\\\/\\\/groupebrun.net\\\/wp-content\\\/plugins\\\/jet-engine\\\/includes\\\/modules\\\/maps-listings\\\/assets\\\/lib\\\/markerclustererplus\\\/img\\\/m&quot;,&quot;marker&quot;:{&quot;type&quot;:&quot;icon&quot;,&quot;html&quot;:&quot;&lt;i class=\\&quot;jet-map-marker jet-map-marker-default apply-fill fas fa-map-marker-alt\\&quot; aria-hidden=\\&quot;true\\&quot;&gt;&lt;\\\/i&gt;&quot;},&quot;autoCenter&quot;:true,&quot;maxZoom&quot;:false,&quot;minZoom&quot;:false,&quot;customCenter&quot;:false,&quot;customZoom&quot;:11,&quot;popupPreloader&quot;:false,&quot;querySeparator&quot;:&quot;?&quot;,&quot;markerClustering&quot;:true,&quot;clusterMaxZoom&quot;:&quot;&quot;,&quot;clusterRadius&quot;:&quot;&quot;,&quot;popupOpenOn&quot;:&quot;click&quot;,&quot;centeringOnOpen&quot;:true,&quot;zoomOnOpen&quot;:false,&quot;advanced&quot;:{&quot;zoom_control&quot;:&quot;auto&quot;},&quot;user_location_enabled&quot;:false,&quot;user_location_marker&quot;:false,&quot;user_location_label&quot;:&quot;&quot;}\" data-listing-source=\"posts\" data-queried-id=\"18|WP_Post\"><\/div>\t\t\t\t<\/div>\n\t\t\t\t<\/div>\n\t\t\t\t<\/div>\n\t\t\t\t<\/div>\n\t\t","protected":false},"excerpt":{"rendered":"<p>As autonomous subsidiaries, but closely linked by their values and expertise, all our subsidiaries have kept their original names. This was a conscious decision following their takeover, in order to preserve their local reputation and identity.<\/p>","protected":false},"author":1,"featured_media":0,"parent":0,"menu_order":0,"comment_status":"closed","ping_status":"closed","template":"elementor_header_footer","meta":{"footnotes":""},"class_list":["post-18","page","type-page","status-publish","hentry"],"yoast_head":"<!-- This site is optimized with the Yoast SEO plugin v27.3 - https:\/\/yoast.com\/product\/yoast-seo-wordpress\/ -->\n<title>Filiales - Groupe Brun<\/title>\n<meta name=\"robots\" content=\"index, follow, max-snippet:-1, max-image-preview:large, max-video-preview:-1\" \/>\n<link rel=\"canonical\" href=\"https:\/\/groupebrun.net\/en\/subsidiaries\/\" \/>\n<meta property=\"og:locale\" content=\"en_GB\" \/>\n<meta property=\"og:type\" content=\"article\" \/>\n<meta property=\"og:title\" content=\"Filiales - Groupe Brun\" \/>\n<meta property=\"og:description\" content=\"Filiales Autonomes mais \u00e9troitement li\u00e9es par leurs valeurs et leur savoir-faire, toutes nos filiales ont conserv\u00e9 leur nom d\u2019origine. Un choix assum\u00e9 suite \u00e0 leur rachat afin de conserver notori\u00e9t\u00e9 locale et identit\u00e9.\" \/>\n<meta property=\"og:url\" content=\"https:\/\/groupebrun.net\/en\/subsidiaries\/\" \/>\n<meta property=\"og:site_name\" content=\"Groupe Brun\" \/>\n<meta property=\"article:modified_time\" content=\"2024-04-16T20:07:15+00:00\" \/>\n<meta name=\"twitter:card\" content=\"summary_large_image\" \/>\n<meta name=\"twitter:label1\" content=\"Estimated reading time\" \/>\n\t<meta name=\"twitter:data1\" content=\"1 minute\" \/>\n<script type=\"application\/ld+json\" class=\"yoast-schema-graph\">{\"@context\":\"https:\\\/\\\/schema.org\",\"@graph\":[{\"@type\":\"WebPage\",\"@id\":\"https:\\\/\\\/groupebrun.net\\\/filiales\\\/\",\"url\":\"https:\\\/\\\/groupebrun.net\\\/filiales\\\/\",\"name\":\"Filiales - Groupe Brun\",\"isPartOf\":{\"@id\":\"https:\\\/\\\/groupebrun.net\\\/#website\"},\"datePublished\":\"2023-10-24T13:55:35+00:00\",\"dateModified\":\"2024-04-16T20:07:15+00:00\",\"breadcrumb\":{\"@id\":\"https:\\\/\\\/groupebrun.net\\\/filiales\\\/#breadcrumb\"},\"inLanguage\":\"en-GB\",\"potentialAction\":[{\"@type\":\"ReadAction\",\"target\":[\"https:\\\/\\\/groupebrun.net\\\/filiales\\\/\"]}]},{\"@type\":\"BreadcrumbList\",\"@id\":\"https:\\\/\\\/groupebrun.net\\\/filiales\\\/#breadcrumb\",\"itemListElement\":[{\"@type\":\"ListItem\",\"position\":1,\"name\":\"Accueil\",\"item\":\"https:\\\/\\\/groupebrun.net\\\/\"},{\"@type\":\"ListItem\",\"position\":2,\"name\":\"Filiales\"}]},{\"@type\":\"WebSite\",\"@id\":\"https:\\\/\\\/groupebrun.net\\\/#website\",\"url\":\"https:\\\/\\\/groupebrun.net\\\/\",\"name\":\"Groupe Brun\",\"description\":\"\",\"potentialAction\":[{\"@type\":\"SearchAction\",\"target\":{\"@type\":\"EntryPoint\",\"urlTemplate\":\"https:\\\/\\\/groupebrun.net\\\/?s={search_term_string}\"},\"query-input\":{\"@type\":\"PropertyValueSpecification\",\"valueRequired\":true,\"valueName\":\"search_term_string\"}}],\"inLanguage\":\"en-GB\"}]}<\/script>\n<!-- \/ Yoast SEO plugin. -->","yoast_head_json":{"title":"Subsidiaries - Groupe Brun","robots":{"index":"index","follow":"follow","max-snippet":"max-snippet:-1","max-image-preview":"max-image-preview:large","max-video-preview":"max-video-preview:-1"},"canonical":"https:\/\/groupebrun.net\/en\/subsidiaries\/","og_locale":"en_GB","og_type":"article","og_title":"Filiales - Groupe Brun","og_description":"Filiales Autonomes mais \u00e9troitement li\u00e9es par leurs valeurs et leur savoir-faire, toutes nos filiales ont conserv\u00e9 leur nom d\u2019origine. Un choix assum\u00e9 suite \u00e0 leur rachat afin de conserver notori\u00e9t\u00e9 locale et identit\u00e9.","og_url":"https:\/\/groupebrun.net\/en\/subsidiaries\/","og_site_name":"Groupe Brun","article_modified_time":"2024-04-16T20:07:15+00:00","twitter_card":"summary_large_image","twitter_misc":{"Estimated reading time":"1 minute"},"schema":{"@context":"https:\/\/schema.org","@graph":[{"@type":"WebPage","@id":"https:\/\/groupebrun.net\/filiales\/","url":"https:\/\/groupebrun.net\/filiales\/","name":"Subsidiaries - Groupe Brun","isPartOf":{"@id":"https:\/\/groupebrun.net\/#website"},"datePublished":"2023-10-24T13:55:35+00:00","dateModified":"2024-04-16T20:07:15+00:00","breadcrumb":{"@id":"https:\/\/groupebrun.net\/filiales\/#breadcrumb"},"inLanguage":"en-GB","potentialAction":[{"@type":"ReadAction","target":["https:\/\/groupebrun.net\/filiales\/"]}]},{"@type":"BreadcrumbList","@id":"https:\/\/groupebrun.net\/filiales\/#breadcrumb","itemListElement":[{"@type":"ListItem","position":1,"name":"Accueil","item":"https:\/\/groupebrun.net\/"},{"@type":"ListItem","position":2,"name":"Filiales"}]},{"@type":"WebSite","@id":"https:\/\/groupebrun.net\/#website","url":"https:\/\/groupebrun.net\/","name":"Brun Group","description":"","potentialAction":[{"@type":"SearchAction","target":{"@type":"EntryPoint","urlTemplate":"https:\/\/groupebrun.net\/?s={search_term_string}"},"query-input":{"@type":"PropertyValueSpecification","valueRequired":true,"valueName":"search_term_string"}}],"inLanguage":"en-GB"}]}},"_links":{"self":[{"href":"https:\/\/groupebrun.net\/en\/wp-json\/wp\/v2\/pages\/18","targetHints":{"allow":["GET"]}}],"collection":[{"href":"https:\/\/groupebrun.net\/en\/wp-json\/wp\/v2\/pages"}],"about":[{"href":"https:\/\/groupebrun.net\/en\/wp-json\/wp\/v2\/types\/page"}],"author":[{"embeddable":true,"href":"https:\/\/groupebrun.net\/en\/wp-json\/wp\/v2\/users\/1"}],"replies":[{"embeddable":true,"href":"https:\/\/groupebrun.net\/en\/wp-json\/wp\/v2\/comments?post=18"}],"version-history":[{"count":91,"href":"https:\/\/groupebrun.net\/en\/wp-json\/wp\/v2\/pages\/18\/revisions"}],"predecessor-version":[{"id":4971,"href":"https:\/\/groupebrun.net\/en\/wp-json\/wp\/v2\/pages\/18\/revisions\/4971"}],"wp:attachment":[{"href":"https:\/\/groupebrun.net\/en\/wp-json\/wp\/v2\/media?parent=18"}],"curies":[{"name":"wp","href":"https:\/\/api.w.org\/{rel}","templated":true}]}}