{"id":205,"date":"2023-10-28T20:15:00","date_gmt":"2023-10-28T20:15:00","guid":{"rendered":"https:\/\/groupebrun.net\/?page_id=205"},"modified":"2024-05-02T10:44:18","modified_gmt":"2024-05-02T09:44:18","slug":"legal-information","status":"publish","type":"page","link":"https:\/\/groupebrun.net\/en\/legal-information\/","title":{"rendered":"Legal information"},"content":{"rendered":"<div data-elementor-type=\"wp-page\" data-elementor-id=\"205\" class=\"elementor elementor-205\" data-elementor-settings=\"{&quot;ha_cmc_init_switcher&quot;:&quot;no&quot;}\" data-elementor-post-type=\"page\">\n\t\t\t\t<div data-particle_enable=\"false\" data-particle-mobile-disabled=\"false\" class=\"elementor-element elementor-element-f7307d8 e-flex e-con-boxed e-con e-parent\" data-id=\"f7307d8\" data-element_type=\"container\" data-e-type=\"container\" data-settings=\"{&quot;jet_parallax_layout_list&quot;:[],&quot;_ha_eqh_enable&quot;:false}\">\n\t\t\t\t\t<div class=\"e-con-inner\">\n\t\t\t\t<div class=\"elementor-element elementor-element-02597f7 elementor-widget elementor-widget-heading\" data-id=\"02597f7\" data-element_type=\"widget\" data-e-type=\"widget\" data-widget_type=\"heading.default\">\n\t\t\t\t<div class=\"elementor-widget-container\">\n\t\t\t\t\t<h1 class=\"elementor-heading-title elementor-size-default\">Legal information<\/h1>\t\t\t\t<\/div>\n\t\t\t\t<\/div>\n\t\t\t\t<div class=\"elementor-element elementor-element-b5d3349 elementor-widget elementor-widget-text-editor\" data-id=\"b5d3349\" data-element_type=\"widget\" data-e-type=\"widget\" data-widget_type=\"text-editor.default\">\n\t\t\t\t<div class=\"elementor-widget-container\">\n\t\t\t\t\t\t\t\t\t<p>In accordance with Articles 6-III and 19 of Law No. 2004-575 of 21 June 2004 on Confidence in the Digital Economy (L.C.E.N.), we inform users and visitors to the BRUN INVEST SAS website of the following information:<\/p><p><strong>PUBLISHER<\/strong><\/p><p>The site is the exclusive property of BRUN INVEST SAS, a simplified joint stock company.<\/p><p>Address: 9 Rue Roland Garros, 38320 Eybens, France<br \/>Telephone: 04 76 62 67 00<br \/>Email : <a target=\"_new\">rgpd@brun-invest.net<\/a><br \/>Registration: RCS under number 054 502 166 000 25<br \/>Share capital: \u20ac2,210,906.14<br \/>Intracommunity VAT number: FR 12 054 502 166<br \/>Publication manager: Lionel RADENNE<br \/>Contact for the person responsible for the publication : <a target=\"_new\">rgpd@brun-invest.net<\/a><\/p><p><strong>ACCOMMODATION<\/strong><\/p><p>This site is hosted by OVH.<\/p><p>Address: 2 rue Kellermann, 59100 Roubaix, France<\/p><p>Telephone: 1007 (single number free of charge from a landline, otherwise the price of a local call from a mobile phone)<\/p><p>Email : <a target=\"_new\">support@ovh.com<\/a><\/p><p>OVH is a simplified joint stock company with capital of \u20ac10,174,560, registered with the Lille M\u00e9tropole Trade and Companies Register under number 424 761 419 00045, with its registered office at 2 rue Kellermann, 59100 Roubaix, France.<\/p><p>Intracommunity VAT number: FR 22 424 761 419<\/p><p><strong>DESCRIPTION OF SERVICES PROVIDED<\/strong><\/p><p>The BRUN INVEST SAS website is intended to provide information on the company's activities. While every effort is made to ensure that the information is accurate and up-to-date, the company cannot be held responsible for any errors or omissions. The information is indicative, non-exhaustive and subject to change.<\/p><p><strong>INTELLECTUAL PROPERTY AND COUNTERFEITING<\/strong><\/p><p>BRUN INVEST SAS holds the intellectual property rights or rights of use on all elements accessible on the site. Any reproduction, modification or adaptation without prior authorisation is prohibited. For authorisation, please contact <a target=\"_new\">rgpd@brun-invest.net<\/a>.<\/p><p><strong>HYPERTEXT LINKS AND COOKIES<\/strong><\/p><p>The site may include links to other sites, established with the authorisation of BRUN INVEST SAS. The company is not responsible for the content of third-party sites. Cookies may be installed on your computer when you visit our site, making browsing easier and enabling us to measure traffic.<\/p><p><strong>PROTECTION OF PERSONAL DATA<\/strong><\/p><p>In accordance with French legislation and the European Directive, we collect personal data with your explicit consent. You have the right to access, rectify, delete and object to your personal data. To exercise these rights, send a request to <a target=\"_new\">rgpd@brun-invest.net<\/a>.<\/p><p>The site complies with the RGPD.<\/p><p>Databases are protected by the law of 1 July 1998 and directive 96\/9 of 11 March 1996.<\/p>\t\t\t\t\t\t\t\t<\/div>\n\t\t\t\t<\/div>\n\t\t\t\t\t<\/div>\n\t\t\t\t<\/div>\n\t\t\t\t<\/div>","protected":false},"excerpt":{"rendered":"<p>Conform\u00e9ment aux articles 6-III et 19 de la Loi n\u00b0 2004-575 du 21 juin 2004 pour la Confiance dans l\u2019\u00e9conomie num\u00e9rique (L.C.E.N.), nous informons les utilisateurs et visiteurs du site de BRUN INVEST SAS des informations suivantes : \u00c9DITEUR Le site est la propri\u00e9t\u00e9 exclusive de BRUN INVEST SAS, soci\u00e9t\u00e9 par actions simplifi\u00e9e. Adresse : [&hellip;]<\/p>\n","protected":false},"author":1,"featured_media":0,"parent":0,"menu_order":0,"comment_status":"closed","ping_status":"closed","template":"elementor_header_footer","meta":{"footnotes":""},"class_list":["post-205","page","type-page","status-publish","hentry"],"yoast_head":"<!-- This site is optimized with the Yoast SEO plugin v27.3 - https:\/\/yoast.com\/product\/yoast-seo-wordpress\/ -->\n<title>Mentions l\u00e9gales - Groupe Brun<\/title>\n<meta name=\"robots\" content=\"index, follow, max-snippet:-1, max-image-preview:large, max-video-preview:-1\" \/>\n<link rel=\"canonical\" href=\"https:\/\/groupebrun.net\/en\/legal-information\/\" \/>\n<meta property=\"og:locale\" content=\"en_GB\" \/>\n<meta property=\"og:type\" content=\"article\" \/>\n<meta property=\"og:title\" content=\"Mentions l\u00e9gales - Groupe Brun\" \/>\n<meta property=\"og:description\" content=\"Conform\u00e9ment aux articles 6-III et 19 de la Loi n\u00b0 2004-575 du 21 juin 2004 pour la Confiance dans l\u2019\u00e9conomie num\u00e9rique (L.C.E.N.), nous informons les utilisateurs et visiteurs du site de BRUN INVEST SAS des informations suivantes : \u00c9DITEUR Le site est la propri\u00e9t\u00e9 exclusive de BRUN INVEST SAS, soci\u00e9t\u00e9 par actions simplifi\u00e9e. Adresse : [&hellip;]\" \/>\n<meta property=\"og:url\" content=\"https:\/\/groupebrun.net\/en\/legal-information\/\" \/>\n<meta property=\"og:site_name\" content=\"Groupe Brun\" \/>\n<meta property=\"article:modified_time\" content=\"2024-05-02T09:44:18+00:00\" \/>\n<meta name=\"twitter:card\" content=\"summary_large_image\" \/>\n<meta name=\"twitter:label1\" content=\"Estimated reading time\" \/>\n\t<meta name=\"twitter:data1\" content=\"3 minutes\" \/>\n<script type=\"application\/ld+json\" class=\"yoast-schema-graph\">{\"@context\":\"https:\\\/\\\/schema.org\",\"@graph\":[{\"@type\":\"WebPage\",\"@id\":\"https:\\\/\\\/groupebrun.net\\\/mentions-legales\\\/\",\"url\":\"https:\\\/\\\/groupebrun.net\\\/mentions-legales\\\/\",\"name\":\"Mentions l\u00e9gales - Groupe Brun\",\"isPartOf\":{\"@id\":\"https:\\\/\\\/groupebrun.net\\\/#website\"},\"datePublished\":\"2023-10-28T20:15:00+00:00\",\"dateModified\":\"2024-05-02T09:44:18+00:00\",\"breadcrumb\":{\"@id\":\"https:\\\/\\\/groupebrun.net\\\/mentions-legales\\\/#breadcrumb\"},\"inLanguage\":\"en-GB\",\"potentialAction\":[{\"@type\":\"ReadAction\",\"target\":[\"https:\\\/\\\/groupebrun.net\\\/mentions-legales\\\/\"]}]},{\"@type\":\"BreadcrumbList\",\"@id\":\"https:\\\/\\\/groupebrun.net\\\/mentions-legales\\\/#breadcrumb\",\"itemListElement\":[{\"@type\":\"ListItem\",\"position\":1,\"name\":\"Accueil\",\"item\":\"https:\\\/\\\/groupebrun.net\\\/\"},{\"@type\":\"ListItem\",\"position\":2,\"name\":\"Mentions l\u00e9gales\"}]},{\"@type\":\"WebSite\",\"@id\":\"https:\\\/\\\/groupebrun.net\\\/#website\",\"url\":\"https:\\\/\\\/groupebrun.net\\\/\",\"name\":\"Groupe Brun\",\"description\":\"\",\"potentialAction\":[{\"@type\":\"SearchAction\",\"target\":{\"@type\":\"EntryPoint\",\"urlTemplate\":\"https:\\\/\\\/groupebrun.net\\\/?s={search_term_string}\"},\"query-input\":{\"@type\":\"PropertyValueSpecification\",\"valueRequired\":true,\"valueName\":\"search_term_string\"}}],\"inLanguage\":\"en-GB\"}]}<\/script>\n<!-- \/ Yoast SEO plugin. -->","yoast_head_json":{"title":"Legal information - Groupe Brun","robots":{"index":"index","follow":"follow","max-snippet":"max-snippet:-1","max-image-preview":"max-image-preview:large","max-video-preview":"max-video-preview:-1"},"canonical":"https:\/\/groupebrun.net\/en\/legal-information\/","og_locale":"en_GB","og_type":"article","og_title":"Mentions l\u00e9gales - Groupe Brun","og_description":"Conform\u00e9ment aux articles 6-III et 19 de la Loi n\u00b0 2004-575 du 21 juin 2004 pour la Confiance dans l\u2019\u00e9conomie num\u00e9rique (L.C.E.N.), nous informons les utilisateurs et visiteurs du site de BRUN INVEST SAS des informations suivantes : \u00c9DITEUR Le site est la propri\u00e9t\u00e9 exclusive de BRUN INVEST SAS, soci\u00e9t\u00e9 par actions simplifi\u00e9e. Adresse : [&hellip;]","og_url":"https:\/\/groupebrun.net\/en\/legal-information\/","og_site_name":"Groupe Brun","article_modified_time":"2024-05-02T09:44:18+00:00","twitter_card":"summary_large_image","twitter_misc":{"Estimated reading time":"3 minutes"},"schema":{"@context":"https:\/\/schema.org","@graph":[{"@type":"WebPage","@id":"https:\/\/groupebrun.net\/mentions-legales\/","url":"https:\/\/groupebrun.net\/mentions-legales\/","name":"Legal information - Groupe Brun","isPartOf":{"@id":"https:\/\/groupebrun.net\/#website"},"datePublished":"2023-10-28T20:15:00+00:00","dateModified":"2024-05-02T09:44:18+00:00","breadcrumb":{"@id":"https:\/\/groupebrun.net\/mentions-legales\/#breadcrumb"},"inLanguage":"en-GB","potentialAction":[{"@type":"ReadAction","target":["https:\/\/groupebrun.net\/mentions-legales\/"]}]},{"@type":"BreadcrumbList","@id":"https:\/\/groupebrun.net\/mentions-legales\/#breadcrumb","itemListElement":[{"@type":"ListItem","position":1,"name":"Accueil","item":"https:\/\/groupebrun.net\/"},{"@type":"ListItem","position":2,"name":"Mentions l\u00e9gales"}]},{"@type":"WebSite","@id":"https:\/\/groupebrun.net\/#website","url":"https:\/\/groupebrun.net\/","name":"Brun Group","description":"","potentialAction":[{"@type":"SearchAction","target":{"@type":"EntryPoint","urlTemplate":"https:\/\/groupebrun.net\/?s={search_term_string}"},"query-input":{"@type":"PropertyValueSpecification","valueRequired":true,"valueName":"search_term_string"}}],"inLanguage":"en-GB"}]}},"_links":{"self":[{"href":"https:\/\/groupebrun.net\/en\/wp-json\/wp\/v2\/pages\/205","targetHints":{"allow":["GET"]}}],"collection":[{"href":"https:\/\/groupebrun.net\/en\/wp-json\/wp\/v2\/pages"}],"about":[{"href":"https:\/\/groupebrun.net\/en\/wp-json\/wp\/v2\/types\/page"}],"author":[{"embeddable":true,"href":"https:\/\/groupebrun.net\/en\/wp-json\/wp\/v2\/users\/1"}],"replies":[{"embeddable":true,"href":"https:\/\/groupebrun.net\/en\/wp-json\/wp\/v2\/comments?post=205"}],"version-history":[{"count":22,"href":"https:\/\/groupebrun.net\/en\/wp-json\/wp\/v2\/pages\/205\/revisions"}],"predecessor-version":[{"id":5027,"href":"https:\/\/groupebrun.net\/en\/wp-json\/wp\/v2\/pages\/205\/revisions\/5027"}],"wp:attachment":[{"href":"https:\/\/groupebrun.net\/en\/wp-json\/wp\/v2\/media?parent=205"}],"curies":[{"name":"wp","href":"https:\/\/api.w.org\/{rel}","templated":true}]}}