{"id":3146,"date":"2023-11-30T18:29:18","date_gmt":"2023-11-30T18:29:18","guid":{"rendered":"https:\/\/groupebrun.net\/?page_id=3146"},"modified":"2024-02-20T17:27:33","modified_gmt":"2024-02-20T17:27:33","slug":"bitumen","status":"publish","type":"page","link":"https:\/\/groupebrun.net\/en\/transport-and-logistics-solutions\/bitumen\/","title":{"rendered":"Bitumen"},"content":{"rendered":"<div data-elementor-type=\"wp-page\" data-elementor-id=\"3146\" class=\"elementor elementor-3146\" data-elementor-settings=\"{&quot;ha_cmc_init_switcher&quot;:&quot;no&quot;}\" data-elementor-post-type=\"page\">\n\t\t\t\t<div data-particle_enable=\"false\" data-particle-mobile-disabled=\"false\" class=\"elementor-element elementor-element-0095c76 e-flex e-con-boxed e-con e-parent\" data-id=\"0095c76\" data-element_type=\"container\" data-e-type=\"container\" data-settings=\"{&quot;background_background&quot;:&quot;classic&quot;,&quot;jet_parallax_layout_list&quot;:[],&quot;_ha_eqh_enable&quot;:false}\">\n\t\t\t\t\t<div class=\"e-con-inner\">\n\t\t\t\t<div class=\"elementor-element elementor-element-145f0b0 elementor-widget elementor-widget-heading\" data-id=\"145f0b0\" data-element_type=\"widget\" data-e-type=\"widget\" data-widget_type=\"heading.default\">\n\t\t\t\t<div class=\"elementor-widget-container\">\n\t\t\t\t\t<h1 class=\"elementor-heading-title elementor-size-default\">Bitumen<\/h1>\t\t\t\t<\/div>\n\t\t\t\t<\/div>\n\t\t\t\t\t<\/div>\n\t\t\t\t<\/div>\n\t\t<div data-particle_enable=\"false\" data-particle-mobile-disabled=\"false\" class=\"elementor-element elementor-element-f8465e9 e-flex e-con-boxed e-con e-parent\" data-id=\"f8465e9\" data-element_type=\"container\" data-e-type=\"container\" data-settings=\"{&quot;jet_parallax_layout_list&quot;:[],&quot;_ha_eqh_enable&quot;:false}\">\n\t\t\t\t\t<div class=\"e-con-inner\">\n\t\t<div data-particle_enable=\"false\" data-particle-mobile-disabled=\"false\" class=\"elementor-element elementor-element-4626d6b e-flex e-con-boxed e-con e-child\" data-id=\"4626d6b\" data-element_type=\"container\" data-e-type=\"container\" data-settings=\"{&quot;jet_parallax_layout_list&quot;:[],&quot;_ha_eqh_enable&quot;:false}\">\n\t\t\t\t\t<div class=\"e-con-inner\">\n\t\t\t\t<div class=\"elementor-element elementor-element-04880b7 elementor-widget__width-initial elementor-widget elementor-widget-heading\" data-id=\"04880b7\" data-element_type=\"widget\" data-e-type=\"widget\" data-widget_type=\"heading.default\">\n\t\t\t\t<div class=\"elementor-widget-container\">\n\t\t\t\t\t<p class=\"elementor-heading-title elementor-size-default\">Because roads are the very essence of our business, we have developed our expertise in the transport of bitumen and emulsions.<br><br>Transporting bitumen is an essential component of many road construction and waterproofing projects.<br><br>As specialists in this sector, we fully understand the challenges associated with transporting this high-temperature material.<br><br>Our fleet of specially equipped vehicles and our trained teams ensure that bitumen is transported in complete safety, in compliance with the strictest safety and environmental protection standards.<br><br>We are proud to contribute to the success of crucial infrastructure projects by ensuring that bitumen reaches its destination in the best possible condition, thereby supporting the quality of the infrastructure.<\/p>\t\t\t\t<\/div>\n\t\t\t\t<\/div>\n\t\t\t\t\t<\/div>\n\t\t\t\t<\/div>\n\t\t\t\t\t<\/div>\n\t\t\t\t<\/div>\n\t\t<div data-particle_enable=\"false\" data-particle-mobile-disabled=\"false\" class=\"elementor-element elementor-element-317988d e-flex e-con-boxed e-con e-parent\" data-id=\"317988d\" data-element_type=\"container\" data-e-type=\"container\" data-settings=\"{&quot;jet_parallax_layout_list&quot;:[],&quot;_ha_eqh_enable&quot;:false}\">\n\t\t\t\t\t<div class=\"e-con-inner\">\n\t\t\t\t<div class=\"elementor-element elementor-element-86763d1 elementor-widget__width-initial elementor-widget elementor-widget-heading\" data-id=\"86763d1\" data-element_type=\"widget\" data-e-type=\"widget\" data-widget_type=\"heading.default\">\n\t\t\t\t<div class=\"elementor-widget-container\">\n\t\t\t\t\t<h2 class=\"elementor-heading-title elementor-size-default\">How is bitumen delivered?<\/h2>\t\t\t\t<\/div>\n\t\t\t\t<\/div>\n\t\t<div data-particle_enable=\"false\" data-particle-mobile-disabled=\"false\" class=\"elementor-element elementor-element-bc3ca81 e-flex e-con-boxed e-con e-child\" data-id=\"bc3ca81\" data-element_type=\"container\" data-e-type=\"container\" data-settings=\"{&quot;jet_parallax_layout_list&quot;:[],&quot;_ha_eqh_enable&quot;:false}\">\n\t\t\t\t\t<div class=\"e-con-inner\">\n\t\t\t\t<div class=\"elementor-element elementor-element-77d2089 elementor-widget__width-initial elementor-widget elementor-widget-heading\" data-id=\"77d2089\" data-element_type=\"widget\" data-e-type=\"widget\" data-widget_type=\"heading.default\">\n\t\t\t\t<div class=\"elementor-widget-container\">\n\t\t\t\t\t<p class=\"elementor-heading-title elementor-size-default\">The Brun Group has thermally insulated tanks, vented from the ground, to avoid the risk of splashing when the dome is opened and falls when working at height.<br><br>We transport and deliver bitumen to construction sites and\/or asphalt plants.<br><br>Bitumen is a hot product (between 150\u00b0C and 200\u00b0C); this is where the product's main danger lies, making it compulsory for drivers to wear properly fitted PPE.<\/p>\t\t\t\t<\/div>\n\t\t\t\t<\/div>\n\t\t\t\t\t<\/div>\n\t\t\t\t<\/div>\n\t\t\t\t\t<\/div>\n\t\t\t\t<\/div>\n\t\t<div data-particle_enable=\"false\" data-particle-mobile-disabled=\"false\" class=\"elementor-element elementor-element-76a128f e-con-full e-flex e-con e-parent\" data-id=\"76a128f\" data-element_type=\"container\" data-e-type=\"container\" data-settings=\"{&quot;jet_parallax_layout_list&quot;:[],&quot;_ha_eqh_enable&quot;:false}\">\n\t\t\t\t<div class=\"elementor-element elementor-element-481dd68 elementor-widget__width-initial elementor-widget elementor-widget-heading\" data-id=\"481dd68\" data-element_type=\"widget\" data-e-type=\"widget\" data-widget_type=\"heading.default\">\n\t\t\t\t<div class=\"elementor-widget-container\">\n\t\t\t\t\t<h2 class=\"elementor-heading-title elementor-size-default\">Our customers<\/h2>\t\t\t\t<\/div>\n\t\t\t\t<\/div>\n\t\t\t\t<div class=\"elementor-element elementor-element-e03089b my_testimonial_slider elementor-skin-carousel elementor-widget elementor-widget-media-carousel\" data-id=\"e03089b\" data-element_type=\"widget\" data-e-type=\"widget\" data-settings=\"{&quot;slides_per_view&quot;:&quot;7&quot;,&quot;slides_to_scroll&quot;:&quot;1&quot;,&quot;autoplay_speed&quot;:0,&quot;space_between&quot;:{&quot;unit&quot;:&quot;px&quot;,&quot;size&quot;:0,&quot;sizes&quot;:[]},&quot;speed&quot;:4000,&quot;slides_per_view_mobile&quot;:&quot;2&quot;,&quot;slides_to_scroll_mobile&quot;:&quot;1&quot;,&quot;slides_per_view_tablet&quot;:&quot;4&quot;,&quot;lazyload&quot;:&quot;yes&quot;,&quot;skin&quot;:&quot;carousel&quot;,&quot;effect&quot;:&quot;slide&quot;,&quot;autoplay&quot;:&quot;yes&quot;,&quot;loop&quot;:&quot;yes&quot;,&quot;space_between_tablet&quot;:{&quot;unit&quot;:&quot;px&quot;,&quot;size&quot;:10,&quot;sizes&quot;:[]},&quot;space_between_mobile&quot;:{&quot;unit&quot;:&quot;px&quot;,&quot;size&quot;:10,&quot;sizes&quot;:[]}}\" data-widget_type=\"media-carousel.default\">\n\t\t\t\t<div class=\"elementor-widget-container\">\n\t\t\t\t\t\t\t\t\t<div class=\"elementor-swiper\">\n\t\t\t\t\t<div class=\"elementor-main-swiper swiper\" role=\"region\" aria-roledescription=\"carousel\" aria-label=\"Slides\">\n\t\t\t\t<div class=\"swiper-wrapper\">\n\t\t\t\t\t\t\t\t\t\t\t<div class=\"swiper-slide\" role=\"group\" aria-roledescription=\"slide\">\n\t\t\t\t\t\t\t\t\t<div class=\"elementor-carousel-image swiper-lazy\" role=\"img\" aria-label=\"1\" data-background=\"https:\/\/groupebrun.net\/wp-content\/uploads\/2024\/01\/1-5.png\">\n\n\t\t\t\t\t\t\t<div class=\"swiper-lazy-preloader\"><\/div>\n\t\t\t\n\t\t\t\t\t<\/div>\n\t\t\t\t\t\t\t\t<\/div>\n\t\t\t\t\t\t\t\t\t\t\t<div class=\"swiper-slide\" role=\"group\" aria-roledescription=\"slide\">\n\t\t\t\t\t\t\t\t\t<div class=\"elementor-carousel-image swiper-lazy\" role=\"img\" aria-label=\"2\" data-background=\"https:\/\/groupebrun.net\/wp-content\/uploads\/2024\/01\/2-6.png\">\n\n\t\t\t\t\t\t\t<div class=\"swiper-lazy-preloader\"><\/div>\n\t\t\t\n\t\t\t\t\t<\/div>\n\t\t\t\t\t\t\t\t<\/div>\n\t\t\t\t\t\t\t\t\t\t\t<div class=\"swiper-slide\" role=\"group\" aria-roledescription=\"slide\">\n\t\t\t\t\t\t\t\t\t<div class=\"elementor-carousel-image swiper-lazy\" role=\"img\" aria-label=\"3\" data-background=\"https:\/\/groupebrun.net\/wp-content\/uploads\/2024\/01\/3-6.png\">\n\n\t\t\t\t\t\t\t<div class=\"swiper-lazy-preloader\"><\/div>\n\t\t\t\n\t\t\t\t\t<\/div>\n\t\t\t\t\t\t\t\t<\/div>\n\t\t\t\t\t\t\t\t\t\t\t<div class=\"swiper-slide\" role=\"group\" aria-roledescription=\"slide\">\n\t\t\t\t\t\t\t\t\t<div class=\"elementor-carousel-image swiper-lazy\" role=\"img\" aria-label=\"4\" data-background=\"https:\/\/groupebrun.net\/wp-content\/uploads\/2024\/01\/4-6.png\">\n\n\t\t\t\t\t\t\t<div class=\"swiper-lazy-preloader\"><\/div>\n\t\t\t\n\t\t\t\t\t<\/div>\n\t\t\t\t\t\t\t\t<\/div>\n\t\t\t\t\t\t\t\t\t\t\t<div class=\"swiper-slide\" role=\"group\" aria-roledescription=\"slide\">\n\t\t\t\t\t\t\t\t\t<div class=\"elementor-carousel-image swiper-lazy\" role=\"img\" aria-label=\"5\" data-background=\"https:\/\/groupebrun.net\/wp-content\/uploads\/2024\/01\/5-4.png\">\n\n\t\t\t\t\t\t\t<div class=\"swiper-lazy-preloader\"><\/div>\n\t\t\t\n\t\t\t\t\t<\/div>\n\t\t\t\t\t\t\t\t<\/div>\n\t\t\t\t\t\t\t\t\t\t\t<div class=\"swiper-slide\" role=\"group\" aria-roledescription=\"slide\">\n\t\t\t\t\t\t\t\t\t<div class=\"elementor-carousel-image swiper-lazy\" role=\"img\" aria-label=\"6\" data-background=\"https:\/\/groupebrun.net\/wp-content\/uploads\/2024\/01\/6-4.png\">\n\n\t\t\t\t\t\t\t<div class=\"swiper-lazy-preloader\"><\/div>\n\t\t\t\n\t\t\t\t\t<\/div>\n\t\t\t\t\t\t\t\t<\/div>\n\t\t\t\t\t\t\t\t\t\t\t<div class=\"swiper-slide\" role=\"group\" aria-roledescription=\"slide\">\n\t\t\t\t\t\t\t\t\t<div class=\"elementor-carousel-image swiper-lazy\" role=\"img\" aria-label=\"7\" data-background=\"https:\/\/groupebrun.net\/wp-content\/uploads\/2024\/01\/7-4.png\">\n\n\t\t\t\t\t\t\t<div class=\"swiper-lazy-preloader\"><\/div>\n\t\t\t\n\t\t\t\t\t<\/div>\n\t\t\t\t\t\t\t\t<\/div>\n\t\t\t\t\t\t\t\t\t<\/div>\n\t\t\t\t\t\t\t\t\t\t\t\t\t\t\t\t\t\t\t\t\t<\/div>\n\t\t\t\t<\/div>\n\t\t\t\t\t\t\t\t<\/div>\n\t\t\t\t<\/div>\n\t\t\t\t<\/div>\n\t\t<div data-particle_enable=\"false\" data-particle-mobile-disabled=\"false\" class=\"elementor-element elementor-element-b3640eb e-flex e-con-boxed e-con e-parent\" data-id=\"b3640eb\" data-element_type=\"container\" data-e-type=\"container\" data-settings=\"{&quot;jet_parallax_layout_list&quot;:[],&quot;_ha_eqh_enable&quot;:false}\">\n\t\t\t\t\t<div class=\"e-con-inner\">\n\t\t<div data-particle_enable=\"false\" data-particle-mobile-disabled=\"false\" class=\"elementor-element elementor-element-963bec5 e-flex e-con-boxed e-con e-child\" data-id=\"963bec5\" data-element_type=\"container\" data-e-type=\"container\" data-settings=\"{&quot;jet_parallax_layout_list&quot;:[],&quot;_ha_eqh_enable&quot;:false}\">\n\t\t\t\t\t<div class=\"e-con-inner\">\n\t\t\t\t<div class=\"elementor-element elementor-element-2a05d81 elementor-widget__width-initial elementor-widget elementor-widget-image\" data-id=\"2a05d81\" data-element_type=\"widget\" data-e-type=\"widget\" data-widget_type=\"image.default\">\n\t\t\t\t<div class=\"elementor-widget-container\">\n\t\t\t\t\t\t\t\t\t\t\t\t\t\t\t<img fetchpriority=\"high\" decoding=\"async\" width=\"500\" height=\"500\" src=\"https:\/\/groupebrun.net\/wp-content\/uploads\/2024\/01\/Video-GIF-1.png\" class=\"attachment-full size-full wp-image-3464\" alt=\"\" srcset=\"https:\/\/groupebrun.net\/wp-content\/uploads\/2024\/01\/Video-GIF-1.png 500w, https:\/\/groupebrun.net\/wp-content\/uploads\/2024\/01\/Video-GIF-1-300x300.png 300w, https:\/\/groupebrun.net\/wp-content\/uploads\/2024\/01\/Video-GIF-1-150x150.png 150w, https:\/\/groupebrun.net\/wp-content\/uploads\/2024\/01\/Video-GIF-1-12x12.png 12w\" sizes=\"(max-width: 500px) 100vw, 500px\" \/>\t\t\t\t\t\t\t\t\t\t\t\t\t\t\t<\/div>\n\t\t\t\t<\/div>\n\t\t\t\t<div class=\"elementor-element elementor-element-07d0057 elementor-widget__width-initial elementor-widget elementor-widget-heading\" data-id=\"07d0057\" data-element_type=\"widget\" data-e-type=\"widget\" data-widget_type=\"heading.default\">\n\t\t\t\t<div class=\"elementor-widget-container\">\n\t\t\t\t\t<h2 class=\"elementor-heading-title elementor-size-default\">LEARN MORE <\/h2>\t\t\t\t<\/div>\n\t\t\t\t<\/div>\n\t\t\t\t\t<\/div>\n\t\t\t\t<\/div>\n\t\t<div data-particle_enable=\"false\" data-particle-mobile-disabled=\"false\" class=\"elementor-element elementor-element-5fb9ace e-flex e-con-boxed e-con e-child\" data-id=\"5fb9ace\" data-element_type=\"container\" data-e-type=\"container\" data-settings=\"{&quot;jet_parallax_layout_list&quot;:[],&quot;_ha_eqh_enable&quot;:false}\">\n\t\t\t\t\t<div class=\"e-con-inner\">\n\t\t<div data-particle_enable=\"false\" data-particle-mobile-disabled=\"false\" class=\"elementor-element elementor-element-6f1a146 e-con-full e-flex e-con e-child\" data-id=\"6f1a146\" data-element_type=\"container\" data-e-type=\"container\" data-settings=\"{&quot;jet_parallax_layout_list&quot;:[],&quot;_ha_eqh_enable&quot;:false}\">\n\t\t\t\t<div class=\"elementor-element elementor-element-4f4f64f elementor-widget__width-initial elementor-widget elementor-widget-heading\" data-id=\"4f4f64f\" data-element_type=\"widget\" data-e-type=\"widget\" data-widget_type=\"heading.default\">\n\t\t\t\t<div class=\"elementor-widget-container\">\n\t\t\t\t\t<p class=\"elementor-heading-title elementor-size-default\">Fabienne BEHOTAS<\/p>\t\t\t\t<\/div>\n\t\t\t\t<\/div>\n\t\t\t\t<div class=\"elementor-element elementor-element-c0bd33c elementor-icon-list--layout-traditional elementor-list-item-link-full_width elementor-widget elementor-widget-icon-list\" data-id=\"c0bd33c\" data-element_type=\"widget\" data-e-type=\"widget\" data-widget_type=\"icon-list.default\">\n\t\t\t\t<div class=\"elementor-widget-container\">\n\t\t\t\t\t\t\t<ul class=\"elementor-icon-list-items\">\n\t\t\t\t\t\t\t<li class=\"elementor-icon-list-item\">\n\t\t\t\t\t\t\t\t\t\t\t<a href=\"mailto:f.behotas@brun-invest.net%20\">\n\n\t\t\t\t\t\t\t\t\t\t\t\t<span class=\"elementor-icon-list-icon\">\n\t\t\t\t\t\t\t<i aria-hidden=\"true\" class=\"fas fa-envelope\"><\/i>\t\t\t\t\t\t<\/span>\n\t\t\t\t\t\t\t\t\t\t<span class=\"elementor-icon-list-text\">f.behotas@brun-invest.net <\/span>\n\t\t\t\t\t\t\t\t\t\t\t<\/a>\n\t\t\t\t\t\t\t\t\t<\/li>\n\t\t\t\t\t\t\t\t<li class=\"elementor-icon-list-item\">\n\t\t\t\t\t\t\t\t\t\t\t<a href=\"tel:0623151943\">\n\n\t\t\t\t\t\t\t\t\t\t\t\t<span class=\"elementor-icon-list-icon\">\n\t\t\t\t\t\t\t<i aria-hidden=\"true\" class=\"fas fa-phone-alt\"><\/i>\t\t\t\t\t\t<\/span>\n\t\t\t\t\t\t\t\t\t\t<span class=\"elementor-icon-list-text\">06 23 15 19 43<\/span>\n\t\t\t\t\t\t\t\t\t\t\t<\/a>\n\t\t\t\t\t\t\t\t\t<\/li>\n\t\t\t\t\t\t<\/ul>\n\t\t\t\t\t\t<\/div>\n\t\t\t\t<\/div>\n\t\t\t\t<\/div>\n\t\t\t\t\t<\/div>\n\t\t\t\t<\/div>\n\t\t\t\t\t<\/div>\n\t\t\t\t<\/div>\n\t\t\t\t<\/div>","protected":false},"excerpt":{"rendered":"<p>Parce que la route est l\u2019essence m\u00eame de notre m\u00e9tier, nous avons d\u00e9velopp\u00e9 notre expertise dans le domaine de transport de bitume et \u00e9mulsions. Le transport de bitume est une composante essentielle de nombreux projets de construction routi\u00e8re et de travaux d&rsquo;\u00e9tanch\u00e9it\u00e9. En tant que sp\u00e9cialistes de ce secteur, nous comprenons parfaitement les d\u00e9fis associ\u00e9s [&hellip;]<\/p>\n","protected":false},"author":1,"featured_media":0,"parent":17,"menu_order":0,"comment_status":"closed","ping_status":"closed","template":"elementor_header_footer","meta":{"footnotes":""},"class_list":["post-3146","page","type-page","status-publish","hentry"],"yoast_head":"<!-- This site is optimized with the Yoast SEO plugin v27.3 - https:\/\/yoast.com\/product\/yoast-seo-wordpress\/ -->\n<title>Bitume - Groupe Brun<\/title>\n<meta name=\"robots\" content=\"index, follow, max-snippet:-1, max-image-preview:large, max-video-preview:-1\" \/>\n<link rel=\"canonical\" href=\"https:\/\/groupebrun.net\/en\/transport-and-logistics-solutions\/bitumen\/\" \/>\n<meta property=\"og:locale\" content=\"en_GB\" \/>\n<meta property=\"og:type\" content=\"article\" \/>\n<meta property=\"og:title\" content=\"Bitume - Groupe Brun\" \/>\n<meta property=\"og:description\" content=\"Parce que la route est l\u2019essence m\u00eame de notre m\u00e9tier, nous avons d\u00e9velopp\u00e9 notre expertise dans le domaine de transport de bitume et \u00e9mulsions. Le transport de bitume est une composante essentielle de nombreux projets de construction routi\u00e8re et de travaux d&rsquo;\u00e9tanch\u00e9it\u00e9. En tant que sp\u00e9cialistes de ce secteur, nous comprenons parfaitement les d\u00e9fis associ\u00e9s [&hellip;]\" \/>\n<meta property=\"og:url\" content=\"https:\/\/groupebrun.net\/en\/transport-and-logistics-solutions\/bitumen\/\" \/>\n<meta property=\"og:site_name\" content=\"Groupe Brun\" \/>\n<meta property=\"article:modified_time\" content=\"2024-02-20T17:27:33+00:00\" \/>\n<meta property=\"og:image\" content=\"http:\/\/groupebrun.net\/wp-content\/uploads\/2024\/01\/Video-GIF-1.png\" \/>\n<meta name=\"twitter:card\" content=\"summary_large_image\" \/>\n<meta name=\"twitter:label1\" content=\"Estimated reading time\" \/>\n\t<meta name=\"twitter:data1\" content=\"2 minutes\" \/>\n<script type=\"application\/ld+json\" class=\"yoast-schema-graph\">{\"@context\":\"https:\\\/\\\/schema.org\",\"@graph\":[{\"@type\":\"WebPage\",\"@id\":\"https:\\\/\\\/groupebrun.net\\\/transport-et-solutions-logistiques\\\/bitume\\\/\",\"url\":\"https:\\\/\\\/groupebrun.net\\\/transport-et-solutions-logistiques\\\/bitume\\\/\",\"name\":\"Bitume - Groupe Brun\",\"isPartOf\":{\"@id\":\"https:\\\/\\\/groupebrun.net\\\/#website\"},\"primaryImageOfPage\":{\"@id\":\"https:\\\/\\\/groupebrun.net\\\/transport-et-solutions-logistiques\\\/bitume\\\/#primaryimage\"},\"image\":{\"@id\":\"https:\\\/\\\/groupebrun.net\\\/transport-et-solutions-logistiques\\\/bitume\\\/#primaryimage\"},\"thumbnailUrl\":\"http:\\\/\\\/groupebrun.net\\\/wp-content\\\/uploads\\\/2024\\\/01\\\/Video-GIF-1.png\",\"datePublished\":\"2023-11-30T18:29:18+00:00\",\"dateModified\":\"2024-02-20T17:27:33+00:00\",\"breadcrumb\":{\"@id\":\"https:\\\/\\\/groupebrun.net\\\/transport-et-solutions-logistiques\\\/bitume\\\/#breadcrumb\"},\"inLanguage\":\"en-GB\",\"potentialAction\":[{\"@type\":\"ReadAction\",\"target\":[\"https:\\\/\\\/groupebrun.net\\\/transport-et-solutions-logistiques\\\/bitume\\\/\"]}]},{\"@type\":\"ImageObject\",\"inLanguage\":\"en-GB\",\"@id\":\"https:\\\/\\\/groupebrun.net\\\/transport-et-solutions-logistiques\\\/bitume\\\/#primaryimage\",\"url\":\"http:\\\/\\\/groupebrun.net\\\/wp-content\\\/uploads\\\/2024\\\/01\\\/Video-GIF-1.png\",\"contentUrl\":\"http:\\\/\\\/groupebrun.net\\\/wp-content\\\/uploads\\\/2024\\\/01\\\/Video-GIF-1.png\"},{\"@type\":\"BreadcrumbList\",\"@id\":\"https:\\\/\\\/groupebrun.net\\\/transport-et-solutions-logistiques\\\/bitume\\\/#breadcrumb\",\"itemListElement\":[{\"@type\":\"ListItem\",\"position\":1,\"name\":\"Accueil\",\"item\":\"https:\\\/\\\/groupebrun.net\\\/\"},{\"@type\":\"ListItem\",\"position\":2,\"name\":\"Transport et solutions logistiques\",\"item\":\"https:\\\/\\\/groupebrun.net\\\/transport-et-solutions-logistiques\\\/\"},{\"@type\":\"ListItem\",\"position\":3,\"name\":\"Bitume\"}]},{\"@type\":\"WebSite\",\"@id\":\"https:\\\/\\\/groupebrun.net\\\/#website\",\"url\":\"https:\\\/\\\/groupebrun.net\\\/\",\"name\":\"Groupe Brun\",\"description\":\"\",\"potentialAction\":[{\"@type\":\"SearchAction\",\"target\":{\"@type\":\"EntryPoint\",\"urlTemplate\":\"https:\\\/\\\/groupebrun.net\\\/?s={search_term_string}\"},\"query-input\":{\"@type\":\"PropertyValueSpecification\",\"valueRequired\":true,\"valueName\":\"search_term_string\"}}],\"inLanguage\":\"en-GB\"}]}<\/script>\n<!-- \/ Yoast SEO plugin. -->","yoast_head_json":{"title":"Bitumen - Groupe Brun","robots":{"index":"index","follow":"follow","max-snippet":"max-snippet:-1","max-image-preview":"max-image-preview:large","max-video-preview":"max-video-preview:-1"},"canonical":"https:\/\/groupebrun.net\/en\/transport-and-logistics-solutions\/bitumen\/","og_locale":"en_GB","og_type":"article","og_title":"Bitume - Groupe Brun","og_description":"Parce que la route est l\u2019essence m\u00eame de notre m\u00e9tier, nous avons d\u00e9velopp\u00e9 notre expertise dans le domaine de transport de bitume et \u00e9mulsions. Le transport de bitume est une composante essentielle de nombreux projets de construction routi\u00e8re et de travaux d&rsquo;\u00e9tanch\u00e9it\u00e9. En tant que sp\u00e9cialistes de ce secteur, nous comprenons parfaitement les d\u00e9fis associ\u00e9s [&hellip;]","og_url":"https:\/\/groupebrun.net\/en\/transport-and-logistics-solutions\/bitumen\/","og_site_name":"Groupe Brun","article_modified_time":"2024-02-20T17:27:33+00:00","og_image":[{"url":"http:\/\/groupebrun.net\/wp-content\/uploads\/2024\/01\/Video-GIF-1.png","type":"","width":"","height":""}],"twitter_card":"summary_large_image","twitter_misc":{"Estimated reading time":"2 minutes"},"schema":{"@context":"https:\/\/schema.org","@graph":[{"@type":"WebPage","@id":"https:\/\/groupebrun.net\/transport-et-solutions-logistiques\/bitume\/","url":"https:\/\/groupebrun.net\/transport-et-solutions-logistiques\/bitume\/","name":"Bitumen - Groupe Brun","isPartOf":{"@id":"https:\/\/groupebrun.net\/#website"},"primaryImageOfPage":{"@id":"https:\/\/groupebrun.net\/transport-et-solutions-logistiques\/bitume\/#primaryimage"},"image":{"@id":"https:\/\/groupebrun.net\/transport-et-solutions-logistiques\/bitume\/#primaryimage"},"thumbnailUrl":"http:\/\/groupebrun.net\/wp-content\/uploads\/2024\/01\/Video-GIF-1.png","datePublished":"2023-11-30T18:29:18+00:00","dateModified":"2024-02-20T17:27:33+00:00","breadcrumb":{"@id":"https:\/\/groupebrun.net\/transport-et-solutions-logistiques\/bitume\/#breadcrumb"},"inLanguage":"en-GB","potentialAction":[{"@type":"ReadAction","target":["https:\/\/groupebrun.net\/transport-et-solutions-logistiques\/bitume\/"]}]},{"@type":"ImageObject","inLanguage":"en-GB","@id":"https:\/\/groupebrun.net\/transport-et-solutions-logistiques\/bitume\/#primaryimage","url":"http:\/\/groupebrun.net\/wp-content\/uploads\/2024\/01\/Video-GIF-1.png","contentUrl":"http:\/\/groupebrun.net\/wp-content\/uploads\/2024\/01\/Video-GIF-1.png"},{"@type":"BreadcrumbList","@id":"https:\/\/groupebrun.net\/transport-et-solutions-logistiques\/bitume\/#breadcrumb","itemListElement":[{"@type":"ListItem","position":1,"name":"Accueil","item":"https:\/\/groupebrun.net\/"},{"@type":"ListItem","position":2,"name":"Transport et solutions logistiques","item":"https:\/\/groupebrun.net\/transport-et-solutions-logistiques\/"},{"@type":"ListItem","position":3,"name":"Bitume"}]},{"@type":"WebSite","@id":"https:\/\/groupebrun.net\/#website","url":"https:\/\/groupebrun.net\/","name":"Brun Group","description":"","potentialAction":[{"@type":"SearchAction","target":{"@type":"EntryPoint","urlTemplate":"https:\/\/groupebrun.net\/?s={search_term_string}"},"query-input":{"@type":"PropertyValueSpecification","valueRequired":true,"valueName":"search_term_string"}}],"inLanguage":"en-GB"}]}},"_links":{"self":[{"href":"https:\/\/groupebrun.net\/en\/wp-json\/wp\/v2\/pages\/3146","targetHints":{"allow":["GET"]}}],"collection":[{"href":"https:\/\/groupebrun.net\/en\/wp-json\/wp\/v2\/pages"}],"about":[{"href":"https:\/\/groupebrun.net\/en\/wp-json\/wp\/v2\/types\/page"}],"author":[{"embeddable":true,"href":"https:\/\/groupebrun.net\/en\/wp-json\/wp\/v2\/users\/1"}],"replies":[{"embeddable":true,"href":"https:\/\/groupebrun.net\/en\/wp-json\/wp\/v2\/comments?post=3146"}],"version-history":[{"count":13,"href":"https:\/\/groupebrun.net\/en\/wp-json\/wp\/v2\/pages\/3146\/revisions"}],"predecessor-version":[{"id":4599,"href":"https:\/\/groupebrun.net\/en\/wp-json\/wp\/v2\/pages\/3146\/revisions\/4599"}],"up":[{"embeddable":true,"href":"https:\/\/groupebrun.net\/en\/wp-json\/wp\/v2\/pages\/17"}],"wp:attachment":[{"href":"https:\/\/groupebrun.net\/en\/wp-json\/wp\/v2\/media?parent=3146"}],"curies":[{"name":"wp","href":"https:\/\/api.w.org\/{rel}","templated":true}]}}