{"id":3170,"date":"2023-11-30T18:30:13","date_gmt":"2023-11-30T18:30:13","guid":{"rendered":"https:\/\/groupebrun.net\/?page_id=3170"},"modified":"2024-02-20T17:23:15","modified_gmt":"2024-02-20T17:23:15","slug":"equipment-hire","status":"publish","type":"page","link":"https:\/\/groupebrun.net\/en\/transport-and-logistics-solutions\/equipment-hire\/","title":{"rendered":"Equipment hire"},"content":{"rendered":"<div data-elementor-type=\"wp-page\" data-elementor-id=\"3170\" class=\"elementor elementor-3170\" data-elementor-settings=\"{&quot;ha_cmc_init_switcher&quot;:&quot;no&quot;}\" data-elementor-post-type=\"page\">\n\t\t\t\t<div data-particle_enable=\"false\" data-particle-mobile-disabled=\"false\" class=\"elementor-element elementor-element-ab17e95 e-flex e-con-boxed e-con e-parent\" data-id=\"ab17e95\" data-element_type=\"container\" data-e-type=\"container\" data-settings=\"{&quot;background_background&quot;:&quot;classic&quot;,&quot;jet_parallax_layout_list&quot;:[],&quot;_ha_eqh_enable&quot;:false}\">\n\t\t\t\t\t<div class=\"e-con-inner\">\n\t\t\t\t<div class=\"elementor-element elementor-element-27b1570 elementor-widget elementor-widget-heading\" data-id=\"27b1570\" data-element_type=\"widget\" data-e-type=\"widget\" data-widget_type=\"heading.default\">\n\t\t\t\t<div class=\"elementor-widget-container\">\n\t\t\t\t\t<h1 class=\"elementor-heading-title elementor-size-default\">Equipment hire<\/h1>\t\t\t\t<\/div>\n\t\t\t\t<\/div>\n\t\t\t\t\t<\/div>\n\t\t\t\t<\/div>\n\t\t<div data-particle_enable=\"false\" data-particle-mobile-disabled=\"false\" class=\"elementor-element elementor-element-6110762 e-flex e-con-boxed e-con e-parent\" data-id=\"6110762\" data-element_type=\"container\" data-e-type=\"container\" data-settings=\"{&quot;jet_parallax_layout_list&quot;:[],&quot;_ha_eqh_enable&quot;:false}\">\n\t\t\t\t\t<div class=\"e-con-inner\">\n\t\t<div data-particle_enable=\"false\" data-particle-mobile-disabled=\"false\" class=\"elementor-element elementor-element-eab2db3 e-flex e-con-boxed e-con e-child\" data-id=\"eab2db3\" data-element_type=\"container\" data-e-type=\"container\" data-settings=\"{&quot;jet_parallax_layout_list&quot;:[],&quot;_ha_eqh_enable&quot;:false}\">\n\t\t\t\t\t<div class=\"e-con-inner\">\n\t\t\t\t<div class=\"elementor-element elementor-element-9567803 elementor-widget__width-initial elementor-widget elementor-widget-heading\" data-id=\"9567803\" data-element_type=\"widget\" data-e-type=\"widget\" data-widget_type=\"heading.default\">\n\t\t\t\t<div class=\"elementor-widget-container\">\n\t\t\t\t\t<p class=\"elementor-heading-title elementor-size-default\">Whether you need steel or stainless steel tanks, or customised coatings to ensure compatibility with the products you transport, we have the solution. <br><br>You can also take advantage of our semi-trailer hire service, offering unrivalled flexibility in managing your fleet of vehicles.<br><br>If mobility is essential to your business, our mobile tanks will meet your needs for temporary or changing transport.<br><br>We also offer tank containers, in stainless steel or special steels, designed for pressures ranging from 4 bar to 140 bar, as well as high-pressure tank containers for gases, with capacities ranging from 27.5 bar to 140 bar.<br><br>To facilitate the handling of these containers, we offer specially adapted container chassis, guaranteeing ergonomic access and flawless logistics. Whatever your transport needs, our team of experts is ready to offer you tailor-made solutions to optimise your logistics and ensure the safety of your products.<\/p>\t\t\t\t<\/div>\n\t\t\t\t<\/div>\n\t\t\t\t\t<\/div>\n\t\t\t\t<\/div>\n\t\t\t\t\t<\/div>\n\t\t\t\t<\/div>\n\t\t<div data-particle_enable=\"false\" data-particle-mobile-disabled=\"false\" class=\"elementor-element elementor-element-51770bf e-flex e-con-boxed e-con e-parent\" data-id=\"51770bf\" data-element_type=\"container\" data-e-type=\"container\" data-settings=\"{&quot;jet_parallax_layout_list&quot;:[],&quot;_ha_eqh_enable&quot;:false}\">\n\t\t\t\t\t<div class=\"e-con-inner\">\n\t\t\t\t<div class=\"elementor-element elementor-element-f95be76 elementor-widget__width-initial elementor-widget elementor-widget-heading\" data-id=\"f95be76\" data-element_type=\"widget\" data-e-type=\"widget\" data-widget_type=\"heading.default\">\n\t\t\t\t<div class=\"elementor-widget-container\">\n\t\t\t\t\t<h2 class=\"elementor-heading-title elementor-size-default\">How is equipment\nequipment hire?<\/h2>\t\t\t\t<\/div>\n\t\t\t\t<\/div>\n\t\t<div data-particle_enable=\"false\" data-particle-mobile-disabled=\"false\" class=\"elementor-element elementor-element-20b6751 e-flex e-con-boxed e-con e-child\" data-id=\"20b6751\" data-element_type=\"container\" data-e-type=\"container\" data-settings=\"{&quot;jet_parallax_layout_list&quot;:[],&quot;_ha_eqh_enable&quot;:false}\">\n\t\t\t\t\t<div class=\"e-con-inner\">\n\t\t\t\t<div class=\"elementor-element elementor-element-2e6f51e elementor-widget__width-initial elementor-widget elementor-widget-heading\" data-id=\"2e6f51e\" data-element_type=\"widget\" data-e-type=\"widget\" data-widget_type=\"heading.default\">\n\t\t\t\t<div class=\"elementor-widget-container\">\n\t\t\t\t\t<p class=\"elementor-heading-title elementor-size-default\">Design office :<\/p>\t\t\t\t<\/div>\n\t\t\t\t<\/div>\n\t\t\t\t<div class=\"elementor-element elementor-element-cb36c6f elementor-widget__width-initial elementor-widget elementor-widget-heading\" data-id=\"cb36c6f\" data-element_type=\"widget\" data-e-type=\"widget\" data-widget_type=\"heading.default\">\n\t\t\t\t<div class=\"elementor-widget-container\">\n\t\t\t\t\t<p class=\"elementor-heading-title elementor-size-default\">Specialists in tank containers for almost 40 years, our design office is reputed to be the most experienced in the sector, and has acquired unique know-how and technical expertise that we share with the world's leading chemical companies in the design, modification and improvement of special tank containers.\n<\/p>\t\t\t\t<\/div>\n\t\t\t\t<\/div>\n\t\t\t\t<div class=\"elementor-element elementor-element-75070fe elementor-widget__width-initial elementor-widget elementor-widget-heading\" data-id=\"75070fe\" data-element_type=\"widget\" data-e-type=\"widget\" data-widget_type=\"heading.default\">\n\t\t\t\t<div class=\"elementor-widget-container\">\n\t\t\t\t\t<p class=\"elementor-heading-title elementor-size-default\">Sales Department:\n<\/p>\t\t\t\t<\/div>\n\t\t\t\t<\/div>\n\t\t\t\t<div class=\"elementor-element elementor-element-6b266dc elementor-widget__width-initial elementor-widget elementor-widget-heading\" data-id=\"6b266dc\" data-element_type=\"widget\" data-e-type=\"widget\" data-widget_type=\"heading.default\">\n\t\t\t\t<div class=\"elementor-widget-container\">\n\t\t\t\t\t<p class=\"elementor-heading-title elementor-size-default\">With a background in the container industry, our sales team will work with you to define the equipment best suited to your needs and to international regulatory constraints. Working closely with our design office and technical department, we can provide you with reliable equipment and innovative solutions. \n<\/p>\t\t\t\t<\/div>\n\t\t\t\t<\/div>\n\t\t\t\t<div class=\"elementor-element elementor-element-e169bef elementor-widget__width-initial elementor-widget elementor-widget-heading\" data-id=\"e169bef\" data-element_type=\"widget\" data-e-type=\"widget\" data-widget_type=\"heading.default\">\n\t\t\t\t<div class=\"elementor-widget-container\">\n\t\t\t\t\t<p class=\"elementor-heading-title elementor-size-default\">Technical Department:\n<\/p>\t\t\t\t<\/div>\n\t\t\t\t<\/div>\n\t\t\t\t<div class=\"elementor-element elementor-element-ab16aef elementor-widget__width-initial elementor-widget elementor-widget-heading\" data-id=\"ab16aef\" data-element_type=\"widget\" data-e-type=\"widget\" data-widget_type=\"heading.default\">\n\t\t\t\t<div class=\"elementor-widget-container\">\n\t\t\t\t\t<p class=\"elementor-heading-title elementor-size-default\">To ensure that your equipment is always in perfect working order and adapted to your needs, our technical department offers :\n<\/p>\t\t\t\t<\/div>\n\t\t\t\t<\/div>\n\t\t\t\t<div class=\"elementor-element elementor-element-588d49a elementor-icon-list--layout-traditional elementor-list-item-link-full_width elementor-widget elementor-widget-icon-list\" data-id=\"588d49a\" data-element_type=\"widget\" data-e-type=\"widget\" data-widget_type=\"icon-list.default\">\n\t\t\t\t<div class=\"elementor-widget-container\">\n\t\t\t\t\t\t\t<ul class=\"elementor-icon-list-items\">\n\t\t\t\t\t\t\t<li class=\"elementor-icon-list-item\">\n\t\t\t\t\t\t\t\t\t\t\t<span class=\"elementor-icon-list-icon\">\n\t\t\t\t\t\t\t<i aria-hidden=\"true\" class=\"fas fa-chevron-right\"><\/i>\t\t\t\t\t\t<\/span>\n\t\t\t\t\t\t\t\t\t\t<span class=\"elementor-icon-list-text\">Qualified technical staff<\/span>\n\t\t\t\t\t\t\t\t\t<\/li>\n\t\t\t\t\t\t\t\t<li class=\"elementor-icon-list-item\">\n\t\t\t\t\t\t\t\t\t\t\t<span class=\"elementor-icon-list-icon\">\n\t\t\t\t\t\t\t<i aria-hidden=\"true\" class=\"fas fa-chevron-right\"><\/i>\t\t\t\t\t\t<\/span>\n\t\t\t\t\t\t\t\t\t\t<span class=\"elementor-icon-list-text\">In-depth knowledge of regulations on the transport of dangerous goods and product compatibility<\/span>\n\t\t\t\t\t\t\t\t\t<\/li>\n\t\t\t\t\t\t\t\t<li class=\"elementor-icon-list-item\">\n\t\t\t\t\t\t\t\t\t\t\t<span class=\"elementor-icon-list-icon\">\n\t\t\t\t\t\t\t<i aria-hidden=\"true\" class=\"fas fa-chevron-right\"><\/i>\t\t\t\t\t\t<\/span>\n\t\t\t\t\t\t\t\t\t\t<span class=\"elementor-icon-list-text\">Optimising maintenance and repairs<\/span>\n\t\t\t\t\t\t\t\t\t<\/li>\n\t\t\t\t\t\t\t\t<li class=\"elementor-icon-list-item\">\n\t\t\t\t\t\t\t\t\t\t\t<span class=\"elementor-icon-list-icon\">\n\t\t\t\t\t\t\t<i aria-hidden=\"true\" class=\"fas fa-chevron-right\"><\/i>\t\t\t\t\t\t<\/span>\n\t\t\t\t\t\t\t\t\t\t<span class=\"elementor-icon-list-text\">Worldwide network of depots for maintenance and repairs<\/span>\n\t\t\t\t\t\t\t\t\t<\/li>\n\t\t\t\t\t\t\t\t<li class=\"elementor-icon-list-item\">\n\t\t\t\t\t\t\t\t\t\t\t<span class=\"elementor-icon-list-icon\">\n\t\t\t\t\t\t\t<i aria-hidden=\"true\" class=\"fas fa-chevron-right\"><\/i>\t\t\t\t\t\t<\/span>\n\t\t\t\t\t\t\t\t\t\t<span class=\"elementor-icon-list-text\">Use of our own workshops for the maintenance and repair of special containers<\/span>\n\t\t\t\t\t\t\t\t\t<\/li>\n\t\t\t\t\t\t\t\t<li class=\"elementor-icon-list-item\">\n\t\t\t\t\t\t\t\t\t\t\t<span class=\"elementor-icon-list-icon\">\n\t\t\t\t\t\t\t<i aria-hidden=\"true\" class=\"fas fa-chevron-right\"><\/i>\t\t\t\t\t\t<\/span>\n\t\t\t\t\t\t\t\t\t\t<span class=\"elementor-icon-list-text\">Spare parts management<\/span>\n\t\t\t\t\t\t\t\t\t<\/li>\n\t\t\t\t\t\t<\/ul>\n\t\t\t\t\t\t<\/div>\n\t\t\t\t<\/div>\n\t\t\t\t<div class=\"elementor-element elementor-element-177caca elementor-widget__width-initial elementor-widget elementor-widget-heading\" data-id=\"177caca\" data-element_type=\"widget\" data-e-type=\"widget\" data-widget_type=\"heading.default\">\n\t\t\t\t<div class=\"elementor-widget-container\">\n\t\t\t\t\t<p class=\"elementor-heading-title elementor-size-default\">Service Annex :<\/p>\t\t\t\t<\/div>\n\t\t\t\t<\/div>\n\t\t\t\t<div class=\"elementor-element elementor-element-4bac00f elementor-widget__width-initial elementor-widget elementor-widget-heading\" data-id=\"4bac00f\" data-element_type=\"widget\" data-e-type=\"widget\" data-widget_type=\"heading.default\">\n\t\t\t\t<div class=\"elementor-widget-container\">\n\t\t\t\t\t<p class=\"elementor-heading-title elementor-size-default\">Through the Brun Group's core business, we can offer you turnkey overland and combined transport services.\nThe Group's 20 subsidiaries throughout France provide you with material and human support as road and dangerous goods professionals for road and rail transport.\nYou can therefore entrust us with the management of your transport operations, using our own equipment (tank containers as well as road tankers; chassis; tractors) and our own operators and drivers who are certified in hazardous materials.<\/p>\t\t\t\t<\/div>\n\t\t\t\t<\/div>\n\t\t\t\t\t<\/div>\n\t\t\t\t<\/div>\n\t\t\t\t\t<\/div>\n\t\t\t\t<\/div>\n\t\t<div data-particle_enable=\"false\" data-particle-mobile-disabled=\"false\" class=\"elementor-element elementor-element-2fc25d3 e-flex e-con-boxed e-con e-parent\" data-id=\"2fc25d3\" data-element_type=\"container\" data-e-type=\"container\" data-settings=\"{&quot;jet_parallax_layout_list&quot;:[],&quot;_ha_eqh_enable&quot;:false}\">\n\t\t\t\t\t<div class=\"e-con-inner\">\n\t\t<div data-particle_enable=\"false\" data-particle-mobile-disabled=\"false\" class=\"elementor-element elementor-element-3711a70 e-flex e-con-boxed e-con e-child\" data-id=\"3711a70\" data-element_type=\"container\" data-e-type=\"container\" data-settings=\"{&quot;jet_parallax_layout_list&quot;:[],&quot;_ha_eqh_enable&quot;:false}\">\n\t\t\t\t\t<div class=\"e-con-inner\">\n\t\t\t\t<div class=\"elementor-element elementor-element-9467611 elementor-widget__width-initial elementor-widget elementor-widget-image\" data-id=\"9467611\" data-element_type=\"widget\" data-e-type=\"widget\" data-widget_type=\"image.default\">\n\t\t\t\t<div class=\"elementor-widget-container\">\n\t\t\t\t\t\t\t\t\t\t\t\t\t\t\t<img fetchpriority=\"high\" decoding=\"async\" width=\"500\" height=\"500\" src=\"https:\/\/groupebrun.net\/wp-content\/uploads\/2024\/01\/Video-GIF-1.png\" class=\"attachment-full size-full wp-image-3464\" alt=\"\" srcset=\"https:\/\/groupebrun.net\/wp-content\/uploads\/2024\/01\/Video-GIF-1.png 500w, https:\/\/groupebrun.net\/wp-content\/uploads\/2024\/01\/Video-GIF-1-300x300.png 300w, https:\/\/groupebrun.net\/wp-content\/uploads\/2024\/01\/Video-GIF-1-150x150.png 150w, https:\/\/groupebrun.net\/wp-content\/uploads\/2024\/01\/Video-GIF-1-12x12.png 12w\" sizes=\"(max-width: 500px) 100vw, 500px\" \/>\t\t\t\t\t\t\t\t\t\t\t\t\t\t\t<\/div>\n\t\t\t\t<\/div>\n\t\t\t\t<div class=\"elementor-element elementor-element-7f2ba1b elementor-widget__width-initial elementor-widget elementor-widget-heading\" data-id=\"7f2ba1b\" data-element_type=\"widget\" data-e-type=\"widget\" data-widget_type=\"heading.default\">\n\t\t\t\t<div class=\"elementor-widget-container\">\n\t\t\t\t\t<h2 class=\"elementor-heading-title elementor-size-default\">LEARN MORE <\/h2>\t\t\t\t<\/div>\n\t\t\t\t<\/div>\n\t\t\t\t\t<\/div>\n\t\t\t\t<\/div>\n\t\t<div data-particle_enable=\"false\" data-particle-mobile-disabled=\"false\" class=\"elementor-element elementor-element-c934a64 e-flex e-con-boxed e-con e-child\" data-id=\"c934a64\" data-element_type=\"container\" data-e-type=\"container\" data-settings=\"{&quot;jet_parallax_layout_list&quot;:[],&quot;_ha_eqh_enable&quot;:false}\">\n\t\t\t\t\t<div class=\"e-con-inner\">\n\t\t<div data-particle_enable=\"false\" data-particle-mobile-disabled=\"false\" class=\"elementor-element elementor-element-339e1d0 e-con-full e-flex e-con e-child\" data-id=\"339e1d0\" data-element_type=\"container\" data-e-type=\"container\" data-settings=\"{&quot;jet_parallax_layout_list&quot;:[],&quot;_ha_eqh_enable&quot;:false}\">\n\t\t\t\t<div class=\"elementor-element elementor-element-a4e892b elementor-widget__width-initial elementor-widget elementor-widget-heading\" data-id=\"a4e892b\" data-element_type=\"widget\" data-e-type=\"widget\" data-widget_type=\"heading.default\">\n\t\t\t\t<div class=\"elementor-widget-container\">\n\t\t\t\t\t<p class=\"elementor-heading-title elementor-size-default\">St\u00e9phane DUTHOIT<\/p>\t\t\t\t<\/div>\n\t\t\t\t<\/div>\n\t\t\t\t<div class=\"elementor-element elementor-element-a5be8a6 elementor-icon-list--layout-traditional elementor-list-item-link-full_width elementor-widget elementor-widget-icon-list\" data-id=\"a5be8a6\" data-element_type=\"widget\" data-e-type=\"widget\" data-widget_type=\"icon-list.default\">\n\t\t\t\t<div class=\"elementor-widget-container\">\n\t\t\t\t\t\t\t<ul class=\"elementor-icon-list-items\">\n\t\t\t\t\t\t\t<li class=\"elementor-icon-list-item\">\n\t\t\t\t\t\t\t\t\t\t\t<a href=\"mailto:s.duthoit@brun-invest.net\">\n\n\t\t\t\t\t\t\t\t\t\t\t\t<span class=\"elementor-icon-list-icon\">\n\t\t\t\t\t\t\t<i aria-hidden=\"true\" class=\"fas fa-envelope\"><\/i>\t\t\t\t\t\t<\/span>\n\t\t\t\t\t\t\t\t\t\t<span class=\"elementor-icon-list-text\">s.duthoit@brun-invest.net<\/span>\n\t\t\t\t\t\t\t\t\t\t\t<\/a>\n\t\t\t\t\t\t\t\t\t<\/li>\n\t\t\t\t\t\t\t\t<li class=\"elementor-icon-list-item\">\n\t\t\t\t\t\t\t\t\t\t\t<a href=\"tel:0677850507\">\n\n\t\t\t\t\t\t\t\t\t\t\t\t<span class=\"elementor-icon-list-icon\">\n\t\t\t\t\t\t\t<i aria-hidden=\"true\" class=\"fas fa-phone-alt\"><\/i>\t\t\t\t\t\t<\/span>\n\t\t\t\t\t\t\t\t\t\t<span class=\"elementor-icon-list-text\">06 77 85 05 07<\/span>\n\t\t\t\t\t\t\t\t\t\t\t<\/a>\n\t\t\t\t\t\t\t\t\t<\/li>\n\t\t\t\t\t\t<\/ul>\n\t\t\t\t\t\t<\/div>\n\t\t\t\t<\/div>\n\t\t\t\t<\/div>\n\t\t\t\t\t<\/div>\n\t\t\t\t<\/div>\n\t\t\t\t\t<\/div>\n\t\t\t\t<\/div>\n\t\t\t\t<\/div>","protected":false},"excerpt":{"rendered":"<p>Que vous ayez besoin de citernes en acier, en inox ou de rev\u00eatements personnalis\u00e9s pour garantir la compatibilit\u00e9 avec les produits que vous transportez, nous avons la solution. Vous pouvez \u00e9galement profiter de notre service de location de semi-remorques, offrant une flexibilit\u00e9 in\u00e9gal\u00e9e pour g\u00e9rer votre flotte de v\u00e9hicules. Si la mobilit\u00e9 est essentielle pour [&hellip;]<\/p>\n","protected":false},"author":1,"featured_media":0,"parent":17,"menu_order":0,"comment_status":"closed","ping_status":"closed","template":"elementor_header_footer","meta":{"footnotes":""},"class_list":["post-3170","page","type-page","status-publish","hentry"],"yoast_head":"<!-- This site is optimized with the Yoast SEO plugin v27.4 - https:\/\/yoast.com\/product\/yoast-seo-wordpress\/ -->\n<title>Location de mat\u00e9riel - Groupe Brun<\/title>\n<meta name=\"robots\" content=\"index, follow, max-snippet:-1, max-image-preview:large, max-video-preview:-1\" \/>\n<link rel=\"canonical\" href=\"https:\/\/groupebrun.net\/en\/transport-and-logistics-solutions\/equipment-hire\/\" \/>\n<meta property=\"og:locale\" content=\"en_GB\" \/>\n<meta property=\"og:type\" content=\"article\" \/>\n<meta property=\"og:title\" content=\"Location de mat\u00e9riel - Groupe Brun\" \/>\n<meta property=\"og:description\" content=\"Que vous ayez besoin de citernes en acier, en inox ou de rev\u00eatements personnalis\u00e9s pour garantir la compatibilit\u00e9 avec les produits que vous transportez, nous avons la solution. Vous pouvez \u00e9galement profiter de notre service de location de semi-remorques, offrant une flexibilit\u00e9 in\u00e9gal\u00e9e pour g\u00e9rer votre flotte de v\u00e9hicules. Si la mobilit\u00e9 est essentielle pour [&hellip;]\" \/>\n<meta property=\"og:url\" content=\"https:\/\/groupebrun.net\/en\/transport-and-logistics-solutions\/equipment-hire\/\" \/>\n<meta property=\"og:site_name\" content=\"Groupe Brun\" \/>\n<meta property=\"article:modified_time\" content=\"2024-02-20T17:23:15+00:00\" \/>\n<meta property=\"og:image\" content=\"http:\/\/groupebrun.net\/wp-content\/uploads\/2024\/01\/Video-GIF-1.png\" \/>\n<meta name=\"twitter:card\" content=\"summary_large_image\" \/>\n<meta name=\"twitter:label1\" content=\"Estimated reading time\" \/>\n\t<meta name=\"twitter:data1\" content=\"3 minutes\" \/>\n<script type=\"application\/ld+json\" class=\"yoast-schema-graph\">{\"@context\":\"https:\\\/\\\/schema.org\",\"@graph\":[{\"@type\":\"WebPage\",\"@id\":\"https:\\\/\\\/groupebrun.net\\\/transport-et-solutions-logistiques\\\/location-de-materiel\\\/\",\"url\":\"https:\\\/\\\/groupebrun.net\\\/transport-et-solutions-logistiques\\\/location-de-materiel\\\/\",\"name\":\"Location de mat\u00e9riel - Groupe Brun\",\"isPartOf\":{\"@id\":\"https:\\\/\\\/groupebrun.net\\\/#website\"},\"primaryImageOfPage\":{\"@id\":\"https:\\\/\\\/groupebrun.net\\\/transport-et-solutions-logistiques\\\/location-de-materiel\\\/#primaryimage\"},\"image\":{\"@id\":\"https:\\\/\\\/groupebrun.net\\\/transport-et-solutions-logistiques\\\/location-de-materiel\\\/#primaryimage\"},\"thumbnailUrl\":\"http:\\\/\\\/groupebrun.net\\\/wp-content\\\/uploads\\\/2024\\\/01\\\/Video-GIF-1.png\",\"datePublished\":\"2023-11-30T18:30:13+00:00\",\"dateModified\":\"2024-02-20T17:23:15+00:00\",\"breadcrumb\":{\"@id\":\"https:\\\/\\\/groupebrun.net\\\/transport-et-solutions-logistiques\\\/location-de-materiel\\\/#breadcrumb\"},\"inLanguage\":\"en-GB\",\"potentialAction\":[{\"@type\":\"ReadAction\",\"target\":[\"https:\\\/\\\/groupebrun.net\\\/transport-et-solutions-logistiques\\\/location-de-materiel\\\/\"]}]},{\"@type\":\"ImageObject\",\"inLanguage\":\"en-GB\",\"@id\":\"https:\\\/\\\/groupebrun.net\\\/transport-et-solutions-logistiques\\\/location-de-materiel\\\/#primaryimage\",\"url\":\"http:\\\/\\\/groupebrun.net\\\/wp-content\\\/uploads\\\/2024\\\/01\\\/Video-GIF-1.png\",\"contentUrl\":\"http:\\\/\\\/groupebrun.net\\\/wp-content\\\/uploads\\\/2024\\\/01\\\/Video-GIF-1.png\"},{\"@type\":\"BreadcrumbList\",\"@id\":\"https:\\\/\\\/groupebrun.net\\\/transport-et-solutions-logistiques\\\/location-de-materiel\\\/#breadcrumb\",\"itemListElement\":[{\"@type\":\"ListItem\",\"position\":1,\"name\":\"Accueil\",\"item\":\"https:\\\/\\\/groupebrun.net\\\/\"},{\"@type\":\"ListItem\",\"position\":2,\"name\":\"Transport et solutions logistiques\",\"item\":\"https:\\\/\\\/groupebrun.net\\\/transport-et-solutions-logistiques\\\/\"},{\"@type\":\"ListItem\",\"position\":3,\"name\":\"Location de mat\u00e9riel\"}]},{\"@type\":\"WebSite\",\"@id\":\"https:\\\/\\\/groupebrun.net\\\/#website\",\"url\":\"https:\\\/\\\/groupebrun.net\\\/\",\"name\":\"Groupe Brun\",\"description\":\"\",\"potentialAction\":[{\"@type\":\"SearchAction\",\"target\":{\"@type\":\"EntryPoint\",\"urlTemplate\":\"https:\\\/\\\/groupebrun.net\\\/?s={search_term_string}\"},\"query-input\":{\"@type\":\"PropertyValueSpecification\",\"valueRequired\":true,\"valueName\":\"search_term_string\"}}],\"inLanguage\":\"en-GB\"}]}<\/script>\n<!-- \/ Yoast SEO plugin. -->","yoast_head_json":{"title":"Equipment hire - Groupe Brun","robots":{"index":"index","follow":"follow","max-snippet":"max-snippet:-1","max-image-preview":"max-image-preview:large","max-video-preview":"max-video-preview:-1"},"canonical":"https:\/\/groupebrun.net\/en\/transport-and-logistics-solutions\/equipment-hire\/","og_locale":"en_GB","og_type":"article","og_title":"Location de mat\u00e9riel - Groupe Brun","og_description":"Que vous ayez besoin de citernes en acier, en inox ou de rev\u00eatements personnalis\u00e9s pour garantir la compatibilit\u00e9 avec les produits que vous transportez, nous avons la solution. Vous pouvez \u00e9galement profiter de notre service de location de semi-remorques, offrant une flexibilit\u00e9 in\u00e9gal\u00e9e pour g\u00e9rer votre flotte de v\u00e9hicules. Si la mobilit\u00e9 est essentielle pour [&hellip;]","og_url":"https:\/\/groupebrun.net\/en\/transport-and-logistics-solutions\/equipment-hire\/","og_site_name":"Groupe Brun","article_modified_time":"2024-02-20T17:23:15+00:00","og_image":[{"url":"http:\/\/groupebrun.net\/wp-content\/uploads\/2024\/01\/Video-GIF-1.png","type":"","width":"","height":""}],"twitter_card":"summary_large_image","twitter_misc":{"Estimated reading time":"3 minutes"},"schema":{"@context":"https:\/\/schema.org","@graph":[{"@type":"WebPage","@id":"https:\/\/groupebrun.net\/transport-et-solutions-logistiques\/location-de-materiel\/","url":"https:\/\/groupebrun.net\/transport-et-solutions-logistiques\/location-de-materiel\/","name":"Equipment hire - Groupe Brun","isPartOf":{"@id":"https:\/\/groupebrun.net\/#website"},"primaryImageOfPage":{"@id":"https:\/\/groupebrun.net\/transport-et-solutions-logistiques\/location-de-materiel\/#primaryimage"},"image":{"@id":"https:\/\/groupebrun.net\/transport-et-solutions-logistiques\/location-de-materiel\/#primaryimage"},"thumbnailUrl":"http:\/\/groupebrun.net\/wp-content\/uploads\/2024\/01\/Video-GIF-1.png","datePublished":"2023-11-30T18:30:13+00:00","dateModified":"2024-02-20T17:23:15+00:00","breadcrumb":{"@id":"https:\/\/groupebrun.net\/transport-et-solutions-logistiques\/location-de-materiel\/#breadcrumb"},"inLanguage":"en-GB","potentialAction":[{"@type":"ReadAction","target":["https:\/\/groupebrun.net\/transport-et-solutions-logistiques\/location-de-materiel\/"]}]},{"@type":"ImageObject","inLanguage":"en-GB","@id":"https:\/\/groupebrun.net\/transport-et-solutions-logistiques\/location-de-materiel\/#primaryimage","url":"http:\/\/groupebrun.net\/wp-content\/uploads\/2024\/01\/Video-GIF-1.png","contentUrl":"http:\/\/groupebrun.net\/wp-content\/uploads\/2024\/01\/Video-GIF-1.png"},{"@type":"BreadcrumbList","@id":"https:\/\/groupebrun.net\/transport-et-solutions-logistiques\/location-de-materiel\/#breadcrumb","itemListElement":[{"@type":"ListItem","position":1,"name":"Accueil","item":"https:\/\/groupebrun.net\/"},{"@type":"ListItem","position":2,"name":"Transport et solutions logistiques","item":"https:\/\/groupebrun.net\/transport-et-solutions-logistiques\/"},{"@type":"ListItem","position":3,"name":"Location de mat\u00e9riel"}]},{"@type":"WebSite","@id":"https:\/\/groupebrun.net\/#website","url":"https:\/\/groupebrun.net\/","name":"Brun Group","description":"","potentialAction":[{"@type":"SearchAction","target":{"@type":"EntryPoint","urlTemplate":"https:\/\/groupebrun.net\/?s={search_term_string}"},"query-input":{"@type":"PropertyValueSpecification","valueRequired":true,"valueName":"search_term_string"}}],"inLanguage":"en-GB"}]}},"_links":{"self":[{"href":"https:\/\/groupebrun.net\/en\/wp-json\/wp\/v2\/pages\/3170","targetHints":{"allow":["GET"]}}],"collection":[{"href":"https:\/\/groupebrun.net\/en\/wp-json\/wp\/v2\/pages"}],"about":[{"href":"https:\/\/groupebrun.net\/en\/wp-json\/wp\/v2\/types\/page"}],"author":[{"embeddable":true,"href":"https:\/\/groupebrun.net\/en\/wp-json\/wp\/v2\/users\/1"}],"replies":[{"embeddable":true,"href":"https:\/\/groupebrun.net\/en\/wp-json\/wp\/v2\/comments?post=3170"}],"version-history":[{"count":19,"href":"https:\/\/groupebrun.net\/en\/wp-json\/wp\/v2\/pages\/3170\/revisions"}],"predecessor-version":[{"id":4590,"href":"https:\/\/groupebrun.net\/en\/wp-json\/wp\/v2\/pages\/3170\/revisions\/4590"}],"up":[{"embeddable":true,"href":"https:\/\/groupebrun.net\/en\/wp-json\/wp\/v2\/pages\/17"}],"wp:attachment":[{"href":"https:\/\/groupebrun.net\/en\/wp-json\/wp\/v2\/media?parent=3170"}],"curies":[{"name":"wp","href":"https:\/\/api.w.org\/{rel}","templated":true}]}}