{"id":3172,"date":"2023-11-30T18:30:27","date_gmt":"2023-11-30T18:30:27","guid":{"rendered":"https:\/\/groupebrun.net\/?page_id=3172"},"modified":"2024-02-14T14:01:44","modified_gmt":"2024-02-14T14:01:44","slug":"storage-and-warehousing","status":"publish","type":"page","link":"https:\/\/groupebrun.net\/en\/transport-and-logistics-solutions\/storage-and-warehousing\/","title":{"rendered":"Storage and warehousing"},"content":{"rendered":"<div data-elementor-type=\"wp-page\" data-elementor-id=\"3172\" class=\"elementor elementor-3172\" data-elementor-settings=\"{&quot;ha_cmc_init_switcher&quot;:&quot;no&quot;}\" data-elementor-post-type=\"page\">\n\t\t\t\t<div data-particle_enable=\"false\" data-particle-mobile-disabled=\"false\" class=\"elementor-element elementor-element-62118c7 e-flex e-con-boxed e-con e-parent\" data-id=\"62118c7\" data-element_type=\"container\" data-e-type=\"container\" data-settings=\"{&quot;background_background&quot;:&quot;classic&quot;,&quot;jet_parallax_layout_list&quot;:[],&quot;_ha_eqh_enable&quot;:false}\">\n\t\t\t\t\t<div class=\"e-con-inner\">\n\t\t\t\t<div class=\"elementor-element elementor-element-1898290 elementor-widget elementor-widget-heading\" data-id=\"1898290\" data-element_type=\"widget\" data-e-type=\"widget\" data-widget_type=\"heading.default\">\n\t\t\t\t<div class=\"elementor-widget-container\">\n\t\t\t\t\t<h1 class=\"elementor-heading-title elementor-size-default\">Storage and warehousing<\/h1>\t\t\t\t<\/div>\n\t\t\t\t<\/div>\n\t\t\t\t\t<\/div>\n\t\t\t\t<\/div>\n\t\t<div data-particle_enable=\"false\" data-particle-mobile-disabled=\"false\" class=\"elementor-element elementor-element-4faa2fd e-flex e-con-boxed e-con e-parent\" data-id=\"4faa2fd\" data-element_type=\"container\" data-e-type=\"container\" data-settings=\"{&quot;jet_parallax_layout_list&quot;:[],&quot;_ha_eqh_enable&quot;:false}\">\n\t\t\t\t\t<div class=\"e-con-inner\">\n\t\t<div data-particle_enable=\"false\" data-particle-mobile-disabled=\"false\" class=\"elementor-element elementor-element-b7d15f6 e-flex e-con-boxed e-con e-child\" data-id=\"b7d15f6\" data-element_type=\"container\" data-e-type=\"container\" data-settings=\"{&quot;jet_parallax_layout_list&quot;:[],&quot;_ha_eqh_enable&quot;:false}\">\n\t\t\t\t\t<div class=\"e-con-inner\">\n\t\t\t\t<div class=\"elementor-element elementor-element-a0ae2c0 elementor-widget__width-initial elementor-widget elementor-widget-heading\" data-id=\"a0ae2c0\" data-element_type=\"widget\" data-e-type=\"widget\" data-widget_type=\"heading.default\">\n\t\t\t\t<div class=\"elementor-widget-container\">\n\t\t\t\t\t<p class=\"elementor-heading-title elementor-size-default\">The Brun Group has a storage platform for non-regulated dry products for the chemical, automotive and mechanical industries in Vieux-Thann.<br><br>The site is a depository for air gases and distributes them to the south of Alsace and the north of Franche-Comt\u00e9.<br><br>Our trained staff work directly on SEVESO sites, as does a team of 1-3-5 forklift drivers with dedicated means of transport.<br><br>Our storage platform has 12,000 m\u00b2 of its own storage space and a facility for transferring packaged products to bulk road transport.<\/p>\t\t\t\t<\/div>\n\t\t\t\t<\/div>\n\t\t\t\t\t<\/div>\n\t\t\t\t<\/div>\n\t\t\t\t\t<\/div>\n\t\t\t\t<\/div>\n\t\t<div data-particle_enable=\"false\" data-particle-mobile-disabled=\"false\" class=\"elementor-element elementor-element-1d42df2 e-con-full e-flex e-con e-parent\" data-id=\"1d42df2\" data-element_type=\"container\" data-e-type=\"container\" data-settings=\"{&quot;jet_parallax_layout_list&quot;:[],&quot;background_background&quot;:&quot;classic&quot;,&quot;_ha_eqh_enable&quot;:false}\">\n\t\t\t\t<div class=\"elementor-element elementor-element-68650cd elementor-widget__width-initial elementor-widget elementor-widget-heading\" data-id=\"68650cd\" data-element_type=\"widget\" data-e-type=\"widget\" data-widget_type=\"heading.default\">\n\t\t\t\t<div class=\"elementor-widget-container\">\n\t\t\t\t\t<h2 class=\"elementor-heading-title elementor-size-default\">Storage, for which players?\n<\/h2>\t\t\t\t<\/div>\n\t\t\t\t<\/div>\n\t\t<div data-particle_enable=\"false\" data-particle-mobile-disabled=\"false\" class=\"elementor-element elementor-element-64f61de e-con-full e-flex e-con e-child\" data-id=\"64f61de\" data-element_type=\"container\" data-e-type=\"container\" data-settings=\"{&quot;jet_parallax_layout_list&quot;:[],&quot;_ha_eqh_enable&quot;:false}\">\n\t\t\t\t<div class=\"elementor-element elementor-element-44a550e elementor-widget__width-initial elementor-widget elementor-widget-image\" data-id=\"44a550e\" data-element_type=\"widget\" data-e-type=\"widget\" data-widget_type=\"image.default\">\n\t\t\t\t<div class=\"elementor-widget-container\">\n\t\t\t\t\t\t\t\t\t\t\t\t\t\t\t<img fetchpriority=\"high\" decoding=\"async\" width=\"938\" height=\"938\" src=\"https:\/\/groupebrun.net\/wp-content\/uploads\/2024\/01\/2-7.png\" class=\"attachment-full size-full wp-image-3631\" alt=\"\" srcset=\"https:\/\/groupebrun.net\/wp-content\/uploads\/2024\/01\/2-7.png 938w, https:\/\/groupebrun.net\/wp-content\/uploads\/2024\/01\/2-7-300x300.png 300w, https:\/\/groupebrun.net\/wp-content\/uploads\/2024\/01\/2-7-150x150.png 150w, https:\/\/groupebrun.net\/wp-content\/uploads\/2024\/01\/2-7-768x768.png 768w, https:\/\/groupebrun.net\/wp-content\/uploads\/2024\/01\/2-7-12x12.png 12w\" sizes=\"(max-width: 938px) 100vw, 938px\" \/>\t\t\t\t\t\t\t\t\t\t\t\t\t\t\t<\/div>\n\t\t\t\t<\/div>\n\t\t\t\t<div class=\"elementor-element elementor-element-23e9a8b elementor-widget__width-initial elementor-widget elementor-widget-heading\" data-id=\"23e9a8b\" data-element_type=\"widget\" data-e-type=\"widget\" data-widget_type=\"heading.default\">\n\t\t\t\t<div class=\"elementor-widget-container\">\n\t\t\t\t\t<p class=\"elementor-heading-title elementor-size-default\">Chemicals players<\/p>\t\t\t\t<\/div>\n\t\t\t\t<\/div>\n\t\t\t\t<div class=\"elementor-element elementor-element-8228fbb elementor-widget__width-initial elementor-widget-divider--view-line elementor-widget elementor-widget-divider\" data-id=\"8228fbb\" data-element_type=\"widget\" data-e-type=\"widget\" data-widget_type=\"divider.default\">\n\t\t\t\t<div class=\"elementor-widget-container\">\n\t\t\t\t\t\t\t<div class=\"elementor-divider\">\n\t\t\t<span class=\"elementor-divider-separator\">\n\t\t\t\t\t\t<\/span>\n\t\t<\/div>\n\t\t\t\t\t\t<\/div>\n\t\t\t\t<\/div>\n\t\t\t\t<\/div>\n\t\t<div data-particle_enable=\"false\" data-particle-mobile-disabled=\"false\" class=\"elementor-element elementor-element-a0d38fc e-con-full e-flex e-con e-child\" data-id=\"a0d38fc\" data-element_type=\"container\" data-e-type=\"container\" data-settings=\"{&quot;jet_parallax_layout_list&quot;:[],&quot;_ha_eqh_enable&quot;:false}\">\n\t\t\t\t<div class=\"elementor-element elementor-element-74495ae elementor-widget__width-initial elementor-widget elementor-widget-image\" data-id=\"74495ae\" data-element_type=\"widget\" data-e-type=\"widget\" data-widget_type=\"image.default\">\n\t\t\t\t<div class=\"elementor-widget-container\">\n\t\t\t\t\t\t\t\t\t\t\t\t\t\t\t<img decoding=\"async\" width=\"938\" height=\"938\" src=\"https:\/\/groupebrun.net\/wp-content\/uploads\/2024\/01\/4-7.png\" class=\"attachment-full size-full wp-image-3633\" alt=\"\" srcset=\"https:\/\/groupebrun.net\/wp-content\/uploads\/2024\/01\/4-7.png 938w, https:\/\/groupebrun.net\/wp-content\/uploads\/2024\/01\/4-7-300x300.png 300w, https:\/\/groupebrun.net\/wp-content\/uploads\/2024\/01\/4-7-150x150.png 150w, https:\/\/groupebrun.net\/wp-content\/uploads\/2024\/01\/4-7-768x768.png 768w, https:\/\/groupebrun.net\/wp-content\/uploads\/2024\/01\/4-7-12x12.png 12w\" sizes=\"(max-width: 938px) 100vw, 938px\" \/>\t\t\t\t\t\t\t\t\t\t\t\t\t\t\t<\/div>\n\t\t\t\t<\/div>\n\t\t\t\t<div class=\"elementor-element elementor-element-4c61093 elementor-widget__width-initial elementor-widget elementor-widget-heading\" data-id=\"4c61093\" data-element_type=\"widget\" data-e-type=\"widget\" data-widget_type=\"heading.default\">\n\t\t\t\t<div class=\"elementor-widget-container\">\n\t\t\t\t\t<p class=\"elementor-heading-title elementor-size-default\">Automotive players <\/p>\t\t\t\t<\/div>\n\t\t\t\t<\/div>\n\t\t\t\t<div class=\"elementor-element elementor-element-48adf0e elementor-widget__width-initial elementor-widget-divider--view-line elementor-widget elementor-widget-divider\" data-id=\"48adf0e\" data-element_type=\"widget\" data-e-type=\"widget\" data-widget_type=\"divider.default\">\n\t\t\t\t<div class=\"elementor-widget-container\">\n\t\t\t\t\t\t\t<div class=\"elementor-divider\">\n\t\t\t<span class=\"elementor-divider-separator\">\n\t\t\t\t\t\t<\/span>\n\t\t<\/div>\n\t\t\t\t\t\t<\/div>\n\t\t\t\t<\/div>\n\t\t\t\t<\/div>\n\t\t<div data-particle_enable=\"false\" data-particle-mobile-disabled=\"false\" class=\"elementor-element elementor-element-3917e62 e-con-full e-flex e-con e-child\" data-id=\"3917e62\" data-element_type=\"container\" data-e-type=\"container\" data-settings=\"{&quot;jet_parallax_layout_list&quot;:[],&quot;_ha_eqh_enable&quot;:false}\">\n\t\t\t\t<div class=\"elementor-element elementor-element-b55345f elementor-widget__width-initial elementor-widget elementor-widget-image\" data-id=\"b55345f\" data-element_type=\"widget\" data-e-type=\"widget\" data-widget_type=\"image.default\">\n\t\t\t\t<div class=\"elementor-widget-container\">\n\t\t\t\t\t\t\t\t\t\t\t\t\t\t\t<img decoding=\"async\" width=\"938\" height=\"938\" src=\"https:\/\/groupebrun.net\/wp-content\/uploads\/2024\/01\/3-7.png\" class=\"attachment-full size-full wp-image-3632\" alt=\"\" srcset=\"https:\/\/groupebrun.net\/wp-content\/uploads\/2024\/01\/3-7.png 938w, https:\/\/groupebrun.net\/wp-content\/uploads\/2024\/01\/3-7-300x300.png 300w, https:\/\/groupebrun.net\/wp-content\/uploads\/2024\/01\/3-7-150x150.png 150w, https:\/\/groupebrun.net\/wp-content\/uploads\/2024\/01\/3-7-768x768.png 768w, https:\/\/groupebrun.net\/wp-content\/uploads\/2024\/01\/3-7-12x12.png 12w\" sizes=\"(max-width: 938px) 100vw, 938px\" \/>\t\t\t\t\t\t\t\t\t\t\t\t\t\t\t<\/div>\n\t\t\t\t<\/div>\n\t\t\t\t<div class=\"elementor-element elementor-element-cffb928 elementor-widget__width-initial elementor-widget elementor-widget-heading\" data-id=\"cffb928\" data-element_type=\"widget\" data-e-type=\"widget\" data-widget_type=\"heading.default\">\n\t\t\t\t<div class=\"elementor-widget-container\">\n\t\t\t\t\t<p class=\"elementor-heading-title elementor-size-default\">Mechanical engineering players <\/p>\t\t\t\t<\/div>\n\t\t\t\t<\/div>\n\t\t\t\t<div class=\"elementor-element elementor-element-8716f3f elementor-widget__width-initial elementor-widget-divider--view-line elementor-widget elementor-widget-divider\" data-id=\"8716f3f\" data-element_type=\"widget\" data-e-type=\"widget\" data-widget_type=\"divider.default\">\n\t\t\t\t<div class=\"elementor-widget-container\">\n\t\t\t\t\t\t\t<div class=\"elementor-divider\">\n\t\t\t<span class=\"elementor-divider-separator\">\n\t\t\t\t\t\t<\/span>\n\t\t<\/div>\n\t\t\t\t\t\t<\/div>\n\t\t\t\t<\/div>\n\t\t\t\t<\/div>\n\t\t\t\t<\/div>\n\t\t<div data-particle_enable=\"false\" data-particle-mobile-disabled=\"false\" class=\"elementor-element elementor-element-244b78d e-flex e-con-boxed e-con e-parent\" data-id=\"244b78d\" data-element_type=\"container\" data-e-type=\"container\" data-settings=\"{&quot;jet_parallax_layout_list&quot;:[],&quot;_ha_eqh_enable&quot;:false}\">\n\t\t\t\t\t<div class=\"e-con-inner\">\n\t\t<div data-particle_enable=\"false\" data-particle-mobile-disabled=\"false\" class=\"elementor-element elementor-element-ed6df14 e-flex e-con-boxed e-con e-child\" data-id=\"ed6df14\" data-element_type=\"container\" data-e-type=\"container\" data-settings=\"{&quot;jet_parallax_layout_list&quot;:[],&quot;_ha_eqh_enable&quot;:false}\">\n\t\t\t\t\t<div class=\"e-con-inner\">\n\t\t\t\t<div class=\"elementor-element elementor-element-c88eda0 elementor-widget__width-initial elementor-widget elementor-widget-image\" data-id=\"c88eda0\" data-element_type=\"widget\" data-e-type=\"widget\" data-widget_type=\"image.default\">\n\t\t\t\t<div class=\"elementor-widget-container\">\n\t\t\t\t\t\t\t\t\t\t\t\t\t\t\t<img loading=\"lazy\" decoding=\"async\" width=\"500\" height=\"500\" src=\"https:\/\/groupebrun.net\/wp-content\/uploads\/2024\/01\/Video-GIF-1.png\" class=\"attachment-full size-full wp-image-3464\" alt=\"\" srcset=\"https:\/\/groupebrun.net\/wp-content\/uploads\/2024\/01\/Video-GIF-1.png 500w, https:\/\/groupebrun.net\/wp-content\/uploads\/2024\/01\/Video-GIF-1-300x300.png 300w, https:\/\/groupebrun.net\/wp-content\/uploads\/2024\/01\/Video-GIF-1-150x150.png 150w, https:\/\/groupebrun.net\/wp-content\/uploads\/2024\/01\/Video-GIF-1-12x12.png 12w\" sizes=\"(max-width: 500px) 100vw, 500px\" \/>\t\t\t\t\t\t\t\t\t\t\t\t\t\t\t<\/div>\n\t\t\t\t<\/div>\n\t\t\t\t<div class=\"elementor-element elementor-element-39f0863 elementor-widget__width-initial elementor-widget elementor-widget-heading\" data-id=\"39f0863\" data-element_type=\"widget\" data-e-type=\"widget\" data-widget_type=\"heading.default\">\n\t\t\t\t<div class=\"elementor-widget-container\">\n\t\t\t\t\t<h2 class=\"elementor-heading-title elementor-size-default\">LEARN MORE <\/h2>\t\t\t\t<\/div>\n\t\t\t\t<\/div>\n\t\t\t\t\t<\/div>\n\t\t\t\t<\/div>\n\t\t<div data-particle_enable=\"false\" data-particle-mobile-disabled=\"false\" class=\"elementor-element elementor-element-d3b31e4 e-flex e-con-boxed e-con e-child\" data-id=\"d3b31e4\" data-element_type=\"container\" data-e-type=\"container\" data-settings=\"{&quot;jet_parallax_layout_list&quot;:[],&quot;_ha_eqh_enable&quot;:false}\">\n\t\t\t\t\t<div class=\"e-con-inner\">\n\t\t<div data-particle_enable=\"false\" data-particle-mobile-disabled=\"false\" class=\"elementor-element elementor-element-108d11f e-con-full e-flex e-con e-child\" data-id=\"108d11f\" data-element_type=\"container\" data-e-type=\"container\" data-settings=\"{&quot;jet_parallax_layout_list&quot;:[],&quot;_ha_eqh_enable&quot;:false}\">\n\t\t\t\t<div class=\"elementor-element elementor-element-82c9008 elementor-widget__width-initial elementor-widget elementor-widget-heading\" data-id=\"82c9008\" data-element_type=\"widget\" data-e-type=\"widget\" data-widget_type=\"heading.default\">\n\t\t\t\t<div class=\"elementor-widget-container\">\n\t\t\t\t\t<p class=\"elementor-heading-title elementor-size-default\">Christophe WIOLAND<\/p>\t\t\t\t<\/div>\n\t\t\t\t<\/div>\n\t\t\t\t<div class=\"elementor-element elementor-element-2744376 elementor-icon-list--layout-traditional elementor-list-item-link-full_width elementor-widget elementor-widget-icon-list\" data-id=\"2744376\" data-element_type=\"widget\" data-e-type=\"widget\" data-widget_type=\"icon-list.default\">\n\t\t\t\t<div class=\"elementor-widget-container\">\n\t\t\t\t\t\t\t<ul class=\"elementor-icon-list-items\">\n\t\t\t\t\t\t\t<li class=\"elementor-icon-list-item\">\n\t\t\t\t\t\t\t\t\t\t\t<a href=\"mailto:c.wioland@brun-invest.net\">\n\n\t\t\t\t\t\t\t\t\t\t\t\t<span class=\"elementor-icon-list-icon\">\n\t\t\t\t\t\t\t<i aria-hidden=\"true\" class=\"fas fa-envelope\"><\/i>\t\t\t\t\t\t<\/span>\n\t\t\t\t\t\t\t\t\t\t<span class=\"elementor-icon-list-text\">c.wioland@brun-invest.net<\/span>\n\t\t\t\t\t\t\t\t\t\t\t<\/a>\n\t\t\t\t\t\t\t\t\t<\/li>\n\t\t\t\t\t\t\t\t<li class=\"elementor-icon-list-item\">\n\t\t\t\t\t\t\t\t\t\t\t<a href=\"tel:0612476061\">\n\n\t\t\t\t\t\t\t\t\t\t\t\t<span class=\"elementor-icon-list-icon\">\n\t\t\t\t\t\t\t<i aria-hidden=\"true\" class=\"fas fa-phone-alt\"><\/i>\t\t\t\t\t\t<\/span>\n\t\t\t\t\t\t\t\t\t\t<span class=\"elementor-icon-list-text\"> 06 12 47 60 61<\/span>\n\t\t\t\t\t\t\t\t\t\t\t<\/a>\n\t\t\t\t\t\t\t\t\t<\/li>\n\t\t\t\t\t\t<\/ul>\n\t\t\t\t\t\t<\/div>\n\t\t\t\t<\/div>\n\t\t\t\t<\/div>\n\t\t\t\t\t<\/div>\n\t\t\t\t<\/div>\n\t\t\t\t\t<\/div>\n\t\t\t\t<\/div>\n\t\t\t\t<\/div>","protected":false},"excerpt":{"rendered":"<p>Le Groupe Brun poss\u00e8de une plateforme de stockage de produits secs non r\u00e9glement\u00e9s pour les acteurs de la chimie, l\u2019automobile et la m\u00e9canique \u00e0 Vieux-Thann. Le site est d\u00e9positaire pour les gaz de l\u2019air et en assure la distribution au Sud de l&rsquo;Alsace et au Nord de la Franche-Comt\u00e9. Notre personnel form\u00e9 intervient directement sur [&hellip;]<\/p>\n","protected":false},"author":1,"featured_media":0,"parent":17,"menu_order":0,"comment_status":"closed","ping_status":"closed","template":"elementor_header_footer","meta":{"footnotes":""},"class_list":["post-3172","page","type-page","status-publish","hentry"],"yoast_head":"<!-- This site is optimized with the Yoast SEO plugin v27.4 - https:\/\/yoast.com\/product\/yoast-seo-wordpress\/ -->\n<title>Stockage et entreposage - Groupe Brun<\/title>\n<meta name=\"robots\" content=\"index, follow, max-snippet:-1, max-image-preview:large, max-video-preview:-1\" \/>\n<link rel=\"canonical\" href=\"https:\/\/groupebrun.net\/en\/transport-and-logistics-solutions\/storage-and-warehousing\/\" \/>\n<meta property=\"og:locale\" content=\"en_GB\" \/>\n<meta property=\"og:type\" content=\"article\" \/>\n<meta property=\"og:title\" content=\"Stockage et entreposage - Groupe Brun\" \/>\n<meta property=\"og:description\" content=\"Le Groupe Brun poss\u00e8de une plateforme de stockage de produits secs non r\u00e9glement\u00e9s pour les acteurs de la chimie, l\u2019automobile et la m\u00e9canique \u00e0 Vieux-Thann. Le site est d\u00e9positaire pour les gaz de l\u2019air et en assure la distribution au Sud de l&rsquo;Alsace et au Nord de la Franche-Comt\u00e9. Notre personnel form\u00e9 intervient directement sur [&hellip;]\" \/>\n<meta property=\"og:url\" content=\"https:\/\/groupebrun.net\/en\/transport-and-logistics-solutions\/storage-and-warehousing\/\" \/>\n<meta property=\"og:site_name\" content=\"Groupe Brun\" \/>\n<meta property=\"article:modified_time\" content=\"2024-02-14T14:01:44+00:00\" \/>\n<meta property=\"og:image\" content=\"http:\/\/groupebrun.net\/wp-content\/uploads\/2024\/01\/2-7.png\" \/>\n<meta name=\"twitter:card\" content=\"summary_large_image\" \/>\n<meta name=\"twitter:label1\" content=\"Estimated reading time\" \/>\n\t<meta name=\"twitter:data1\" content=\"2 minutes\" \/>\n<script type=\"application\/ld+json\" class=\"yoast-schema-graph\">{\"@context\":\"https:\\\/\\\/schema.org\",\"@graph\":[{\"@type\":\"WebPage\",\"@id\":\"https:\\\/\\\/groupebrun.net\\\/transport-et-solutions-logistiques\\\/stockage-et-entreposage\\\/\",\"url\":\"https:\\\/\\\/groupebrun.net\\\/transport-et-solutions-logistiques\\\/stockage-et-entreposage\\\/\",\"name\":\"Stockage et entreposage - Groupe Brun\",\"isPartOf\":{\"@id\":\"https:\\\/\\\/groupebrun.net\\\/#website\"},\"primaryImageOfPage\":{\"@id\":\"https:\\\/\\\/groupebrun.net\\\/transport-et-solutions-logistiques\\\/stockage-et-entreposage\\\/#primaryimage\"},\"image\":{\"@id\":\"https:\\\/\\\/groupebrun.net\\\/transport-et-solutions-logistiques\\\/stockage-et-entreposage\\\/#primaryimage\"},\"thumbnailUrl\":\"http:\\\/\\\/groupebrun.net\\\/wp-content\\\/uploads\\\/2024\\\/01\\\/2-7.png\",\"datePublished\":\"2023-11-30T18:30:27+00:00\",\"dateModified\":\"2024-02-14T14:01:44+00:00\",\"breadcrumb\":{\"@id\":\"https:\\\/\\\/groupebrun.net\\\/transport-et-solutions-logistiques\\\/stockage-et-entreposage\\\/#breadcrumb\"},\"inLanguage\":\"en-GB\",\"potentialAction\":[{\"@type\":\"ReadAction\",\"target\":[\"https:\\\/\\\/groupebrun.net\\\/transport-et-solutions-logistiques\\\/stockage-et-entreposage\\\/\"]}]},{\"@type\":\"ImageObject\",\"inLanguage\":\"en-GB\",\"@id\":\"https:\\\/\\\/groupebrun.net\\\/transport-et-solutions-logistiques\\\/stockage-et-entreposage\\\/#primaryimage\",\"url\":\"http:\\\/\\\/groupebrun.net\\\/wp-content\\\/uploads\\\/2024\\\/01\\\/2-7.png\",\"contentUrl\":\"http:\\\/\\\/groupebrun.net\\\/wp-content\\\/uploads\\\/2024\\\/01\\\/2-7.png\"},{\"@type\":\"BreadcrumbList\",\"@id\":\"https:\\\/\\\/groupebrun.net\\\/transport-et-solutions-logistiques\\\/stockage-et-entreposage\\\/#breadcrumb\",\"itemListElement\":[{\"@type\":\"ListItem\",\"position\":1,\"name\":\"Accueil\",\"item\":\"https:\\\/\\\/groupebrun.net\\\/\"},{\"@type\":\"ListItem\",\"position\":2,\"name\":\"Transport et solutions logistiques\",\"item\":\"https:\\\/\\\/groupebrun.net\\\/transport-et-solutions-logistiques\\\/\"},{\"@type\":\"ListItem\",\"position\":3,\"name\":\"Stockage et entreposage\"}]},{\"@type\":\"WebSite\",\"@id\":\"https:\\\/\\\/groupebrun.net\\\/#website\",\"url\":\"https:\\\/\\\/groupebrun.net\\\/\",\"name\":\"Groupe Brun\",\"description\":\"\",\"potentialAction\":[{\"@type\":\"SearchAction\",\"target\":{\"@type\":\"EntryPoint\",\"urlTemplate\":\"https:\\\/\\\/groupebrun.net\\\/?s={search_term_string}\"},\"query-input\":{\"@type\":\"PropertyValueSpecification\",\"valueRequired\":true,\"valueName\":\"search_term_string\"}}],\"inLanguage\":\"en-GB\"}]}<\/script>\n<!-- \/ Yoast SEO plugin. -->","yoast_head_json":{"title":"Storage and warehousing - Groupe Brun","robots":{"index":"index","follow":"follow","max-snippet":"max-snippet:-1","max-image-preview":"max-image-preview:large","max-video-preview":"max-video-preview:-1"},"canonical":"https:\/\/groupebrun.net\/en\/transport-and-logistics-solutions\/storage-and-warehousing\/","og_locale":"en_GB","og_type":"article","og_title":"Stockage et entreposage - Groupe Brun","og_description":"Le Groupe Brun poss\u00e8de une plateforme de stockage de produits secs non r\u00e9glement\u00e9s pour les acteurs de la chimie, l\u2019automobile et la m\u00e9canique \u00e0 Vieux-Thann. Le site est d\u00e9positaire pour les gaz de l\u2019air et en assure la distribution au Sud de l&rsquo;Alsace et au Nord de la Franche-Comt\u00e9. Notre personnel form\u00e9 intervient directement sur [&hellip;]","og_url":"https:\/\/groupebrun.net\/en\/transport-and-logistics-solutions\/storage-and-warehousing\/","og_site_name":"Groupe Brun","article_modified_time":"2024-02-14T14:01:44+00:00","og_image":[{"url":"http:\/\/groupebrun.net\/wp-content\/uploads\/2024\/01\/2-7.png","type":"","width":"","height":""}],"twitter_card":"summary_large_image","twitter_misc":{"Estimated reading time":"2 minutes"},"schema":{"@context":"https:\/\/schema.org","@graph":[{"@type":"WebPage","@id":"https:\/\/groupebrun.net\/transport-et-solutions-logistiques\/stockage-et-entreposage\/","url":"https:\/\/groupebrun.net\/transport-et-solutions-logistiques\/stockage-et-entreposage\/","name":"Storage and warehousing - Groupe Brun","isPartOf":{"@id":"https:\/\/groupebrun.net\/#website"},"primaryImageOfPage":{"@id":"https:\/\/groupebrun.net\/transport-et-solutions-logistiques\/stockage-et-entreposage\/#primaryimage"},"image":{"@id":"https:\/\/groupebrun.net\/transport-et-solutions-logistiques\/stockage-et-entreposage\/#primaryimage"},"thumbnailUrl":"http:\/\/groupebrun.net\/wp-content\/uploads\/2024\/01\/2-7.png","datePublished":"2023-11-30T18:30:27+00:00","dateModified":"2024-02-14T14:01:44+00:00","breadcrumb":{"@id":"https:\/\/groupebrun.net\/transport-et-solutions-logistiques\/stockage-et-entreposage\/#breadcrumb"},"inLanguage":"en-GB","potentialAction":[{"@type":"ReadAction","target":["https:\/\/groupebrun.net\/transport-et-solutions-logistiques\/stockage-et-entreposage\/"]}]},{"@type":"ImageObject","inLanguage":"en-GB","@id":"https:\/\/groupebrun.net\/transport-et-solutions-logistiques\/stockage-et-entreposage\/#primaryimage","url":"http:\/\/groupebrun.net\/wp-content\/uploads\/2024\/01\/2-7.png","contentUrl":"http:\/\/groupebrun.net\/wp-content\/uploads\/2024\/01\/2-7.png"},{"@type":"BreadcrumbList","@id":"https:\/\/groupebrun.net\/transport-et-solutions-logistiques\/stockage-et-entreposage\/#breadcrumb","itemListElement":[{"@type":"ListItem","position":1,"name":"Accueil","item":"https:\/\/groupebrun.net\/"},{"@type":"ListItem","position":2,"name":"Transport et solutions logistiques","item":"https:\/\/groupebrun.net\/transport-et-solutions-logistiques\/"},{"@type":"ListItem","position":3,"name":"Stockage et entreposage"}]},{"@type":"WebSite","@id":"https:\/\/groupebrun.net\/#website","url":"https:\/\/groupebrun.net\/","name":"Brun Group","description":"","potentialAction":[{"@type":"SearchAction","target":{"@type":"EntryPoint","urlTemplate":"https:\/\/groupebrun.net\/?s={search_term_string}"},"query-input":{"@type":"PropertyValueSpecification","valueRequired":true,"valueName":"search_term_string"}}],"inLanguage":"en-GB"}]}},"_links":{"self":[{"href":"https:\/\/groupebrun.net\/en\/wp-json\/wp\/v2\/pages\/3172","targetHints":{"allow":["GET"]}}],"collection":[{"href":"https:\/\/groupebrun.net\/en\/wp-json\/wp\/v2\/pages"}],"about":[{"href":"https:\/\/groupebrun.net\/en\/wp-json\/wp\/v2\/types\/page"}],"author":[{"embeddable":true,"href":"https:\/\/groupebrun.net\/en\/wp-json\/wp\/v2\/users\/1"}],"replies":[{"embeddable":true,"href":"https:\/\/groupebrun.net\/en\/wp-json\/wp\/v2\/comments?post=3172"}],"version-history":[{"count":10,"href":"https:\/\/groupebrun.net\/en\/wp-json\/wp\/v2\/pages\/3172\/revisions"}],"predecessor-version":[{"id":4416,"href":"https:\/\/groupebrun.net\/en\/wp-json\/wp\/v2\/pages\/3172\/revisions\/4416"}],"up":[{"embeddable":true,"href":"https:\/\/groupebrun.net\/en\/wp-json\/wp\/v2\/pages\/17"}],"wp:attachment":[{"href":"https:\/\/groupebrun.net\/en\/wp-json\/wp\/v2\/media?parent=3172"}],"curies":[{"name":"wp","href":"https:\/\/api.w.org\/{rel}","templated":true}]}}