{"id":3173,"date":"2023-11-30T18:30:34","date_gmt":"2023-11-30T18:30:34","guid":{"rendered":"https:\/\/groupebrun.net\/?page_id=3173"},"modified":"2024-07-17T10:57:33","modified_gmt":"2024-07-17T09:57:33","slug":"heating-station","status":"publish","type":"page","link":"https:\/\/groupebrun.net\/en\/transport-and-logistics-solutions\/heating-station\/","title":{"rendered":"Heating station"},"content":{"rendered":"<div data-elementor-type=\"wp-page\" data-elementor-id=\"3173\" class=\"elementor elementor-3173\" data-elementor-settings=\"{&quot;ha_cmc_init_switcher&quot;:&quot;no&quot;}\" data-elementor-post-type=\"page\">\n\t\t\t\t<div data-particle_enable=\"false\" data-particle-mobile-disabled=\"false\" class=\"elementor-element elementor-element-9d3f094 e-flex e-con-boxed e-con e-parent\" data-id=\"9d3f094\" data-element_type=\"container\" data-e-type=\"container\" data-settings=\"{&quot;background_background&quot;:&quot;classic&quot;,&quot;jet_parallax_layout_list&quot;:[],&quot;_ha_eqh_enable&quot;:false}\">\n\t\t\t\t\t<div class=\"e-con-inner\">\n\t\t\t\t<div class=\"elementor-element elementor-element-d479ec9 elementor-widget elementor-widget-heading\" data-id=\"d479ec9\" data-element_type=\"widget\" data-e-type=\"widget\" data-widget_type=\"heading.default\">\n\t\t\t\t<div class=\"elementor-widget-container\">\n\t\t\t\t\t<h1 class=\"elementor-heading-title elementor-size-default\">Heating station<\/h1>\t\t\t\t<\/div>\n\t\t\t\t<\/div>\n\t\t\t\t\t<\/div>\n\t\t\t\t<\/div>\n\t\t<div data-particle_enable=\"false\" data-particle-mobile-disabled=\"false\" class=\"elementor-element elementor-element-e244ce4 e-flex e-con-boxed e-con e-parent\" data-id=\"e244ce4\" data-element_type=\"container\" data-e-type=\"container\" data-settings=\"{&quot;jet_parallax_layout_list&quot;:[],&quot;_ha_eqh_enable&quot;:false}\">\n\t\t\t\t\t<div class=\"e-con-inner\">\n\t\t<div data-particle_enable=\"false\" data-particle-mobile-disabled=\"false\" class=\"elementor-element elementor-element-4d8db1c e-flex e-con-boxed e-con e-child\" data-id=\"4d8db1c\" data-element_type=\"container\" data-e-type=\"container\" data-settings=\"{&quot;jet_parallax_layout_list&quot;:[],&quot;_ha_eqh_enable&quot;:false}\">\n\t\t\t\t\t<div class=\"e-con-inner\">\n\t\t\t\t<div class=\"elementor-element elementor-element-8049a62 elementor-widget__width-initial elementor-widget elementor-widget-heading\" data-id=\"8049a62\" data-element_type=\"widget\" data-e-type=\"widget\" data-widget_type=\"heading.default\">\n\t\t\t\t<div class=\"elementor-widget-container\">\n\t\t\t\t\t<p class=\"elementor-heading-title elementor-size-default\">The Brun Group has several heating stations, enabling it to offer its customers a comprehensive logistics service.<\/p>\t\t\t\t<\/div>\n\t\t\t\t<\/div>\n\t\t\t\t<div class=\"elementor-element elementor-element-ac9b22b elementor-widget__width-initial elementor-widget elementor-widget-heading\" data-id=\"ac9b22b\" data-element_type=\"widget\" data-e-type=\"widget\" data-widget_type=\"heading.default\">\n\t\t\t\t<div class=\"elementor-widget-container\">\n\t\t\t\t\t<p class=\"elementor-heading-title elementor-size-default\">The Group offers 3 types of heating stations: <\/p>\t\t\t\t<\/div>\n\t\t\t\t<\/div>\n\t\t\t\t<div class=\"elementor-element elementor-element-670f3bc elementor-icon-list--layout-traditional elementor-list-item-link-full_width elementor-widget elementor-widget-icon-list\" data-id=\"670f3bc\" data-element_type=\"widget\" data-e-type=\"widget\" data-widget_type=\"icon-list.default\">\n\t\t\t\t<div class=\"elementor-widget-container\">\n\t\t\t\t\t\t\t<ul class=\"elementor-icon-list-items\">\n\t\t\t\t\t\t\t<li class=\"elementor-icon-list-item\">\n\t\t\t\t\t\t\t\t\t\t\t<span class=\"elementor-icon-list-icon\">\n\t\t\t\t\t\t\t<i aria-hidden=\"true\" class=\"fas fa-chevron-circle-right\"><\/i>\t\t\t\t\t\t<\/span>\n\t\t\t\t\t\t\t\t\t\t<span class=\"elementor-icon-list-text\">Steam heating station<\/span>\n\t\t\t\t\t\t\t\t\t<\/li>\n\t\t\t\t\t\t\t\t<li class=\"elementor-icon-list-item\">\n\t\t\t\t\t\t\t\t\t\t\t<span class=\"elementor-icon-list-icon\">\n\t\t\t\t\t\t\t<i aria-hidden=\"true\" class=\"fas fa-chevron-circle-right\"><\/i>\t\t\t\t\t\t<\/span>\n\t\t\t\t\t\t\t\t\t\t<span class=\"elementor-icon-list-text\">Electric heater<\/span>\n\t\t\t\t\t\t\t\t\t<\/li>\n\t\t\t\t\t\t\t\t<li class=\"elementor-icon-list-item\">\n\t\t\t\t\t\t\t\t\t\t\t<span class=\"elementor-icon-list-icon\">\n\t\t\t\t\t\t\t<i aria-hidden=\"true\" class=\"fas fa-chevron-circle-right\"><\/i>\t\t\t\t\t\t<\/span>\n\t\t\t\t\t\t\t\t\t\t<span class=\"elementor-icon-list-text\">Hot water heating station<\/span>\n\t\t\t\t\t\t\t\t\t<\/li>\n\t\t\t\t\t\t<\/ul>\n\t\t\t\t\t\t<\/div>\n\t\t\t\t<\/div>\n\t\t\t\t<div class=\"elementor-element elementor-element-73d44e8 elementor-widget__width-initial elementor-widget elementor-widget-heading\" data-id=\"73d44e8\" data-element_type=\"widget\" data-e-type=\"widget\" data-widget_type=\"heading.default\">\n\t\t\t\t<div class=\"elementor-widget-container\">\n\t\t\t\t\t<p class=\"elementor-heading-title elementor-size-default\">Some of these stations are computer-controlled and regulated, allowing real-time monitoring of the temperature using probes in direct contact with the material being heated and a smartphone application.<\/p>\t\t\t\t<\/div>\n\t\t\t\t<\/div>\n\t\t\t\t\t<\/div>\n\t\t\t\t<\/div>\n\t\t\t\t\t<\/div>\n\t\t\t\t<\/div>\n\t\t<div data-particle_enable=\"false\" data-particle-mobile-disabled=\"false\" class=\"elementor-element elementor-element-b74f881 e-flex e-con-boxed e-con e-parent\" data-id=\"b74f881\" data-element_type=\"container\" data-e-type=\"container\" data-settings=\"{&quot;jet_parallax_layout_list&quot;:[],&quot;_ha_eqh_enable&quot;:false}\">\n\t\t\t\t\t<div class=\"e-con-inner\">\n\t\t<div data-particle_enable=\"false\" data-particle-mobile-disabled=\"false\" class=\"elementor-element elementor-element-8c68240 e-flex e-con-boxed e-con e-child\" data-id=\"8c68240\" data-element_type=\"container\" data-e-type=\"container\" data-settings=\"{&quot;jet_parallax_layout_list&quot;:[],&quot;_ha_eqh_enable&quot;:false}\">\n\t\t\t\t\t<div class=\"e-con-inner\">\n\t\t\t\t<div class=\"elementor-element elementor-element-798a868 elementor-widget__width-initial elementor-widget elementor-widget-image\" data-id=\"798a868\" data-element_type=\"widget\" data-e-type=\"widget\" data-widget_type=\"image.default\">\n\t\t\t\t<div class=\"elementor-widget-container\">\n\t\t\t\t\t\t\t\t\t\t\t\t\t\t\t<img fetchpriority=\"high\" decoding=\"async\" width=\"500\" height=\"500\" src=\"https:\/\/groupebrun.net\/wp-content\/uploads\/2024\/01\/Video-GIF-1.png\" class=\"attachment-full size-full wp-image-3464\" alt=\"\" srcset=\"https:\/\/groupebrun.net\/wp-content\/uploads\/2024\/01\/Video-GIF-1.png 500w, https:\/\/groupebrun.net\/wp-content\/uploads\/2024\/01\/Video-GIF-1-300x300.png 300w, https:\/\/groupebrun.net\/wp-content\/uploads\/2024\/01\/Video-GIF-1-150x150.png 150w, https:\/\/groupebrun.net\/wp-content\/uploads\/2024\/01\/Video-GIF-1-12x12.png 12w\" sizes=\"(max-width: 500px) 100vw, 500px\" \/>\t\t\t\t\t\t\t\t\t\t\t\t\t\t\t<\/div>\n\t\t\t\t<\/div>\n\t\t\t\t<div class=\"elementor-element elementor-element-82cdc6e elementor-widget__width-initial elementor-widget elementor-widget-heading\" data-id=\"82cdc6e\" data-element_type=\"widget\" data-e-type=\"widget\" data-widget_type=\"heading.default\">\n\t\t\t\t<div class=\"elementor-widget-container\">\n\t\t\t\t\t<h2 class=\"elementor-heading-title elementor-size-default\">LEARN MORE <\/h2>\t\t\t\t<\/div>\n\t\t\t\t<\/div>\n\t\t\t\t\t<\/div>\n\t\t\t\t<\/div>\n\t\t<div data-particle_enable=\"false\" data-particle-mobile-disabled=\"false\" class=\"elementor-element elementor-element-b53ed69 e-flex e-con-boxed e-con e-child\" data-id=\"b53ed69\" data-element_type=\"container\" data-e-type=\"container\" data-settings=\"{&quot;jet_parallax_layout_list&quot;:[],&quot;_ha_eqh_enable&quot;:false}\">\n\t\t\t\t\t<div class=\"e-con-inner\">\n\t\t<div data-particle_enable=\"false\" data-particle-mobile-disabled=\"false\" class=\"elementor-element elementor-element-bccc8d1 e-con-full e-flex e-con e-child\" data-id=\"bccc8d1\" data-element_type=\"container\" data-e-type=\"container\" data-settings=\"{&quot;jet_parallax_layout_list&quot;:[],&quot;_ha_eqh_enable&quot;:false}\">\n\t\t\t\t<div class=\"elementor-element elementor-element-06b6341 elementor-widget__width-initial elementor-widget elementor-widget-heading\" data-id=\"06b6341\" data-element_type=\"widget\" data-e-type=\"widget\" data-widget_type=\"heading.default\">\n\t\t\t\t<div class=\"elementor-widget-container\">\n\t\t\t\t\t<p class=\"elementor-heading-title elementor-size-default\">S\u00e9verine ADOU<\/p>\t\t\t\t<\/div>\n\t\t\t\t<\/div>\n\t\t\t\t<div class=\"elementor-element elementor-element-9d8fc24 elementor-icon-list--layout-traditional elementor-list-item-link-full_width elementor-widget elementor-widget-icon-list\" data-id=\"9d8fc24\" data-element_type=\"widget\" data-e-type=\"widget\" data-widget_type=\"icon-list.default\">\n\t\t\t\t<div class=\"elementor-widget-container\">\n\t\t\t\t\t\t\t<ul class=\"elementor-icon-list-items\">\n\t\t\t\t\t\t\t<li class=\"elementor-icon-list-item\">\n\t\t\t\t\t\t\t\t\t\t\t<a href=\"mailto:s.adou@brun-invest.net\">\n\n\t\t\t\t\t\t\t\t\t\t\t\t<span class=\"elementor-icon-list-icon\">\n\t\t\t\t\t\t\t<i aria-hidden=\"true\" class=\"fas fa-envelope\"><\/i>\t\t\t\t\t\t<\/span>\n\t\t\t\t\t\t\t\t\t\t<span class=\"elementor-icon-list-text\">s.adou@brun-invest.net<\/span>\n\t\t\t\t\t\t\t\t\t\t\t<\/a>\n\t\t\t\t\t\t\t\t\t<\/li>\n\t\t\t\t\t\t\t\t<li class=\"elementor-icon-list-item\">\n\t\t\t\t\t\t\t\t\t\t\t<a href=\"tel:0328649650\">\n\n\t\t\t\t\t\t\t\t\t\t\t\t<span class=\"elementor-icon-list-icon\">\n\t\t\t\t\t\t\t<i aria-hidden=\"true\" class=\"fas fa-phone-alt\"><\/i>\t\t\t\t\t\t<\/span>\n\t\t\t\t\t\t\t\t\t\t<span class=\"elementor-icon-list-text\">03 28 64 96 50<\/span>\n\t\t\t\t\t\t\t\t\t\t\t<\/a>\n\t\t\t\t\t\t\t\t\t<\/li>\n\t\t\t\t\t\t<\/ul>\n\t\t\t\t\t\t<\/div>\n\t\t\t\t<\/div>\n\t\t\t\t<\/div>\n\t\t<div data-particle_enable=\"false\" data-particle-mobile-disabled=\"false\" class=\"elementor-element elementor-element-e13b971 e-con-full e-flex e-con e-child\" data-id=\"e13b971\" data-element_type=\"container\" data-e-type=\"container\" data-settings=\"{&quot;jet_parallax_layout_list&quot;:[],&quot;_ha_eqh_enable&quot;:false}\">\n\t\t\t\t<div class=\"elementor-element elementor-element-6d3cbe7 elementor-widget__width-initial elementor-widget elementor-widget-heading\" data-id=\"6d3cbe7\" data-element_type=\"widget\" data-e-type=\"widget\" data-widget_type=\"heading.default\">\n\t\t\t\t<div class=\"elementor-widget-container\">\n\t\t\t\t\t<p class=\"elementor-heading-title elementor-size-default\">Cyril PINERO<\/p>\t\t\t\t<\/div>\n\t\t\t\t<\/div>\n\t\t\t\t<div class=\"elementor-element elementor-element-22ce175 elementor-icon-list--layout-traditional elementor-list-item-link-full_width elementor-widget elementor-widget-icon-list\" data-id=\"22ce175\" data-element_type=\"widget\" data-e-type=\"widget\" data-widget_type=\"icon-list.default\">\n\t\t\t\t<div class=\"elementor-widget-container\">\n\t\t\t\t\t\t\t<ul class=\"elementor-icon-list-items\">\n\t\t\t\t\t\t\t<li class=\"elementor-icon-list-item\">\n\t\t\t\t\t\t\t\t\t\t\t<a href=\"mailto:c.pinero@brun-invest.net\">\n\n\t\t\t\t\t\t\t\t\t\t\t\t<span class=\"elementor-icon-list-icon\">\n\t\t\t\t\t\t\t<i aria-hidden=\"true\" class=\"fas fa-envelope\"><\/i>\t\t\t\t\t\t<\/span>\n\t\t\t\t\t\t\t\t\t\t<span class=\"elementor-icon-list-text\">c.pinero@brun-invest.net<\/span>\n\t\t\t\t\t\t\t\t\t\t\t<\/a>\n\t\t\t\t\t\t\t\t\t<\/li>\n\t\t\t\t\t\t\t\t<li class=\"elementor-icon-list-item\">\n\t\t\t\t\t\t\t\t\t\t\t<a href=\"tel:0644191261\">\n\n\t\t\t\t\t\t\t\t\t\t\t\t<span class=\"elementor-icon-list-icon\">\n\t\t\t\t\t\t\t<i aria-hidden=\"true\" class=\"fas fa-phone-alt\"><\/i>\t\t\t\t\t\t<\/span>\n\t\t\t\t\t\t\t\t\t\t<span class=\"elementor-icon-list-text\">06 44 19 12 61<\/span>\n\t\t\t\t\t\t\t\t\t\t\t<\/a>\n\t\t\t\t\t\t\t\t\t<\/li>\n\t\t\t\t\t\t<\/ul>\n\t\t\t\t\t\t<\/div>\n\t\t\t\t<\/div>\n\t\t\t\t<\/div>\n\t\t\t\t\t<\/div>\n\t\t\t\t<\/div>\n\t\t\t\t\t<\/div>\n\t\t\t\t<\/div>\n\t\t\t\t<\/div>","protected":false},"excerpt":{"rendered":"<p>Le Groupe Brun poss\u00e8de plusieurs stations de chauffes, ce qui permet d\u2019offrir \u00e0 ses clients, une prestation logistique globale. Parmi ces stations, le Groupe propose 3 types de postes de chauffes : Poste de chauffe vapeur Poste de chauffe \u00e9lectrique Poste de chauffe eau chaude Certaines de ces stations sont pilot\u00e9es et r\u00e9gul\u00e9es informatiquement, elles [&hellip;]<\/p>\n","protected":false},"author":1,"featured_media":0,"parent":17,"menu_order":0,"comment_status":"closed","ping_status":"closed","template":"elementor_header_footer","meta":{"footnotes":""},"class_list":["post-3173","page","type-page","status-publish","hentry"],"yoast_head":"<!-- This site is optimized with the Yoast SEO plugin v27.4 - https:\/\/yoast.com\/product\/yoast-seo-wordpress\/ -->\n<title>Station de chauffe - Groupe Brun<\/title>\n<meta name=\"robots\" content=\"index, follow, max-snippet:-1, max-image-preview:large, max-video-preview:-1\" \/>\n<link rel=\"canonical\" href=\"https:\/\/groupebrun.net\/en\/transport-and-logistics-solutions\/heating-station\/\" \/>\n<meta property=\"og:locale\" content=\"en_GB\" \/>\n<meta property=\"og:type\" content=\"article\" \/>\n<meta property=\"og:title\" content=\"Station de chauffe - Groupe Brun\" \/>\n<meta property=\"og:description\" content=\"Le Groupe Brun poss\u00e8de plusieurs stations de chauffes, ce qui permet d\u2019offrir \u00e0 ses clients, une prestation logistique globale. Parmi ces stations, le Groupe propose 3 types de postes de chauffes : Poste de chauffe vapeur Poste de chauffe \u00e9lectrique Poste de chauffe eau chaude Certaines de ces stations sont pilot\u00e9es et r\u00e9gul\u00e9es informatiquement, elles [&hellip;]\" \/>\n<meta property=\"og:url\" content=\"https:\/\/groupebrun.net\/en\/transport-and-logistics-solutions\/heating-station\/\" \/>\n<meta property=\"og:site_name\" content=\"Groupe Brun\" \/>\n<meta property=\"article:modified_time\" content=\"2024-07-17T09:57:33+00:00\" \/>\n<meta property=\"og:image\" content=\"http:\/\/groupebrun.net\/wp-content\/uploads\/2024\/01\/Video-GIF-1.png\" \/>\n<meta name=\"twitter:card\" content=\"summary_large_image\" \/>\n<meta name=\"twitter:label1\" content=\"Estimated reading time\" \/>\n\t<meta name=\"twitter:data1\" content=\"1 minute\" \/>\n<script type=\"application\/ld+json\" class=\"yoast-schema-graph\">{\"@context\":\"https:\\\/\\\/schema.org\",\"@graph\":[{\"@type\":\"WebPage\",\"@id\":\"https:\\\/\\\/groupebrun.net\\\/transport-et-solutions-logistiques\\\/station-de-chauffe\\\/\",\"url\":\"https:\\\/\\\/groupebrun.net\\\/transport-et-solutions-logistiques\\\/station-de-chauffe\\\/\",\"name\":\"Station de chauffe - Groupe Brun\",\"isPartOf\":{\"@id\":\"https:\\\/\\\/groupebrun.net\\\/#website\"},\"primaryImageOfPage\":{\"@id\":\"https:\\\/\\\/groupebrun.net\\\/transport-et-solutions-logistiques\\\/station-de-chauffe\\\/#primaryimage\"},\"image\":{\"@id\":\"https:\\\/\\\/groupebrun.net\\\/transport-et-solutions-logistiques\\\/station-de-chauffe\\\/#primaryimage\"},\"thumbnailUrl\":\"http:\\\/\\\/groupebrun.net\\\/wp-content\\\/uploads\\\/2024\\\/01\\\/Video-GIF-1.png\",\"datePublished\":\"2023-11-30T18:30:34+00:00\",\"dateModified\":\"2024-07-17T09:57:33+00:00\",\"breadcrumb\":{\"@id\":\"https:\\\/\\\/groupebrun.net\\\/transport-et-solutions-logistiques\\\/station-de-chauffe\\\/#breadcrumb\"},\"inLanguage\":\"en-GB\",\"potentialAction\":[{\"@type\":\"ReadAction\",\"target\":[\"https:\\\/\\\/groupebrun.net\\\/transport-et-solutions-logistiques\\\/station-de-chauffe\\\/\"]}]},{\"@type\":\"ImageObject\",\"inLanguage\":\"en-GB\",\"@id\":\"https:\\\/\\\/groupebrun.net\\\/transport-et-solutions-logistiques\\\/station-de-chauffe\\\/#primaryimage\",\"url\":\"http:\\\/\\\/groupebrun.net\\\/wp-content\\\/uploads\\\/2024\\\/01\\\/Video-GIF-1.png\",\"contentUrl\":\"http:\\\/\\\/groupebrun.net\\\/wp-content\\\/uploads\\\/2024\\\/01\\\/Video-GIF-1.png\"},{\"@type\":\"BreadcrumbList\",\"@id\":\"https:\\\/\\\/groupebrun.net\\\/transport-et-solutions-logistiques\\\/station-de-chauffe\\\/#breadcrumb\",\"itemListElement\":[{\"@type\":\"ListItem\",\"position\":1,\"name\":\"Accueil\",\"item\":\"https:\\\/\\\/groupebrun.net\\\/\"},{\"@type\":\"ListItem\",\"position\":2,\"name\":\"Transport et solutions logistiques\",\"item\":\"https:\\\/\\\/groupebrun.net\\\/transport-et-solutions-logistiques\\\/\"},{\"@type\":\"ListItem\",\"position\":3,\"name\":\"Station de chauffe\"}]},{\"@type\":\"WebSite\",\"@id\":\"https:\\\/\\\/groupebrun.net\\\/#website\",\"url\":\"https:\\\/\\\/groupebrun.net\\\/\",\"name\":\"Groupe Brun\",\"description\":\"\",\"potentialAction\":[{\"@type\":\"SearchAction\",\"target\":{\"@type\":\"EntryPoint\",\"urlTemplate\":\"https:\\\/\\\/groupebrun.net\\\/?s={search_term_string}\"},\"query-input\":{\"@type\":\"PropertyValueSpecification\",\"valueRequired\":true,\"valueName\":\"search_term_string\"}}],\"inLanguage\":\"en-GB\"}]}<\/script>\n<!-- \/ Yoast SEO plugin. -->","yoast_head_json":{"title":"Heating station - Groupe Brun","robots":{"index":"index","follow":"follow","max-snippet":"max-snippet:-1","max-image-preview":"max-image-preview:large","max-video-preview":"max-video-preview:-1"},"canonical":"https:\/\/groupebrun.net\/en\/transport-and-logistics-solutions\/heating-station\/","og_locale":"en_GB","og_type":"article","og_title":"Station de chauffe - Groupe Brun","og_description":"Le Groupe Brun poss\u00e8de plusieurs stations de chauffes, ce qui permet d\u2019offrir \u00e0 ses clients, une prestation logistique globale. Parmi ces stations, le Groupe propose 3 types de postes de chauffes : Poste de chauffe vapeur Poste de chauffe \u00e9lectrique Poste de chauffe eau chaude Certaines de ces stations sont pilot\u00e9es et r\u00e9gul\u00e9es informatiquement, elles [&hellip;]","og_url":"https:\/\/groupebrun.net\/en\/transport-and-logistics-solutions\/heating-station\/","og_site_name":"Groupe Brun","article_modified_time":"2024-07-17T09:57:33+00:00","og_image":[{"url":"http:\/\/groupebrun.net\/wp-content\/uploads\/2024\/01\/Video-GIF-1.png","type":"","width":"","height":""}],"twitter_card":"summary_large_image","twitter_misc":{"Estimated reading time":"1 minute"},"schema":{"@context":"https:\/\/schema.org","@graph":[{"@type":"WebPage","@id":"https:\/\/groupebrun.net\/transport-et-solutions-logistiques\/station-de-chauffe\/","url":"https:\/\/groupebrun.net\/transport-et-solutions-logistiques\/station-de-chauffe\/","name":"Heating station - Groupe Brun","isPartOf":{"@id":"https:\/\/groupebrun.net\/#website"},"primaryImageOfPage":{"@id":"https:\/\/groupebrun.net\/transport-et-solutions-logistiques\/station-de-chauffe\/#primaryimage"},"image":{"@id":"https:\/\/groupebrun.net\/transport-et-solutions-logistiques\/station-de-chauffe\/#primaryimage"},"thumbnailUrl":"http:\/\/groupebrun.net\/wp-content\/uploads\/2024\/01\/Video-GIF-1.png","datePublished":"2023-11-30T18:30:34+00:00","dateModified":"2024-07-17T09:57:33+00:00","breadcrumb":{"@id":"https:\/\/groupebrun.net\/transport-et-solutions-logistiques\/station-de-chauffe\/#breadcrumb"},"inLanguage":"en-GB","potentialAction":[{"@type":"ReadAction","target":["https:\/\/groupebrun.net\/transport-et-solutions-logistiques\/station-de-chauffe\/"]}]},{"@type":"ImageObject","inLanguage":"en-GB","@id":"https:\/\/groupebrun.net\/transport-et-solutions-logistiques\/station-de-chauffe\/#primaryimage","url":"http:\/\/groupebrun.net\/wp-content\/uploads\/2024\/01\/Video-GIF-1.png","contentUrl":"http:\/\/groupebrun.net\/wp-content\/uploads\/2024\/01\/Video-GIF-1.png"},{"@type":"BreadcrumbList","@id":"https:\/\/groupebrun.net\/transport-et-solutions-logistiques\/station-de-chauffe\/#breadcrumb","itemListElement":[{"@type":"ListItem","position":1,"name":"Accueil","item":"https:\/\/groupebrun.net\/"},{"@type":"ListItem","position":2,"name":"Transport et solutions logistiques","item":"https:\/\/groupebrun.net\/transport-et-solutions-logistiques\/"},{"@type":"ListItem","position":3,"name":"Station de chauffe"}]},{"@type":"WebSite","@id":"https:\/\/groupebrun.net\/#website","url":"https:\/\/groupebrun.net\/","name":"Brun Group","description":"","potentialAction":[{"@type":"SearchAction","target":{"@type":"EntryPoint","urlTemplate":"https:\/\/groupebrun.net\/?s={search_term_string}"},"query-input":{"@type":"PropertyValueSpecification","valueRequired":true,"valueName":"search_term_string"}}],"inLanguage":"en-GB"}]}},"_links":{"self":[{"href":"https:\/\/groupebrun.net\/en\/wp-json\/wp\/v2\/pages\/3173","targetHints":{"allow":["GET"]}}],"collection":[{"href":"https:\/\/groupebrun.net\/en\/wp-json\/wp\/v2\/pages"}],"about":[{"href":"https:\/\/groupebrun.net\/en\/wp-json\/wp\/v2\/types\/page"}],"author":[{"embeddable":true,"href":"https:\/\/groupebrun.net\/en\/wp-json\/wp\/v2\/users\/1"}],"replies":[{"embeddable":true,"href":"https:\/\/groupebrun.net\/en\/wp-json\/wp\/v2\/comments?post=3173"}],"version-history":[{"count":13,"href":"https:\/\/groupebrun.net\/en\/wp-json\/wp\/v2\/pages\/3173\/revisions"}],"predecessor-version":[{"id":5117,"href":"https:\/\/groupebrun.net\/en\/wp-json\/wp\/v2\/pages\/3173\/revisions\/5117"}],"up":[{"embeddable":true,"href":"https:\/\/groupebrun.net\/en\/wp-json\/wp\/v2\/pages\/17"}],"wp:attachment":[{"href":"https:\/\/groupebrun.net\/en\/wp-json\/wp\/v2\/media?parent=3173"}],"curies":[{"name":"wp","href":"https:\/\/api.w.org\/{rel}","templated":true}]}}