{"id":3175,"date":"2023-11-30T18:30:57","date_gmt":"2023-11-30T18:30:57","guid":{"rendered":"https:\/\/groupebrun.net\/?page_id=3175"},"modified":"2024-02-20T17:17:39","modified_gmt":"2024-02-20T17:17:39","slug":"maintenance","status":"publish","type":"page","link":"https:\/\/groupebrun.net\/en\/transport-and-logistics-solutions\/maintenance\/","title":{"rendered":"Maintenance"},"content":{"rendered":"<div data-elementor-type=\"wp-page\" data-elementor-id=\"3175\" class=\"elementor elementor-3175\" data-elementor-settings=\"{&quot;ha_cmc_init_switcher&quot;:&quot;no&quot;}\" data-elementor-post-type=\"page\">\n\t\t\t\t<div data-particle_enable=\"false\" data-particle-mobile-disabled=\"false\" class=\"elementor-element elementor-element-9b7ec8c e-flex e-con-boxed e-con e-parent\" data-id=\"9b7ec8c\" data-element_type=\"container\" data-e-type=\"container\" data-settings=\"{&quot;background_background&quot;:&quot;classic&quot;,&quot;jet_parallax_layout_list&quot;:[],&quot;_ha_eqh_enable&quot;:false}\">\n\t\t\t\t\t<div class=\"e-con-inner\">\n\t\t\t\t<div class=\"elementor-element elementor-element-f106adc elementor-widget elementor-widget-heading\" data-id=\"f106adc\" data-element_type=\"widget\" data-e-type=\"widget\" data-widget_type=\"heading.default\">\n\t\t\t\t<div class=\"elementor-widget-container\">\n\t\t\t\t\t<h1 class=\"elementor-heading-title elementor-size-default\">Maintenance<\/h1>\t\t\t\t<\/div>\n\t\t\t\t<\/div>\n\t\t\t\t\t<\/div>\n\t\t\t\t<\/div>\n\t\t<div data-particle_enable=\"false\" data-particle-mobile-disabled=\"false\" class=\"elementor-element elementor-element-e9c541d e-flex e-con-boxed e-con e-parent\" data-id=\"e9c541d\" data-element_type=\"container\" data-e-type=\"container\" data-settings=\"{&quot;jet_parallax_layout_list&quot;:[],&quot;_ha_eqh_enable&quot;:false}\">\n\t\t\t\t\t<div class=\"e-con-inner\">\n\t\t<div data-particle_enable=\"false\" data-particle-mobile-disabled=\"false\" class=\"elementor-element elementor-element-80a221c e-flex e-con-boxed e-con e-child\" data-id=\"80a221c\" data-element_type=\"container\" data-e-type=\"container\" data-settings=\"{&quot;jet_parallax_layout_list&quot;:[],&quot;_ha_eqh_enable&quot;:false}\">\n\t\t\t\t\t<div class=\"e-con-inner\">\n\t\t\t\t<div class=\"elementor-element elementor-element-63800c1 elementor-widget__width-initial elementor-widget elementor-widget-heading\" data-id=\"63800c1\" data-element_type=\"widget\" data-e-type=\"widget\" data-widget_type=\"heading.default\">\n\t\t\t\t<div class=\"elementor-widget-container\">\n\t\t\t\t\t<p class=\"elementor-heading-title elementor-size-default\">The Brun Group has 14 workshops specialising in the maintenance of industrial vehicles, including 5 capable of specialising in cryogenic maintenance and ADR class 2 tank testing.<br><br>Our services include outsourced fleet management for our customers, on-demand repairs, and preparation for and passing of roadworthiness tests. <br><br>We understand the importance of regulatory compliance, and we make sure that every vehicle is ready for official inspections, so that you can drive safely and legally.<br><br>As an ADR-approved centre and periodic tank testing centre, we implement strict safety and compliance standards in close collaboration with government inspection bodies. <br><br>Our expertise in ADR testing ensures that vehicles transporting hazardous materials undergo thorough inspections, while our periodic testing centre ensures that tanks remain reliable and comply with current regulations.<br><br>Metrology is also at the heart of our services, with EMLAE visits and repairs carried out with precision.<br><br>We also maintain our customers' rolling stock and cryogenic tank distribution units under service contracts.<br><br>The Brun Group's experience has given it a wide range of mechanical expertise, which today enables the group's technicians to work on a large number of body types, whether it's servicing the distribution box or the running gear and its environment.<br><br>As a vehicle accessory fitting centre, we install equipment such as pumps, compressors, generators and OBCs to meet the specific needs of our customers.<br><br>We are committed to providing our customers with a first-class maintenance service, ensuring the safety, availability, compliance and reliability of their HGV fleet.<br><br>As a trusted partner of the European G-TRUCK network, we work closely together to offer our customers a complete maintenance solution at the best prices.<br><br>G-TRUCK is a European distribution network for spare parts and accessories for heavy goods vehicles, renowned for the quality of its OE-equivalent parts.<br><br>2 sites are wholesale distributors under the Alliance Automotive G-Truck banner.<br><br>Thanks to this collaboration, we have rapid access to high-quality original parts, which enables us to guarantee repairs and maintenance that comply with the manufacturer's standards, thus contributing to the durability and performance of your HGV fleet.<br><br>Rely on our expertise to keep your vehicles in perfect working order at all times.<\/p>\t\t\t\t<\/div>\n\t\t\t\t<\/div>\n\t\t\t\t\t<\/div>\n\t\t\t\t<\/div>\n\t\t\t\t\t<\/div>\n\t\t\t\t<\/div>\n\t\t<div data-particle_enable=\"false\" data-particle-mobile-disabled=\"false\" class=\"elementor-element elementor-element-42142c1 e-con-full e-flex e-con e-parent\" data-id=\"42142c1\" data-element_type=\"container\" data-e-type=\"container\" data-settings=\"{&quot;jet_parallax_layout_list&quot;:[],&quot;_ha_eqh_enable&quot;:false}\">\n\t\t\t\t<div class=\"elementor-element elementor-element-1a9333b elementor-widget__width-initial elementor-widget elementor-widget-heading\" data-id=\"1a9333b\" data-element_type=\"widget\" data-e-type=\"widget\" data-widget_type=\"heading.default\">\n\t\t\t\t<div class=\"elementor-widget-container\">\n\t\t\t\t\t<h2 class=\"elementor-heading-title elementor-size-default\">Our customers<\/h2>\t\t\t\t<\/div>\n\t\t\t\t<\/div>\n\t\t\t\t<div class=\"elementor-element elementor-element-3aae54c my_testimonial_slider elementor-skin-carousel elementor-widget elementor-widget-media-carousel\" data-id=\"3aae54c\" data-element_type=\"widget\" data-e-type=\"widget\" data-settings=\"{&quot;slides_per_view&quot;:&quot;7&quot;,&quot;slides_to_scroll&quot;:&quot;1&quot;,&quot;autoplay_speed&quot;:0,&quot;space_between&quot;:{&quot;unit&quot;:&quot;px&quot;,&quot;size&quot;:0,&quot;sizes&quot;:[]},&quot;speed&quot;:4000,&quot;slides_per_view_mobile&quot;:&quot;2&quot;,&quot;slides_to_scroll_mobile&quot;:&quot;1&quot;,&quot;slides_per_view_tablet&quot;:&quot;4&quot;,&quot;lazyload&quot;:&quot;yes&quot;,&quot;skin&quot;:&quot;carousel&quot;,&quot;effect&quot;:&quot;slide&quot;,&quot;autoplay&quot;:&quot;yes&quot;,&quot;loop&quot;:&quot;yes&quot;,&quot;space_between_tablet&quot;:{&quot;unit&quot;:&quot;px&quot;,&quot;size&quot;:10,&quot;sizes&quot;:[]},&quot;space_between_mobile&quot;:{&quot;unit&quot;:&quot;px&quot;,&quot;size&quot;:10,&quot;sizes&quot;:[]}}\" data-widget_type=\"media-carousel.default\">\n\t\t\t\t<div class=\"elementor-widget-container\">\n\t\t\t\t\t\t\t\t\t<div class=\"elementor-swiper\">\n\t\t\t\t\t<div class=\"elementor-main-swiper swiper\" role=\"region\" aria-roledescription=\"carousel\" aria-label=\"Slides\">\n\t\t\t\t<div class=\"swiper-wrapper\">\n\t\t\t\t\t\t\t\t\t\t\t<div class=\"swiper-slide\" role=\"group\" aria-roledescription=\"slide\">\n\t\t\t\t\t\t\t\t\t<div class=\"elementor-carousel-image swiper-lazy\" role=\"img\" aria-label=\"1\" data-background=\"https:\/\/groupebrun.net\/wp-content\/uploads\/2023\/11\/1.png\">\n\n\t\t\t\t\t\t\t<div class=\"swiper-lazy-preloader\"><\/div>\n\t\t\t\n\t\t\t\t\t<\/div>\n\t\t\t\t\t\t\t\t<\/div>\n\t\t\t\t\t\t\t\t\t\t\t<div class=\"swiper-slide\" role=\"group\" aria-roledescription=\"slide\">\n\t\t\t\t\t\t\t\t\t<div class=\"elementor-carousel-image swiper-lazy\" role=\"img\" aria-label=\"1\" data-background=\"https:\/\/groupebrun.net\/wp-content\/uploads\/2024\/01\/1-7.png\">\n\n\t\t\t\t\t\t\t<div class=\"swiper-lazy-preloader\"><\/div>\n\t\t\t\n\t\t\t\t\t<\/div>\n\t\t\t\t\t\t\t\t<\/div>\n\t\t\t\t\t\t\t\t\t\t\t<div class=\"swiper-slide\" role=\"group\" aria-roledescription=\"slide\">\n\t\t\t\t\t\t\t\t\t<div class=\"elementor-carousel-image swiper-lazy\" role=\"img\" aria-label=\"32\" data-background=\"https:\/\/groupebrun.net\/wp-content\/uploads\/2023\/11\/32.png\">\n\n\t\t\t\t\t\t\t<div class=\"swiper-lazy-preloader\"><\/div>\n\t\t\t\n\t\t\t\t\t<\/div>\n\t\t\t\t\t\t\t\t<\/div>\n\t\t\t\t\t\t\t\t\t\t\t<div class=\"swiper-slide\" role=\"group\" aria-roledescription=\"slide\">\n\t\t\t\t\t\t\t\t\t<div class=\"elementor-carousel-image swiper-lazy\" role=\"img\" aria-label=\"2\" data-background=\"https:\/\/groupebrun.net\/wp-content\/uploads\/2024\/01\/2-9.png\">\n\n\t\t\t\t\t\t\t<div class=\"swiper-lazy-preloader\"><\/div>\n\t\t\t\n\t\t\t\t\t<\/div>\n\t\t\t\t\t\t\t\t<\/div>\n\t\t\t\t\t\t\t\t\t\t\t<div class=\"swiper-slide\" role=\"group\" aria-roledescription=\"slide\">\n\t\t\t\t\t\t\t\t\t<div class=\"elementor-carousel-image swiper-lazy\" role=\"img\" aria-label=\"3\" data-background=\"https:\/\/groupebrun.net\/wp-content\/uploads\/2024\/01\/3-13.png\">\n\n\t\t\t\t\t\t\t<div class=\"swiper-lazy-preloader\"><\/div>\n\t\t\t\n\t\t\t\t\t<\/div>\n\t\t\t\t\t\t\t\t<\/div>\n\t\t\t\t\t\t\t\t\t\t\t<div class=\"swiper-slide\" role=\"group\" aria-roledescription=\"slide\">\n\t\t\t\t\t\t\t\t\t<div class=\"elementor-carousel-image swiper-lazy\" role=\"img\" aria-label=\"4\" data-background=\"https:\/\/groupebrun.net\/wp-content\/uploads\/2024\/01\/4-12.png\">\n\n\t\t\t\t\t\t\t<div class=\"swiper-lazy-preloader\"><\/div>\n\t\t\t\n\t\t\t\t\t<\/div>\n\t\t\t\t\t\t\t\t<\/div>\n\t\t\t\t\t\t\t\t\t\t\t<div class=\"swiper-slide\" role=\"group\" aria-roledescription=\"slide\">\n\t\t\t\t\t\t\t\t\t<div class=\"elementor-carousel-image swiper-lazy\" role=\"img\" aria-label=\"6\" data-background=\"https:\/\/groupebrun.net\/wp-content\/uploads\/2024\/01\/6-7.png\">\n\n\t\t\t\t\t\t\t<div class=\"swiper-lazy-preloader\"><\/div>\n\t\t\t\n\t\t\t\t\t<\/div>\n\t\t\t\t\t\t\t\t<\/div>\n\t\t\t\t\t\t\t\t\t\t\t<div class=\"swiper-slide\" role=\"group\" aria-roledescription=\"slide\">\n\t\t\t\t\t\t\t\t\t<div class=\"elementor-carousel-image swiper-lazy\" role=\"img\" aria-label=\"5\" data-background=\"https:\/\/groupebrun.net\/wp-content\/uploads\/2024\/01\/5-8.png\">\n\n\t\t\t\t\t\t\t<div class=\"swiper-lazy-preloader\"><\/div>\n\t\t\t\n\t\t\t\t\t<\/div>\n\t\t\t\t\t\t\t\t<\/div>\n\t\t\t\t\t\t\t\t\t<\/div>\n\t\t\t\t\t\t\t\t\t\t\t\t\t\t\t\t\t\t\t\t\t<\/div>\n\t\t\t\t<\/div>\n\t\t\t\t\t\t\t\t<\/div>\n\t\t\t\t<\/div>\n\t\t\t\t<\/div>\n\t\t<div data-particle_enable=\"false\" data-particle-mobile-disabled=\"false\" class=\"elementor-element elementor-element-8450265 e-flex e-con-boxed e-con e-parent\" data-id=\"8450265\" data-element_type=\"container\" data-e-type=\"container\" data-settings=\"{&quot;jet_parallax_layout_list&quot;:[],&quot;_ha_eqh_enable&quot;:false}\">\n\t\t\t\t\t<div class=\"e-con-inner\">\n\t\t<div data-particle_enable=\"false\" data-particle-mobile-disabled=\"false\" class=\"elementor-element elementor-element-e18565e e-flex e-con-boxed e-con e-child\" data-id=\"e18565e\" data-element_type=\"container\" data-e-type=\"container\" data-settings=\"{&quot;jet_parallax_layout_list&quot;:[],&quot;_ha_eqh_enable&quot;:false}\">\n\t\t\t\t\t<div class=\"e-con-inner\">\n\t\t\t\t<div class=\"elementor-element elementor-element-31ce2aa elementor-widget__width-initial elementor-widget elementor-widget-image\" data-id=\"31ce2aa\" data-element_type=\"widget\" data-e-type=\"widget\" data-widget_type=\"image.default\">\n\t\t\t\t<div class=\"elementor-widget-container\">\n\t\t\t\t\t\t\t\t\t\t\t\t\t\t\t<img fetchpriority=\"high\" decoding=\"async\" width=\"500\" height=\"500\" src=\"https:\/\/groupebrun.net\/wp-content\/uploads\/2024\/01\/Video-GIF-1.png\" class=\"attachment-full size-full wp-image-3464\" alt=\"\" srcset=\"https:\/\/groupebrun.net\/wp-content\/uploads\/2024\/01\/Video-GIF-1.png 500w, https:\/\/groupebrun.net\/wp-content\/uploads\/2024\/01\/Video-GIF-1-300x300.png 300w, https:\/\/groupebrun.net\/wp-content\/uploads\/2024\/01\/Video-GIF-1-150x150.png 150w, https:\/\/groupebrun.net\/wp-content\/uploads\/2024\/01\/Video-GIF-1-12x12.png 12w\" sizes=\"(max-width: 500px) 100vw, 500px\" \/>\t\t\t\t\t\t\t\t\t\t\t\t\t\t\t<\/div>\n\t\t\t\t<\/div>\n\t\t\t\t<div class=\"elementor-element elementor-element-09be85b elementor-widget__width-initial elementor-widget elementor-widget-heading\" data-id=\"09be85b\" data-element_type=\"widget\" data-e-type=\"widget\" data-widget_type=\"heading.default\">\n\t\t\t\t<div class=\"elementor-widget-container\">\n\t\t\t\t\t<h2 class=\"elementor-heading-title elementor-size-default\">LEARN MORE <\/h2>\t\t\t\t<\/div>\n\t\t\t\t<\/div>\n\t\t\t\t\t<\/div>\n\t\t\t\t<\/div>\n\t\t<div data-particle_enable=\"false\" data-particle-mobile-disabled=\"false\" class=\"elementor-element elementor-element-47a912f e-flex e-con-boxed e-con e-child\" data-id=\"47a912f\" data-element_type=\"container\" data-e-type=\"container\" data-settings=\"{&quot;jet_parallax_layout_list&quot;:[],&quot;_ha_eqh_enable&quot;:false}\">\n\t\t\t\t\t<div class=\"e-con-inner\">\n\t\t\t\t<div class=\"elementor-element elementor-element-078e849 elementor-widget__width-initial elementor-widget elementor-widget-heading\" data-id=\"078e849\" data-element_type=\"widget\" data-e-type=\"widget\" data-widget_type=\"heading.default\">\n\t\t\t\t<div class=\"elementor-widget-container\">\n\t\t\t\t\t<p class=\"elementor-heading-title elementor-size-default\">Denis RIESBECK<\/p>\t\t\t\t<\/div>\n\t\t\t\t<\/div>\n\t\t\t\t<div class=\"elementor-element elementor-element-6cfeac5 elementor-icon-list--layout-traditional elementor-list-item-link-full_width elementor-widget elementor-widget-icon-list\" data-id=\"6cfeac5\" data-element_type=\"widget\" data-e-type=\"widget\" data-widget_type=\"icon-list.default\">\n\t\t\t\t<div class=\"elementor-widget-container\">\n\t\t\t\t\t\t\t<ul class=\"elementor-icon-list-items\">\n\t\t\t\t\t\t\t<li class=\"elementor-icon-list-item\">\n\t\t\t\t\t\t\t\t\t\t\t<a href=\"mailto:d.riesbeck@brun-invest.net\">\n\n\t\t\t\t\t\t\t\t\t\t\t\t<span class=\"elementor-icon-list-icon\">\n\t\t\t\t\t\t\t<i aria-hidden=\"true\" class=\"fas fa-envelope\"><\/i>\t\t\t\t\t\t<\/span>\n\t\t\t\t\t\t\t\t\t\t<span class=\"elementor-icon-list-text\">d.riesbeck@brun-invest.net<\/span>\n\t\t\t\t\t\t\t\t\t\t\t<\/a>\n\t\t\t\t\t\t\t\t\t<\/li>\n\t\t\t\t\t\t\t\t<li class=\"elementor-icon-list-item\">\n\t\t\t\t\t\t\t\t\t\t\t<a href=\"tel:0612475990\">\n\n\t\t\t\t\t\t\t\t\t\t\t\t<span class=\"elementor-icon-list-icon\">\n\t\t\t\t\t\t\t<i aria-hidden=\"true\" class=\"fas fa-phone-alt\"><\/i>\t\t\t\t\t\t<\/span>\n\t\t\t\t\t\t\t\t\t\t<span class=\"elementor-icon-list-text\">06 12 47 59 90<\/span>\n\t\t\t\t\t\t\t\t\t\t\t<\/a>\n\t\t\t\t\t\t\t\t\t<\/li>\n\t\t\t\t\t\t<\/ul>\n\t\t\t\t\t\t<\/div>\n\t\t\t\t<\/div>\n\t\t\t\t\t<\/div>\n\t\t\t\t<\/div>\n\t\t\t\t\t<\/div>\n\t\t\t\t<\/div>\n\t\t\t\t<\/div>","protected":false},"excerpt":{"rendered":"<p>Le Groupe Brun poss\u00e8de 14 ateliers sp\u00e9cialis\u00e9s dans la maintenance des v\u00e9hicules industriels dont 5 capables d\u2019intervenir en sp\u00e9cialit\u00e9 sur la maintenance cryog\u00e9nique et \u00e9preuves de citerne ADR classe 2. Parmi nos prestations, la gestion de parc externalis\u00e9 pour nos clients ; la r\u00e9paration \u00e0 la demande ; la pr\u00e9paration et le passage au contr\u00f4le [&hellip;]<\/p>\n","protected":false},"author":1,"featured_media":0,"parent":17,"menu_order":0,"comment_status":"closed","ping_status":"closed","template":"elementor_header_footer","meta":{"footnotes":""},"class_list":["post-3175","page","type-page","status-publish","hentry"],"yoast_head":"<!-- This site is optimized with the Yoast SEO plugin v27.5 - https:\/\/yoast.com\/product\/yoast-seo-wordpress\/ -->\n<title>Maintenance - Groupe Brun<\/title>\n<meta name=\"robots\" content=\"index, follow, max-snippet:-1, max-image-preview:large, max-video-preview:-1\" \/>\n<link rel=\"canonical\" href=\"https:\/\/groupebrun.net\/en\/transport-and-logistics-solutions\/maintenance\/\" \/>\n<meta property=\"og:locale\" content=\"en_GB\" \/>\n<meta property=\"og:type\" content=\"article\" \/>\n<meta property=\"og:title\" content=\"Maintenance - Groupe Brun\" \/>\n<meta property=\"og:description\" content=\"Le Groupe Brun poss\u00e8de 14 ateliers sp\u00e9cialis\u00e9s dans la maintenance des v\u00e9hicules industriels dont 5 capables d\u2019intervenir en sp\u00e9cialit\u00e9 sur la maintenance cryog\u00e9nique et \u00e9preuves de citerne ADR classe 2. Parmi nos prestations, la gestion de parc externalis\u00e9 pour nos clients ; la r\u00e9paration \u00e0 la demande ; la pr\u00e9paration et le passage au contr\u00f4le [&hellip;]\" \/>\n<meta property=\"og:url\" content=\"https:\/\/groupebrun.net\/en\/transport-and-logistics-solutions\/maintenance\/\" \/>\n<meta property=\"og:site_name\" content=\"Groupe Brun\" \/>\n<meta property=\"article:modified_time\" content=\"2024-02-20T17:17:39+00:00\" \/>\n<meta property=\"og:image\" content=\"http:\/\/groupebrun.net\/wp-content\/uploads\/2024\/01\/Video-GIF-1.png\" \/>\n<meta name=\"twitter:card\" content=\"summary_large_image\" \/>\n<meta name=\"twitter:label1\" content=\"Estimated reading time\" \/>\n\t<meta name=\"twitter:data1\" content=\"3 minutes\" \/>\n<script type=\"application\/ld+json\" class=\"yoast-schema-graph\">{\"@context\":\"https:\\\/\\\/schema.org\",\"@graph\":[{\"@type\":\"WebPage\",\"@id\":\"https:\\\/\\\/groupebrun.net\\\/transport-et-solutions-logistiques\\\/maintenance\\\/\",\"url\":\"https:\\\/\\\/groupebrun.net\\\/transport-et-solutions-logistiques\\\/maintenance\\\/\",\"name\":\"Maintenance - Groupe Brun\",\"isPartOf\":{\"@id\":\"https:\\\/\\\/groupebrun.net\\\/#website\"},\"primaryImageOfPage\":{\"@id\":\"https:\\\/\\\/groupebrun.net\\\/transport-et-solutions-logistiques\\\/maintenance\\\/#primaryimage\"},\"image\":{\"@id\":\"https:\\\/\\\/groupebrun.net\\\/transport-et-solutions-logistiques\\\/maintenance\\\/#primaryimage\"},\"thumbnailUrl\":\"http:\\\/\\\/groupebrun.net\\\/wp-content\\\/uploads\\\/2024\\\/01\\\/Video-GIF-1.png\",\"datePublished\":\"2023-11-30T18:30:57+00:00\",\"dateModified\":\"2024-02-20T17:17:39+00:00\",\"breadcrumb\":{\"@id\":\"https:\\\/\\\/groupebrun.net\\\/transport-et-solutions-logistiques\\\/maintenance\\\/#breadcrumb\"},\"inLanguage\":\"en-GB\",\"potentialAction\":[{\"@type\":\"ReadAction\",\"target\":[\"https:\\\/\\\/groupebrun.net\\\/transport-et-solutions-logistiques\\\/maintenance\\\/\"]}]},{\"@type\":\"ImageObject\",\"inLanguage\":\"en-GB\",\"@id\":\"https:\\\/\\\/groupebrun.net\\\/transport-et-solutions-logistiques\\\/maintenance\\\/#primaryimage\",\"url\":\"http:\\\/\\\/groupebrun.net\\\/wp-content\\\/uploads\\\/2024\\\/01\\\/Video-GIF-1.png\",\"contentUrl\":\"http:\\\/\\\/groupebrun.net\\\/wp-content\\\/uploads\\\/2024\\\/01\\\/Video-GIF-1.png\"},{\"@type\":\"BreadcrumbList\",\"@id\":\"https:\\\/\\\/groupebrun.net\\\/transport-et-solutions-logistiques\\\/maintenance\\\/#breadcrumb\",\"itemListElement\":[{\"@type\":\"ListItem\",\"position\":1,\"name\":\"Accueil\",\"item\":\"https:\\\/\\\/groupebrun.net\\\/\"},{\"@type\":\"ListItem\",\"position\":2,\"name\":\"Transport et solutions logistiques\",\"item\":\"https:\\\/\\\/groupebrun.net\\\/transport-et-solutions-logistiques\\\/\"},{\"@type\":\"ListItem\",\"position\":3,\"name\":\"Maintenance\"}]},{\"@type\":\"WebSite\",\"@id\":\"https:\\\/\\\/groupebrun.net\\\/#website\",\"url\":\"https:\\\/\\\/groupebrun.net\\\/\",\"name\":\"Groupe Brun\",\"description\":\"\",\"potentialAction\":[{\"@type\":\"SearchAction\",\"target\":{\"@type\":\"EntryPoint\",\"urlTemplate\":\"https:\\\/\\\/groupebrun.net\\\/?s={search_term_string}\"},\"query-input\":{\"@type\":\"PropertyValueSpecification\",\"valueRequired\":true,\"valueName\":\"search_term_string\"}}],\"inLanguage\":\"en-GB\"}]}<\/script>\n<!-- \/ Yoast SEO plugin. -->","yoast_head_json":{"title":"Maintenance - Groupe Brun","robots":{"index":"index","follow":"follow","max-snippet":"max-snippet:-1","max-image-preview":"max-image-preview:large","max-video-preview":"max-video-preview:-1"},"canonical":"https:\/\/groupebrun.net\/en\/transport-and-logistics-solutions\/maintenance\/","og_locale":"en_GB","og_type":"article","og_title":"Maintenance - Groupe Brun","og_description":"Le Groupe Brun poss\u00e8de 14 ateliers sp\u00e9cialis\u00e9s dans la maintenance des v\u00e9hicules industriels dont 5 capables d\u2019intervenir en sp\u00e9cialit\u00e9 sur la maintenance cryog\u00e9nique et \u00e9preuves de citerne ADR classe 2. Parmi nos prestations, la gestion de parc externalis\u00e9 pour nos clients ; la r\u00e9paration \u00e0 la demande ; la pr\u00e9paration et le passage au contr\u00f4le [&hellip;]","og_url":"https:\/\/groupebrun.net\/en\/transport-and-logistics-solutions\/maintenance\/","og_site_name":"Groupe Brun","article_modified_time":"2024-02-20T17:17:39+00:00","og_image":[{"url":"http:\/\/groupebrun.net\/wp-content\/uploads\/2024\/01\/Video-GIF-1.png","type":"","width":"","height":""}],"twitter_card":"summary_large_image","twitter_misc":{"Estimated reading time":"3 minutes"},"schema":{"@context":"https:\/\/schema.org","@graph":[{"@type":"WebPage","@id":"https:\/\/groupebrun.net\/transport-et-solutions-logistiques\/maintenance\/","url":"https:\/\/groupebrun.net\/transport-et-solutions-logistiques\/maintenance\/","name":"Maintenance - Groupe Brun","isPartOf":{"@id":"https:\/\/groupebrun.net\/#website"},"primaryImageOfPage":{"@id":"https:\/\/groupebrun.net\/transport-et-solutions-logistiques\/maintenance\/#primaryimage"},"image":{"@id":"https:\/\/groupebrun.net\/transport-et-solutions-logistiques\/maintenance\/#primaryimage"},"thumbnailUrl":"http:\/\/groupebrun.net\/wp-content\/uploads\/2024\/01\/Video-GIF-1.png","datePublished":"2023-11-30T18:30:57+00:00","dateModified":"2024-02-20T17:17:39+00:00","breadcrumb":{"@id":"https:\/\/groupebrun.net\/transport-et-solutions-logistiques\/maintenance\/#breadcrumb"},"inLanguage":"en-GB","potentialAction":[{"@type":"ReadAction","target":["https:\/\/groupebrun.net\/transport-et-solutions-logistiques\/maintenance\/"]}]},{"@type":"ImageObject","inLanguage":"en-GB","@id":"https:\/\/groupebrun.net\/transport-et-solutions-logistiques\/maintenance\/#primaryimage","url":"http:\/\/groupebrun.net\/wp-content\/uploads\/2024\/01\/Video-GIF-1.png","contentUrl":"http:\/\/groupebrun.net\/wp-content\/uploads\/2024\/01\/Video-GIF-1.png"},{"@type":"BreadcrumbList","@id":"https:\/\/groupebrun.net\/transport-et-solutions-logistiques\/maintenance\/#breadcrumb","itemListElement":[{"@type":"ListItem","position":1,"name":"Accueil","item":"https:\/\/groupebrun.net\/"},{"@type":"ListItem","position":2,"name":"Transport et solutions logistiques","item":"https:\/\/groupebrun.net\/transport-et-solutions-logistiques\/"},{"@type":"ListItem","position":3,"name":"Maintenance"}]},{"@type":"WebSite","@id":"https:\/\/groupebrun.net\/#website","url":"https:\/\/groupebrun.net\/","name":"Brun Group","description":"","potentialAction":[{"@type":"SearchAction","target":{"@type":"EntryPoint","urlTemplate":"https:\/\/groupebrun.net\/?s={search_term_string}"},"query-input":{"@type":"PropertyValueSpecification","valueRequired":true,"valueName":"search_term_string"}}],"inLanguage":"en-GB"}]}},"_links":{"self":[{"href":"https:\/\/groupebrun.net\/en\/wp-json\/wp\/v2\/pages\/3175","targetHints":{"allow":["GET"]}}],"collection":[{"href":"https:\/\/groupebrun.net\/en\/wp-json\/wp\/v2\/pages"}],"about":[{"href":"https:\/\/groupebrun.net\/en\/wp-json\/wp\/v2\/types\/page"}],"author":[{"embeddable":true,"href":"https:\/\/groupebrun.net\/en\/wp-json\/wp\/v2\/users\/1"}],"replies":[{"embeddable":true,"href":"https:\/\/groupebrun.net\/en\/wp-json\/wp\/v2\/comments?post=3175"}],"version-history":[{"count":22,"href":"https:\/\/groupebrun.net\/en\/wp-json\/wp\/v2\/pages\/3175\/revisions"}],"predecessor-version":[{"id":4581,"href":"https:\/\/groupebrun.net\/en\/wp-json\/wp\/v2\/pages\/3175\/revisions\/4581"}],"up":[{"embeddable":true,"href":"https:\/\/groupebrun.net\/en\/wp-json\/wp\/v2\/pages\/17"}],"wp:attachment":[{"href":"https:\/\/groupebrun.net\/en\/wp-json\/wp\/v2\/media?parent=3175"}],"curies":[{"name":"wp","href":"https:\/\/api.w.org\/{rel}","templated":true}]}}